{"id":810535,"date":"2023-08-24T17:27:16","date_gmt":"2023-08-24T21:27:16","guid":{"rendered":"https:\/\/www.timken.com\/sobre\/natasha-pollock\/"},"modified":"2026-02-25T10:19:53","modified_gmt":"2026-02-25T14:19:53","slug":"natasha-pollock","status":"publish","type":"page","link":"https:\/\/www.timken.com\/pt-br\/sobre\/natasha-pollock\/","title":{"rendered":"Natasha Pollock"},"content":{"rendered":"<p>[et_pb_section fb_built=&#8221;1&#8243; custom_padding_last_edited=&#8221;on|tablet&#8221; admin_label=&#8221;Hero (hero-not-sticky)&#8221; module_class=&#8221;hero-not-sticky&#8221; _builder_version=&#8221;4.21.0&#8243; _module_preset=&#8221;default&#8221; background_image=&#8221;https:\/\/www.timken.com\/wp-content\/uploads\/2016\/07\/Leadership_Hero.jpg&#8221; custom_padding=&#8221;18.5rem||19em||false|false&#8221; custom_padding_tablet=&#8221;18.5em||19em||false|false&#8221; custom_padding_phone=&#8221;14em||2em||false|false&#8221; locked=&#8221;off&#8221; collapsed=&#8221;on&#8221; global_colors_info=&#8221;{}&#8221;][et_pb_row column_structure=&#8221;1_2,1_2&#8243; admin_label=&#8221;Linha (substitui\u00e7\u00e3o de largura de linha)&#8221; module_class=&#8221;rowwidth-override&#8221; _builder_version=&#8221;4.21.0&#8243; _module_preset=&#8221;default&#8221; width_phone=&#8221;100%&#8221; width_last_edited=&#8221;off|desktop&#8221; global_colors_info=&#8221;{}&#8221;][et_pb_column type=&#8221;1_2&#8243; _builder_version=&#8221;4.21.0&#8243; _module_preset=&#8221;default&#8221; global_colors_info=&#8221;{}&#8221;][et_pb_blurb title=&#8221;@ET-DC@eyJkeW5hbWljIjp0cnVlLCJjb250ZW50IjoicG9zdF90aXRsZSIsInNldHRpbmdzIjp7ImJlZm9yZSI6IiIsImFmdGVyIjoiIn19@&#8221; content_max_width=&#8221;100%&#8221; _builder_version=&#8221;4.21.0&#8243; _dynamic_attributes=&#8221;title&#8221; _module_preset=&#8221;default&#8221; header_level=&#8221;h1&#8243; background_layout=&#8221;dark&#8221; global_colors_info=&#8221;{}&#8221;][\/et_pb_blurb][\/et_pb_column][et_pb_column type=&#8221;1_2&#8243; _builder_version=&#8221;4.21.0&#8243; _module_preset=&#8221;default&#8221; global_colors_info=&#8221;{}&#8221;][\/et_pb_column][\/et_pb_row][\/et_pb_section][et_pb_section fb_built=&#8221;1&#8243; make_equal=&#8221;on&#8221; use_custom_gutter=&#8221;on&#8221; gutter_width=&#8221;4&#8243; specialty=&#8221;on&#8221; background_color_2=&#8221;#f6f6f6&#8243; padding_top_1=&#8221;4%&#8221; padding_top_2=&#8221;4%&#8221; padding_right_2=&#8221;2rem&#8221; padding_bottom_1=&#8221;4%&#8221; padding_bottom_2=&#8221;4%&#8221; padding_left_2=&#8221;2rem&#8221; padding_top_bottom_link_1=&#8221;true&#8221; padding_top_bottom_link_2=&#8221;true&#8221; padding_left_right_link_1=&#8221;false&#8221; padding_left_right_link_2=&#8221;true&#8221; module_class_2=&#8221;sidebar&#8221; admin_label=&#8221;Bio (rowwidth-override)&#8221; module_class=&#8221;rowwidth-override&#8221; _builder_version=&#8221;4.21.0&#8243; _module_preset=&#8221;default&#8221; use_background_color_gradient=&#8221;on&#8221; background_color_gradient_direction=&#8221;90deg&#8221; background_color_gradient_stops=&#8221;#ffffff 66%|#f6f6f6 66%&#8221; custom_padding=&#8221;0px||0px||true|false&#8221; background_last_edited=&#8221;on|desktop&#8221; use_background_color_gradient_tablet=&#8221;off&#8221; locked=&#8221;off&#8221; global_colors_info=&#8221;{}&#8221;][et_pb_column type=&#8221;2_3&#8243; specialty_columns=&#8221;2&#8243; _builder_version=&#8221;4.16&#8243; custom_padding=&#8221;|||&#8221; global_colors_info=&#8221;{}&#8221; custom_padding__hover=&#8221;|||&#8221;][et_pb_row_inner admin_label=&#8221;Row (leadership-team)&#8221; module_class=&#8221;leadership-team&#8221; _builder_version=&#8221;4.21.0&#8243; _module_preset=&#8221;default&#8221; custom_padding=&#8221;0px||||false|false&#8221; global_colors_info=&#8221;{}&#8221;][et_pb_column_inner saved_specialty_column_type=&#8221;3_4&#8243; _builder_version=&#8221;4.21.0&#8243; _module_preset=&#8221;default&#8221; global_colors_info=&#8221;{}&#8221;][et_pb_team_member name=&#8221;Natasha Pollock&#8221; position=&#8221;Vice-presidente S\u00eanior e diretora de recursos humanos&#8221; image_url=&#8221;https:\/\/www.timken.com\/wp-content\/uploads\/2022\/08\/Natahsa-Pollock-Leadership-Page-ImageLighter-1.jpg&#8221; _builder_version=&#8221;4.27.5&#8243; _module_preset=&#8221;default&#8221; header_level=&#8221;h2&#8243; header_font=&#8221;|||on|||||&#8221; header_font_size=&#8221;1rem&#8221; position_font_size=&#8221;0.88rem&#8221; hover_enabled=&#8221;0&#8243; global_colors_info=&#8221;{}&#8221; sticky_enabled=&#8221;0&#8243;][\/et_pb_team_member][et_pb_text _builder_version=&#8221;4.21.0&#8243; _module_preset=&#8221;default&#8221; global_colors_info=&#8221;{}&#8221;]<\/p>\n<p>Natasha Pollock \u00e9 vice-presidente de recursos humanos e diretora da The Timken Company.<\/p>\n<p>Nomeada para seu cargo atual em 2022, Pollock lidera uma equipe global de RH encarregada de promover um ambiente voltado para o desempenho que recompensa novas ideias e solu\u00e7\u00f5es que criam impacto. Ela possibilitou a expans\u00e3o geogr\u00e1fica da empresa por meio do desenvolvimento da estrat\u00e9gia global de RH, do talento e da cultura da Timken. Pollock tamb\u00e9m \u00e9 talentoso em lideran\u00e7a e desenvolvimento de talentos, gest\u00e3o de mudan\u00e7as organizacionais complexas, envolvimento dos funcion\u00e1rios e diversidade e inclus\u00e3o no local de trabalho.<\/p>\n<p>Sob a lideran\u00e7a de Pollock, a equipe de RH da Timken continuar\u00e1 a estabelecer a empresa como um empregador preferencial que atrai, envolve e desenvolve uma equipe de solucionadores de problemas de classe mundial. Ela est\u00e1 focada em atrair e promover a pr\u00f3xima gera\u00e7\u00e3o de talentos e, durante sua gest\u00e3o, a Timken foi nomeada uma das Melhores Empregadoras para Rec\u00e9m-Graduados da Am\u00e9rica pela Forbes.<\/p>\n<p>Anteriormente, Pollock atuou como diretora de recursos humanos, onde liderou os parceiros de neg\u00f3cios globais de RH da empresa e foi respons\u00e1vel pelo talento, aprendizagem e desenvolvimento, e pela estrat\u00e9gia de diversidade e inclus\u00e3o. Ao longo de sua carreira na Timken, Pollock ocupou cargos de lideran\u00e7a de RH nos neg\u00f3cios e nas opera\u00e7\u00f5es de fabrica\u00e7\u00e3o da empresa na Europa e nos antigos segmentos de a\u00e7o e rolamentos. Pollock ingressou na Timken em 2001.<\/p>\n<p>Pollock possui mestrado em recursos humanos pela Westminster University, em Londres.<\/p>\n<p>[\/et_pb_text][\/et_pb_column_inner][\/et_pb_row_inner][\/et_pb_column][et_pb_column type=&#8221;1_3&#8243; _builder_version=&#8221;4.16&#8243; custom_padding=&#8221;|||&#8221; global_colors_info=&#8221;{}&#8221; custom_padding__hover=&#8221;|||&#8221;][et_pb_text _builder_version=&#8221;4.22.1&#8243; _module_preset=&#8221;default&#8221; global_colors_info=&#8221;{}&#8221;]<\/p>\n<ul class=\"statement-list statement-list--nav\">\n<li class=\"current-menu-item\"><a href=\"https:\/\/www.timken.com\/pt-br\/sobre\/richard-g-kyle\/\">Richard G. Kyle<\/a><\/li>\n<li><a href=\"https:\/\/www.timken.com\/pt-br\/sobre\/christopher-a-coughlin\/\">Christopher A. Coughlin<\/a><\/li>\n<li><a href=\"https:\/\/www.timken.com\/pt-br\/sobre\/natasha-pollock\/\">Natasha Pollock<\/a><\/li>\n<li><a href=\"https:\/\/www.timken.com\/pt-br\/sobre\/philip-d-fracassa\/\">Philip D. Fracassa<\/a><\/li>\n<li><a href=\"https:\/\/www.timken.com\/pt-br\/sobre\/hansal-n-patel\/\">Hansal N. Patel<\/a><\/li>\n<li><a href=\"https:\/\/www.timken.com\/pt-br\/sobre\/andreas-roellgen\/\">Andreas Roellgen<\/a><\/li>\n<\/ul>\n<p><a class=\"button\" href=\"https:\/\/www.timken.com\/about\/board-of-directors\/\">Board of Directors<\/a><\/p>\n<p>[\/et_pb_text][\/et_pb_column][\/et_pb_section]<\/p>\n","protected":false},"excerpt":{"rendered":"<p>Natasha Pollock Natasha Pollock Vice-presidente&#8230;<\/p>\n","protected":false},"author":51,"featured_media":0,"parent":471185,"menu_order":88,"comment_status":"closed","ping_status":"closed","template":"page-divi.php","meta":{"_acf_changed":false,"_et_pb_use_builder":"on","_et_pb_old_content":"","_et_gb_content_width":"","_oasis_is_in_workflow":0,"_oasis_original":0,"_oasis_task_priority":"","footnotes":""},"class_list":["post-810535","page","type-page","status-publish","hentry"],"acf":[],"yoast_head":"<!-- This site is optimized with the Yoast SEO plugin v27.2 - https:\/\/yoast.com\/product\/yoast-seo-wordpress\/ -->\n<title>Natasha Pollock - Vice-presidente de recursos humanos - The Timken Company<\/title>\n<meta name=\"description\" content=\"Natasha Pollock, vice-presidente de recursos humanos, lidera uma equipe global de RH que promove um ambiente voltado para o desempenho.\" \/>\n<meta name=\"robots\" content=\"index, follow, max-snippet:-1, max-image-preview:large, max-video-preview:-1\" \/>\n<link rel=\"canonical\" href=\"https:\/\/www.timken.com\/pt-br\/sobre\/natasha-pollock\/\" \/>\n<meta property=\"og:locale\" content=\"pt_BR\" \/>\n<meta property=\"og:type\" content=\"article\" \/>\n<meta property=\"og:title\" content=\"The Timken Company - Christopher A. Coughlin, Vice-Presidente Executivo e GP\" \/>\n<meta property=\"og:description\" content=\"Christopher A. Coughlin, vice-presidente executivo e presidente do grupo, \u00e9 respons\u00e1vel pelas atividades relacionadas a rolamentos projetados e garantia de qualidade.\" \/>\n<meta property=\"og:url\" content=\"https:\/\/www.timken.com\/pt-br\/sobre\/natasha-pollock\/\" \/>\n<meta property=\"og:site_name\" content=\"The Timken Company\" \/>\n<meta property=\"article:modified_time\" content=\"2026-02-25T14:19:53+00:00\" \/>\n<meta property=\"og:image\" content=\"https:\/\/www.timken.com\/wp-content\/uploads\/2020\/08\/Timken-WHQ-At-Dusk-1200x630-1.jpg\" \/>\n<meta name=\"twitter:card\" content=\"summary_large_image\" \/>\n<meta name=\"twitter:title\" content=\"The Timken Company - Christopher A. Coughlin, Vice-Presidente Executivo e GP\" \/>\n<meta name=\"twitter:description\" content=\"Christopher A. Coughlin, vice-presidente executivo e presidente do grupo, \u00e9 respons\u00e1vel pelas atividades relacionadas a rolamentos projetados e garantia de qualidade.\" \/>\n<meta name=\"twitter:image\" content=\"https:\/\/www.timken.com\/wp-content\/uploads\/2020\/08\/Timken-WHQ-At-Dusk-1200x630-1.jpg\" \/>\n<meta name=\"twitter:label1\" content=\"Est. tempo de leitura\" \/>\n\t<meta name=\"twitter:data1\" content=\"2 minutos\" \/>\n<script type=\"application\/ld+json\" class=\"yoast-schema-graph\">{\"@context\":\"https:\/\/schema.org\",\"@graph\":[{\"@type\":\"WebPage\",\"@id\":\"https:\/\/www.timken.com\/pt-br\/sobre\/natasha-pollock\/\",\"url\":\"https:\/\/www.timken.com\/pt-br\/sobre\/natasha-pollock\/\",\"name\":\"Natasha Pollock - Vice-presidente de recursos humanos - The Timken Company\",\"isPartOf\":{\"@id\":\"https:\/\/www.timken.com\/pt-br\/#website\"},\"datePublished\":\"2023-08-24T21:27:16+00:00\",\"dateModified\":\"2026-02-25T14:19:53+00:00\",\"description\":\"Natasha Pollock, vice-presidente de recursos humanos, lidera uma equipe global de RH que promove um ambiente voltado para o desempenho.\",\"breadcrumb\":{\"@id\":\"https:\/\/www.timken.com\/pt-br\/sobre\/natasha-pollock\/#breadcrumb\"},\"inLanguage\":\"pt-BR\",\"potentialAction\":[{\"@type\":\"ReadAction\",\"target\":[\"https:\/\/www.timken.com\/pt-br\/sobre\/natasha-pollock\/\"]}]},{\"@type\":\"BreadcrumbList\",\"@id\":\"https:\/\/www.timken.com\/pt-br\/sobre\/natasha-pollock\/#breadcrumb\",\"itemListElement\":[{\"@type\":\"ListItem\",\"position\":1,\"name\":\"Home\",\"item\":\"https:\/\/www.timken.com\/pt-br\/\"},{\"@type\":\"ListItem\",\"position\":2,\"name\":\"Sobre\",\"item\":\"https:\/\/www.timken.com\/pt-br\/sobre\/\"},{\"@type\":\"ListItem\",\"position\":3,\"name\":\"Natasha Pollock\"}]},{\"@type\":\"WebSite\",\"@id\":\"https:\/\/www.timken.com\/pt-br\/#website\",\"url\":\"https:\/\/www.timken.com\/pt-br\/\",\"name\":\"The Timken Company\",\"description\":\"Stronger. By Design.\",\"publisher\":{\"@id\":\"https:\/\/www.timken.com\/pt-br\/#organization\"},\"potentialAction\":[{\"@type\":\"SearchAction\",\"target\":{\"@type\":\"EntryPoint\",\"urlTemplate\":\"https:\/\/www.timken.com\/pt-br\/?s={search_term_string}\"},\"query-input\":{\"@type\":\"PropertyValueSpecification\",\"valueRequired\":true,\"valueName\":\"search_term_string\"}}],\"inLanguage\":\"pt-BR\"},{\"@type\":\"Organization\",\"@id\":\"https:\/\/www.timken.com\/pt-br\/#organization\",\"name\":\"The Timken Company\",\"url\":\"https:\/\/www.timken.com\/pt-br\/\",\"logo\":{\"@type\":\"ImageObject\",\"inLanguage\":\"pt-BR\",\"@id\":\"https:\/\/www.timken.com\/pt-br\/#\/schema\/logo\/image\/\",\"url\":\"https:\/\/www.timken.com\/wp-content\/uploads\/2016\/07\/Timken_logo.png\",\"contentUrl\":\"https:\/\/www.timken.com\/wp-content\/uploads\/2016\/07\/Timken_logo.png\",\"width\":173,\"height\":37,\"caption\":\"The Timken Company\"},\"image\":{\"@id\":\"https:\/\/www.timken.com\/pt-br\/#\/schema\/logo\/image\/\"}}]}<\/script>\n<!-- \/ Yoast SEO plugin. -->","yoast_head_json":{"title":"Natasha Pollock - Vice-presidente de recursos humanos - The Timken Company","description":"Natasha Pollock, vice-presidente de recursos humanos, lidera uma equipe global de RH que promove um ambiente voltado para o desempenho.","robots":{"index":"index","follow":"follow","max-snippet":"max-snippet:-1","max-image-preview":"max-image-preview:large","max-video-preview":"max-video-preview:-1"},"canonical":"https:\/\/www.timken.com\/pt-br\/sobre\/natasha-pollock\/","og_locale":"pt_BR","og_type":"article","og_title":"The Timken Company - Christopher A. Coughlin, Vice-Presidente Executivo e GP","og_description":"Christopher A. Coughlin, vice-presidente executivo e presidente do grupo, \u00e9 respons\u00e1vel pelas atividades relacionadas a rolamentos projetados e garantia de qualidade.","og_url":"https:\/\/www.timken.com\/pt-br\/sobre\/natasha-pollock\/","og_site_name":"The Timken Company","article_modified_time":"2026-02-25T14:19:53+00:00","og_image":[{"url":"https:\/\/www.timken.com\/wp-content\/uploads\/2020\/08\/Timken-WHQ-At-Dusk-1200x630-1.jpg","type":"","width":"","height":""}],"twitter_card":"summary_large_image","twitter_title":"The Timken Company - Christopher A. Coughlin, Vice-Presidente Executivo e GP","twitter_description":"Christopher A. Coughlin, vice-presidente executivo e presidente do grupo, \u00e9 respons\u00e1vel pelas atividades relacionadas a rolamentos projetados e garantia de qualidade.","twitter_image":"https:\/\/www.timken.com\/wp-content\/uploads\/2020\/08\/Timken-WHQ-At-Dusk-1200x630-1.jpg","twitter_misc":{"Est. tempo de leitura":"2 minutos"},"schema":{"@context":"https:\/\/schema.org","@graph":[{"@type":"WebPage","@id":"https:\/\/www.timken.com\/pt-br\/sobre\/natasha-pollock\/","url":"https:\/\/www.timken.com\/pt-br\/sobre\/natasha-pollock\/","name":"Natasha Pollock - Vice-presidente de recursos humanos - The Timken Company","isPartOf":{"@id":"https:\/\/www.timken.com\/pt-br\/#website"},"datePublished":"2023-08-24T21:27:16+00:00","dateModified":"2026-02-25T14:19:53+00:00","description":"Natasha Pollock, vice-presidente de recursos humanos, lidera uma equipe global de RH que promove um ambiente voltado para o desempenho.","breadcrumb":{"@id":"https:\/\/www.timken.com\/pt-br\/sobre\/natasha-pollock\/#breadcrumb"},"inLanguage":"pt-BR","potentialAction":[{"@type":"ReadAction","target":["https:\/\/www.timken.com\/pt-br\/sobre\/natasha-pollock\/"]}]},{"@type":"BreadcrumbList","@id":"https:\/\/www.timken.com\/pt-br\/sobre\/natasha-pollock\/#breadcrumb","itemListElement":[{"@type":"ListItem","position":1,"name":"Home","item":"https:\/\/www.timken.com\/pt-br\/"},{"@type":"ListItem","position":2,"name":"Sobre","item":"https:\/\/www.timken.com\/pt-br\/sobre\/"},{"@type":"ListItem","position":3,"name":"Natasha Pollock"}]},{"@type":"WebSite","@id":"https:\/\/www.timken.com\/pt-br\/#website","url":"https:\/\/www.timken.com\/pt-br\/","name":"The Timken Company","description":"Stronger. By Design.","publisher":{"@id":"https:\/\/www.timken.com\/pt-br\/#organization"},"potentialAction":[{"@type":"SearchAction","target":{"@type":"EntryPoint","urlTemplate":"https:\/\/www.timken.com\/pt-br\/?s={search_term_string}"},"query-input":{"@type":"PropertyValueSpecification","valueRequired":true,"valueName":"search_term_string"}}],"inLanguage":"pt-BR"},{"@type":"Organization","@id":"https:\/\/www.timken.com\/pt-br\/#organization","name":"The Timken Company","url":"https:\/\/www.timken.com\/pt-br\/","logo":{"@type":"ImageObject","inLanguage":"pt-BR","@id":"https:\/\/www.timken.com\/pt-br\/#\/schema\/logo\/image\/","url":"https:\/\/www.timken.com\/wp-content\/uploads\/2016\/07\/Timken_logo.png","contentUrl":"https:\/\/www.timken.com\/wp-content\/uploads\/2016\/07\/Timken_logo.png","width":173,"height":37,"caption":"The Timken Company"},"image":{"@id":"https:\/\/www.timken.com\/pt-br\/#\/schema\/logo\/image\/"}}]}},"_links":{"self":[{"href":"https:\/\/www.timken.com\/pt-br\/wp-json\/wp\/v2\/pages\/810535","targetHints":{"allow":["GET"]}}],"collection":[{"href":"https:\/\/www.timken.com\/pt-br\/wp-json\/wp\/v2\/pages"}],"about":[{"href":"https:\/\/www.timken.com\/pt-br\/wp-json\/wp\/v2\/types\/page"}],"author":[{"embeddable":true,"href":"https:\/\/www.timken.com\/pt-br\/wp-json\/wp\/v2\/users\/51"}],"replies":[{"embeddable":true,"href":"https:\/\/www.timken.com\/pt-br\/wp-json\/wp\/v2\/comments?post=810535"}],"version-history":[{"count":1,"href":"https:\/\/www.timken.com\/pt-br\/wp-json\/wp\/v2\/pages\/810535\/revisions"}],"predecessor-version":[{"id":878663,"href":"https:\/\/www.timken.com\/pt-br\/wp-json\/wp\/v2\/pages\/810535\/revisions\/878663"}],"up":[{"embeddable":true,"href":"https:\/\/www.timken.com\/pt-br\/wp-json\/wp\/v2\/pages\/471185"}],"wp:attachment":[{"href":"https:\/\/www.timken.com\/pt-br\/wp-json\/wp\/v2\/media?parent=810535"}],"curies":[{"name":"wp","href":"https:\/\/api.w.org\/{rel}","templated":true}]}}