{"id":7154,"date":"2016-09-30T13:27:00","date_gmt":"2016-09-30T17:27:00","guid":{"rendered":"https:\/\/www.timken.com\/pt-br\/?page_id=7154"},"modified":"2025-01-06T17:29:00","modified_gmt":"2025-01-06T21:29:00","slug":"beneficios","status":"publish","type":"page","link":"https:\/\/www.timken.com\/pt-br\/carreiras\/beneficios\/","title":{"rendered":"Benef\u00edcios"},"content":{"rendered":"<h2>A Timken oferece benef\u00edcios atrativos<\/h2>\n<p>Tenha um sal\u00e1rio competitivo e outros benef\u00edcios com base no desempenho individual e corporativo.<\/p>\n<p>Receba um pacote abrangente de benef\u00edcios que podem incluir sa\u00fade, assist\u00eancia social, bem-estar, aposentadoria, f\u00e9rias e programas de licen\u00e7a.<\/p>\n<p>Aprenda\u00a0mais por meio de experi\u00eancias pr\u00e1ticas e treinamentos presenciais e on-line. Melhore seus conhecimentos em \u00e1reas relacionadas \u00e0 sua carreira, com reembolso de despesas educacionais.<\/p>\n<p>Receba aux\u00edlio de transfer\u00eancia para despesas qualificadas, se eleg\u00edvel .<\/p>\n","protected":false},"excerpt":{"rendered":"<p>A Timken oferece benef\u00edcios atrativos Tenha um sal\u00e1rio competitivo e outros benef\u00edcios com base no desempenho individual e corporativo. Receba um pacote abrangente de benef\u00edcios que podem incluir sa\u00fade, assist\u00eancia social, bem-estar, aposentadoria, f\u00e9rias e programas de licen\u00e7a. Aprenda\u00a0mais por meio de experi\u00eancias pr\u00e1ticas e treinamentos presenciais e on-line. Melhore seus conhecimentos em \u00e1reas relacionadas [&hellip;]<\/p>\n","protected":false},"author":1,"featured_media":0,"parent":7165,"menu_order":0,"comment_status":"closed","ping_status":"closed","template":"templates\/template-long.php","meta":{"_acf_changed":false,"_et_pb_use_builder":"","_et_pb_old_content":"","_et_gb_content_width":"","_oasis_is_in_workflow":0,"_oasis_original":0,"_oasis_task_priority":"2normal","footnotes":""},"class_list":["post-7154","page","type-page","status-publish","hentry"],"acf":[],"yoast_head":"<!-- This site is optimized with the Yoast SEO plugin v27.2 - https:\/\/yoast.com\/product\/yoast-seo-wordpress\/ -->\n<title>Benef\u00edcios para funcion\u00e1rios | Carreiras na The Timken Company<\/title>\n<meta name=\"description\" content=\"The Timken Company cuida de seus funcion\u00e1rios. Veja nossos Benef\u00edcios para funcion\u00e1rios criados para atrair os melhores talentos e reter nossos funcion\u00e1rios valiosos.\" \/>\n<meta name=\"robots\" content=\"index, follow, max-snippet:-1, max-image-preview:large, max-video-preview:-1\" \/>\n<link rel=\"canonical\" href=\"https:\/\/www.timken.com\/pt-br\/carreiras\/beneficios\/\" \/>\n<meta property=\"og:locale\" content=\"pt_BR\" \/>\n<meta property=\"og:type\" content=\"article\" \/>\n<meta property=\"og:title\" content=\"Benef\u00edcios para funcion\u00e1rios | Carreiras na The Timken Company\" \/>\n<meta property=\"og:description\" content=\"The Timken Company cuida de seus funcion\u00e1rios. Veja nossos Benef\u00edcios para funcion\u00e1rios criados para atrair os melhores talentos e reter nossos funcion\u00e1rios valiosos.\" \/>\n<meta property=\"og:url\" content=\"https:\/\/www.timken.com\/pt-br\/carreiras\/beneficios\/\" \/>\n<meta property=\"og:site_name\" content=\"The Timken Company\" \/>\n<meta property=\"article:modified_time\" content=\"2025-01-06T21:29:00+00:00\" \/>\n<meta name=\"twitter:card\" content=\"summary_large_image\" \/>\n<meta name=\"twitter:label1\" content=\"Est. tempo de leitura\" \/>\n\t<meta name=\"twitter:data1\" content=\"1 minuto\" \/>\n<script type=\"application\/ld+json\" class=\"yoast-schema-graph\">{\"@context\":\"https:\/\/schema.org\",\"@graph\":[{\"@type\":\"WebPage\",\"@id\":\"https:\/\/www.timken.com\/pt-br\/carreiras\/beneficios\/\",\"url\":\"https:\/\/www.timken.com\/pt-br\/carreiras\/beneficios\/\",\"name\":\"Benef\u00edcios para funcion\u00e1rios | Carreiras na The Timken Company\",\"isPartOf\":{\"@id\":\"https:\/\/www.timken.com\/pt-br\/#website\"},\"datePublished\":\"2016-09-30T17:27:00+00:00\",\"dateModified\":\"2025-01-06T21:29:00+00:00\",\"description\":\"The Timken Company cuida de seus funcion\u00e1rios. Veja nossos Benef\u00edcios para funcion\u00e1rios criados para atrair os melhores talentos e reter nossos funcion\u00e1rios valiosos.\",\"breadcrumb\":{\"@id\":\"https:\/\/www.timken.com\/pt-br\/carreiras\/beneficios\/#breadcrumb\"},\"inLanguage\":\"pt-BR\",\"potentialAction\":[{\"@type\":\"ReadAction\",\"target\":[\"https:\/\/www.timken.com\/pt-br\/carreiras\/beneficios\/\"]}]},{\"@type\":\"BreadcrumbList\",\"@id\":\"https:\/\/www.timken.com\/pt-br\/carreiras\/beneficios\/#breadcrumb\",\"itemListElement\":[{\"@type\":\"ListItem\",\"position\":1,\"name\":\"Home\",\"item\":\"https:\/\/www.timken.com\/pt-br\/\"},{\"@type\":\"ListItem\",\"position\":2,\"name\":\"Carreiras\",\"item\":\"https:\/\/www.timken.com\/pt-br\/carreiras\/\"},{\"@type\":\"ListItem\",\"position\":3,\"name\":\"Benef\u00edcios\"}]},{\"@type\":\"WebSite\",\"@id\":\"https:\/\/www.timken.com\/pt-br\/#website\",\"url\":\"https:\/\/www.timken.com\/pt-br\/\",\"name\":\"The Timken Company\",\"description\":\"Stronger. By Design.\",\"publisher\":{\"@id\":\"https:\/\/www.timken.com\/pt-br\/#organization\"},\"potentialAction\":[{\"@type\":\"SearchAction\",\"target\":{\"@type\":\"EntryPoint\",\"urlTemplate\":\"https:\/\/www.timken.com\/pt-br\/?s={search_term_string}\"},\"query-input\":{\"@type\":\"PropertyValueSpecification\",\"valueRequired\":true,\"valueName\":\"search_term_string\"}}],\"inLanguage\":\"pt-BR\"},{\"@type\":\"Organization\",\"@id\":\"https:\/\/www.timken.com\/pt-br\/#organization\",\"name\":\"The Timken Company\",\"url\":\"https:\/\/www.timken.com\/pt-br\/\",\"logo\":{\"@type\":\"ImageObject\",\"inLanguage\":\"pt-BR\",\"@id\":\"https:\/\/www.timken.com\/pt-br\/#\/schema\/logo\/image\/\",\"url\":\"https:\/\/www.timken.com\/wp-content\/uploads\/2016\/07\/Timken_logo.png\",\"contentUrl\":\"https:\/\/www.timken.com\/wp-content\/uploads\/2016\/07\/Timken_logo.png\",\"width\":173,\"height\":37,\"caption\":\"The Timken Company\"},\"image\":{\"@id\":\"https:\/\/www.timken.com\/pt-br\/#\/schema\/logo\/image\/\"}}]}<\/script>\n<!-- \/ Yoast SEO plugin. -->","yoast_head_json":{"title":"Benef\u00edcios para funcion\u00e1rios | Carreiras na The Timken Company","description":"The Timken Company cuida de seus funcion\u00e1rios. Veja nossos Benef\u00edcios para funcion\u00e1rios criados para atrair os melhores talentos e reter nossos funcion\u00e1rios valiosos.","robots":{"index":"index","follow":"follow","max-snippet":"max-snippet:-1","max-image-preview":"max-image-preview:large","max-video-preview":"max-video-preview:-1"},"canonical":"https:\/\/www.timken.com\/pt-br\/carreiras\/beneficios\/","og_locale":"pt_BR","og_type":"article","og_title":"Benef\u00edcios para funcion\u00e1rios | Carreiras na The Timken Company","og_description":"The Timken Company cuida de seus funcion\u00e1rios. Veja nossos Benef\u00edcios para funcion\u00e1rios criados para atrair os melhores talentos e reter nossos funcion\u00e1rios valiosos.","og_url":"https:\/\/www.timken.com\/pt-br\/carreiras\/beneficios\/","og_site_name":"The Timken Company","article_modified_time":"2025-01-06T21:29:00+00:00","twitter_card":"summary_large_image","twitter_misc":{"Est. tempo de leitura":"1 minuto"},"schema":{"@context":"https:\/\/schema.org","@graph":[{"@type":"WebPage","@id":"https:\/\/www.timken.com\/pt-br\/carreiras\/beneficios\/","url":"https:\/\/www.timken.com\/pt-br\/carreiras\/beneficios\/","name":"Benef\u00edcios para funcion\u00e1rios | Carreiras na The Timken Company","isPartOf":{"@id":"https:\/\/www.timken.com\/pt-br\/#website"},"datePublished":"2016-09-30T17:27:00+00:00","dateModified":"2025-01-06T21:29:00+00:00","description":"The Timken Company cuida de seus funcion\u00e1rios. Veja nossos Benef\u00edcios para funcion\u00e1rios criados para atrair os melhores talentos e reter nossos funcion\u00e1rios valiosos.","breadcrumb":{"@id":"https:\/\/www.timken.com\/pt-br\/carreiras\/beneficios\/#breadcrumb"},"inLanguage":"pt-BR","potentialAction":[{"@type":"ReadAction","target":["https:\/\/www.timken.com\/pt-br\/carreiras\/beneficios\/"]}]},{"@type":"BreadcrumbList","@id":"https:\/\/www.timken.com\/pt-br\/carreiras\/beneficios\/#breadcrumb","itemListElement":[{"@type":"ListItem","position":1,"name":"Home","item":"https:\/\/www.timken.com\/pt-br\/"},{"@type":"ListItem","position":2,"name":"Carreiras","item":"https:\/\/www.timken.com\/pt-br\/carreiras\/"},{"@type":"ListItem","position":3,"name":"Benef\u00edcios"}]},{"@type":"WebSite","@id":"https:\/\/www.timken.com\/pt-br\/#website","url":"https:\/\/www.timken.com\/pt-br\/","name":"The Timken Company","description":"Stronger. By Design.","publisher":{"@id":"https:\/\/www.timken.com\/pt-br\/#organization"},"potentialAction":[{"@type":"SearchAction","target":{"@type":"EntryPoint","urlTemplate":"https:\/\/www.timken.com\/pt-br\/?s={search_term_string}"},"query-input":{"@type":"PropertyValueSpecification","valueRequired":true,"valueName":"search_term_string"}}],"inLanguage":"pt-BR"},{"@type":"Organization","@id":"https:\/\/www.timken.com\/pt-br\/#organization","name":"The Timken Company","url":"https:\/\/www.timken.com\/pt-br\/","logo":{"@type":"ImageObject","inLanguage":"pt-BR","@id":"https:\/\/www.timken.com\/pt-br\/#\/schema\/logo\/image\/","url":"https:\/\/www.timken.com\/wp-content\/uploads\/2016\/07\/Timken_logo.png","contentUrl":"https:\/\/www.timken.com\/wp-content\/uploads\/2016\/07\/Timken_logo.png","width":173,"height":37,"caption":"The Timken Company"},"image":{"@id":"https:\/\/www.timken.com\/pt-br\/#\/schema\/logo\/image\/"}}]}},"_links":{"self":[{"href":"https:\/\/www.timken.com\/pt-br\/wp-json\/wp\/v2\/pages\/7154","targetHints":{"allow":["GET"]}}],"collection":[{"href":"https:\/\/www.timken.com\/pt-br\/wp-json\/wp\/v2\/pages"}],"about":[{"href":"https:\/\/www.timken.com\/pt-br\/wp-json\/wp\/v2\/types\/page"}],"author":[{"embeddable":true,"href":"https:\/\/www.timken.com\/pt-br\/wp-json\/wp\/v2\/users\/1"}],"replies":[{"embeddable":true,"href":"https:\/\/www.timken.com\/pt-br\/wp-json\/wp\/v2\/comments?post=7154"}],"version-history":[{"count":0,"href":"https:\/\/www.timken.com\/pt-br\/wp-json\/wp\/v2\/pages\/7154\/revisions"}],"up":[{"embeddable":true,"href":"https:\/\/www.timken.com\/pt-br\/wp-json\/wp\/v2\/pages\/7165"}],"wp:attachment":[{"href":"https:\/\/www.timken.com\/pt-br\/wp-json\/wp\/v2\/media?parent=7154"}],"curies":[{"name":"wp","href":"https:\/\/api.w.org\/{rel}","templated":true}]}}