{"id":390457,"date":"2020-02-18T11:29:25","date_gmt":"2020-02-18T15:29:25","guid":{"rendered":"https:\/\/www.timken.com\/?page_id=390457\/"},"modified":"2026-01-23T10:55:01","modified_gmt":"2026-01-23T14:55:01","slug":"politica-de-cookies","status":"publish","type":"page","link":"https:\/\/www.timken.com\/pl\/politica-de-cookies\/","title":{"rendered":"ZASADY DOTYCZ\u0104CE PLIK\u00d3W COOKIE"},"content":{"rendered":"<h2>ZASADY DOTYCZ\u0104CE PLIK\u00d3W COOKIE<\/h2>\n<h3>Co to s\u0105 pliki cookie, jak s\u0105 wykorzystywane i jak mo\u017cna zapobiec ich wykorzystywaniu?<\/h3>\n<p>Plik cookie to zainstalowany w przegl\u0105darce i przechowywany w pami\u0119ci komputera lub urz\u0105dzenia u\u017cytkownika fragment kodu, kt\u00f3ry gromadzi informacje na temat korzystania z naszej witryny w celu zapewniania jej sprawnego dzia\u0142ania i doskonalenia komfortu u\u017cytkowania. Nasza witryna wykorzystuje pliki cookie sesji, czyli tymczasowe pliki cookie usuwane z komputera lub urz\u0105dzenia u\u017cytkownika po zamkni\u0119ciu przegl\u0105darki, oraz trwa\u0142e pliki cookie, kt\u00f3re s\u0105 przechowywane w podfolderach przegl\u0105darki po jej zamkni\u0119ciu. U\u017cytkownik mo\u017ce usun\u0105\u0107 trwa\u0142e pliki cookie z historii przegl\u0105darki.<\/p>\n<p>Nasza witryna wykorzystuje pliki cookie do zapisywania sesji i realizowania innych czynno\u015bci niezb\u0119dnych do obs\u0142ugi witryny, na przyk\u0142ad w zwi\u0105zku z zarz\u0105dzaniem ruchem w witrynie. Poni\u017cej przedstawiono rodzaje plik\u00f3w cookie, kt\u00f3re s\u0105 wykorzystywane w naszej witrynie.<\/p>\n<h3>Jakie informacje gromadzimy?<\/h3>\n<p><iframe loading=\"lazy\" id=\"trustarc-tracker-iframe\" src=\"https:\/\/tracker-detail-page.trustarc.com\/#\/?domain=5623&amp;category=0\" name=\"trustarc-tracker-iframe\" width=\"100%\" height=\"1551\" frameborder=\"0\" scrolling=\"yes\"><\/iframe><\/p>\n<h3>Jakie narz\u0119dzia do \u015bledzenia wykorzystuje nasza witryna?<\/h3>\n<p>Niekt\u00f3re podane ni\u017cej us\u0142ugi wykorzystuj\u0105 r\u00f3wnie\u017c pliki cookie do gromadzenia statystyk w zanonimizowanej i zbiorczej formie oraz do \u015bledzenia nawyk\u00f3w przegl\u0105dania u\u017cytkownika.<\/p>\n<h4>Google Analytics<\/h4>\n<p>Instaluje trwa\u0142e pliki cookie w celu obliczania danych na temat odwiedzaj\u0105cych, sesji i kampanii oraz \u015bledzenia sposobu korzystania z witryny na potrzeby raportu z analizy witryny, a tak\u017ce w celu zrozumienia interakcji u\u017cytkownika z witryn\u0105. Te trwa\u0142e pliki cookie przechowuj\u0105 informacje anonimowo i przypisuj\u0105 unikalnym odwiedzaj\u0105cym losowo generowane identyfikatory. Google Analytics instaluje r\u00f3wnie\u017c pliki cookie sesji z wzorem umieszczonym w nazwie zawieraj\u0105cej niepowtarzalny identyfikator konta lub witryny, kt\u00f3rych plik dotyczy.<\/p>\n<p>Aby uzyska\u0107 wi\u0119cej informacji na temat sposobu wykorzystywania plik\u00f3w cookie us\u0142ugi Google Analytics lub zrealizowa\u0107 prawo wyboru dotycz\u0105ce takich plik\u00f3w cookie, nale\u017cy odwiedzi\u0107 stron\u0119 <a href=\"https:\/\/tools.google.com\/dlpage\/gaoptout\" target=\"_blank\" rel=\"noopener noreferrer\">Dodatek do przegl\u0105darki blokuj\u0105cy Google Analytics.<\/a><\/p>\n<h4>Googe Maps<\/h4>\n<p>Instaluje trwa\u0142e pliki cookie w celu obliczania danych na temat odwiedzaj\u0105cych, sesji i kampanii oraz \u015bledzenia sposobu korzystania z witryny na potrzeby raportu z analizy witryny, a tak\u017ce w celu zrozumienia interakcji u\u017cytkownika z witryn\u0105. Te trwa\u0142e pliki cookie przechowuj\u0105 informacje anonimowo i przypisuj\u0105 unikalnym odwiedzaj\u0105cym losowo generowane identyfikatory.<\/p>\n<h4>LinkedIn<\/h4>\n<p>Instaluje trwa\u0142e pliki cookie w celu umo\u017cliwienia realizacji funkcji LinkedIn na stronie i na potrzeby trasowania bezpo\u015brednio do witryny LinkedIn. LinkedIn instaluje tak\u017ce pliki cookie sesji s\u0142u\u017c\u0105ce do \u015bledzenia stanu u\u017cytkownik\u00f3w na przestrzeni wielu \u017c\u0105da\u0144 strony oraz przechowywania preferencji j\u0119zykowych u\u017cytkownika w celu dostarczania mu tre\u015bci w wybranym j\u0119zyku przy nast\u0119pnych odwiedzinach w witrynie.<\/p>\n<h4>WordPress<\/h4>\n<p>Instaluje trwa\u0142e pliki cookie przechowuj\u0105ce ustawienia administracyjne u\u017cytkownik\u00f3w. WordPress u\u017cywa r\u00f3wnie\u017c trwa\u0142ych plik\u00f3w cookie i plik\u00f3w cookie sesji do zapisywania godziny, o kt\u00f3rej utworzono ustawienia WordPress.<\/p>\n<h3>Co si\u0119 dzieje, gdy u\u017cytkownik kliknie \u0142\u0105cze prowadz\u0105ce do platformy os\u00f3b trzecich?<\/h3>\n<h4>Wy\u015bwietlanie tre\u015bci z zewn\u0119trznych platform<\/h4>\n<p>Tego typu us\u0142ugi pozwalaj\u0105 u\u017cytkownikowi wy\u015bwietla\u0107 tre\u015bci z zewn\u0119trznych platform bezpo\u015brednio na stronach niniejszej witryny oraz wchodzi\u0107 z nimi w interakcj\u0119. Us\u0142ugi te mog\u0105 gromadzi\u0107 dane dotycz\u0105ce ruchu w sieci ze stron, na kt\u00f3rych us\u0142uga jest zainstalowana, nawet je\u015bli u\u017cytkownik nie wykona \u017cadnych dalszych czynno\u015bci w witrynie us\u0142ug.<\/p>\n<p style=\"padding-left: 50px;\"><i>Widget wideo serwisu YouTube (Google Inc.)<\/i><br \/>\nYouTube to dostarczana przez firm\u0119 Google Inc. us\u0142uga odtwarzania tre\u015bci wideo, kt\u00f3ra pozwala wy\u015bwietla\u0107 tre\u015bci tego typu na stronach tej witryny.<\/p><p style=\"padding-left: 50px;\"><i>Twitter<\/i><br \/>\nW witrynie wyst\u0119puje identyfikuj\u0105cy przycisk Udost\u0119pnij prowadz\u0105cy bezpo\u015brednio do serwisu Twitter, ale witryna nie gromadzi dla niego \u017cadnych plik\u00f3w cookie.<\/p><p style=\"padding-left: 50px;\"><i>Facebook<\/i><br \/>\nW witrynie wyst\u0119puje identyfikuj\u0105cy przycisk Udost\u0119pnij prowadz\u0105cy bezpo\u015brednio do serwisu Facebook, ale witryna nie gromadzi dla niego \u017cadnych plik\u00f3w cookie.<\/p>\n<h3>Jak wy\u0142\u0105czy\u0107 pliki cookie?<\/h3>\n<p>U\u017cytkownik mo\u017ce zarz\u0105dza\u0107 preferencjami plik\u00f3w cookie bezpo\u015brednio we w\u0142asnej przegl\u0105darce i przyk\u0142adowo zapobiega\u0107 instalowaniu plik\u00f3w cookie przez osoby trzecie. Z poziomu preferencji przegl\u0105darki mo\u017cna tak\u017ce usun\u0105\u0107 zainstalowane w przesz\u0142o\u015bci pliki cookie, w tym pliki cookie, kt\u00f3re mog\u0142y zapisa\u0107 pocz\u0105tkow\u0105 zgod\u0119 na instalacj\u0119 plik\u00f3w cookie przez t\u0119 witryn\u0119. Uwaga: w przypadku wy\u0142\u0105czenia plik\u00f3w cookie w naszej witrynie niekt\u00f3re strony mog\u0105 nie wy\u015bwietla\u0107 si\u0119 poprawnie, a u\u017cytkownik mo\u017ce nie by\u0107 w stanie korzysta\u0107 ze wszystkich oferowanych przez nas funkcji lub zapisywa\u0107 swoich preferencji.<\/p>\n<p data-start=\"525\" data-end=\"629\">Ponadto mo\u017cesz wy\u0142\u0105czy\u0107 obs\u0142ug\u0119 plik\u00f3w cookie wy\u0142\u0105cznie dla naszej witryny, zarz\u0105dzaj\u0105c swoimi preferencjami poni\u017cej:<\/p>\n<div id=\"teconsent\" class=\"truste_caIcon_display\" role=\"complementary\" aria-label=\"Open Cookie Preferences Modal\"><\/div><p>Oto \u0142\u0105cza do zarz\u0105dzania plikami cookie w popularnych przegl\u0105darkach internetowych:<\/p>\n<p><a href=\"https:\/\/support.google.com\/accounts\/answer\/32050\" target=\"_blank\" rel=\"noopener noreferrer\">Google Chrome <\/a><\/p>\n<p><a href=\"https:\/\/support.microsoft.com\/kb\/278835\" target=\"_blank\" rel=\"noopener noreferrer\">Internet Explorer<\/a><\/p>\n<p><a href=\"https:\/\/support.mozilla.org\/en-US\/kb\/delete-cookies-remove-info-websites-stored\" target=\"_blank\" rel=\"noopener noreferrer\">Firefox<\/a><\/p>\n<p><a href=\"https:\/\/support.apple.com\/guide\/safari\/manage-cookies-and-website-data-sfri11471\/mac\" target=\"_blank\" rel=\"noopener noreferrer\">Safari<\/a><\/p>\n<p>W przypadku innych przegl\u0105darek internetowych nale\u017cy odnie\u015b\u0107 si\u0119 do instrukcji w sekcji pomocy przegl\u0105darki lub odwiedzi\u0107 witryn\u0119 <a href=\"https:\/\/www.allaboutcookies.org\/\" target=\"_blank\" rel=\"noopener noreferrer\">allaboutcookies.org<\/a>. W odniesieniu do plik\u00f3w cookie instalowanych przez osoby trzecie u\u017cytkownik mo\u017ce zarz\u0105dza\u0107 preferencjami na sposoby przewidziane w zasadach dotycz\u0105cych ochrony prywatno\u015bci danej osoby trzeciej lub kontaktuj\u0105c si\u0119 z tym podmiotem.<\/p>\n<p>Aby uzyska\u0107 wi\u0119cej informacji na temat niekt\u00f3rych plik\u00f3w cookie u\u017cywanych przez osoby trzecie w reklamach opartych na zainteresowaniach u\u017cytkownika, w tym na temat \u015bledzenia aktywno\u015bci u\u017cytkownika korzystaj\u0105cego z wielu urz\u0105dze\u0144, lub aby zrealizowa\u0107 swoje prawa wyboru dotycz\u0105ce takich plik\u00f3w cookie, nale\u017cy odwiedzi\u0107 strony <a href=\"https:\/\/optout.aboutads.info\/#!\/\">Digital Advertising Alliance<\/a>, <a href=\"https:\/\/optout.networkadvertising.org\/#\/\">Network Advertising Initiative<\/a>, <a href=\"https:\/\/youradchoices.ca\/choices\">Digital Advertising Alliance-Canada<\/a>, <a href=\"https:\/\/www.youronlinechoices.com\/\">European Interactive Digital Advertising Alliance<\/a> lub ustawienia urz\u0105dzenia, je\u015bli u\u017cytkownika posiada DAA b\u0105d\u017a inn\u0105 aplikacj\u0119 mobiln\u0105.<\/p>\n<h3>W\u0142a\u015bciciel i administrator danych<\/h3>\n<p>The Timken Company (US)<br \/>\n4500 Mount Pleasant Street NW<br \/>\nNorth Canton, Ohio 44720, USA<br \/>\nKontakt: Data Privacy Office<br \/>\nE-mail: <a href=\"mailto:DataPrivacyOffice@timken.com\">DataPrivacyOffice@timken.com<\/a><br \/>\nNr telefonu: +1-234-262-2207; linia bezp\u0142atna (w Stanach Zjednoczonych): +1-866-846-5369<\/p>\n","protected":false},"excerpt":{"rendered":"<p>ZASADY DOTYCZ\u0104CE PLIK\u00d3W COOKIE Co to s\u0105 pliki cookie, jak s\u0105 wykorzystywane i jak mo\u017cna zapobiec ich wykorzystywaniu? Plik cookie to zainstalowany w przegl\u0105darce i przechowywany w pami\u0119ci komputera lub urz\u0105dzenia u\u017cytkownika fragment kodu, kt\u00f3ry gromadzi informacje na temat korzystania z naszej witryny w celu zapewniania jej sprawnego dzia\u0142ania i doskonalenia komfortu u\u017cytkowania. Nasza witryna [&hellip;]<\/p>\n","protected":false},"author":1,"featured_media":0,"parent":0,"menu_order":54,"comment_status":"closed","ping_status":"closed","template":"","meta":{"_acf_changed":false,"_et_pb_use_builder":"","_et_pb_old_content":"","_et_gb_content_width":"","_oasis_is_in_workflow":0,"_oasis_original":0,"_oasis_task_priority":"","footnotes":""},"class_list":["post-390457","page","type-page","status-publish","hentry"],"acf":[],"yoast_head":"<!-- This site is optimized with the Yoast SEO plugin v27.2 - https:\/\/yoast.com\/product\/yoast-seo-wordpress\/ -->\n<title>ZASADY DOTYCZ\u0104CE PLIK\u00d3W COOKIE - The Timken Company<\/title>\n<meta name=\"description\" content=\"ZASADY DOTYCZ\u0104CE PLIK\u00d3W COOKIE Co to s\u0105 pliki cookie, jak s\u0105 wykorzystywane i jak mo\u017cna zapobiec ich wykorzystywaniu? Plik cookie to zainstalowany w\" \/>\n<meta name=\"robots\" content=\"index, follow, max-snippet:-1, max-image-preview:large, max-video-preview:-1\" \/>\n<link rel=\"canonical\" href=\"https:\/\/www.timken.com\/pl\/politica-de-cookies\/\" \/>\n<meta property=\"og:locale\" content=\"pl_PL\" \/>\n<meta property=\"og:type\" content=\"article\" \/>\n<meta property=\"og:title\" content=\"ZASADY DOTYCZ\u0104CE PLIK\u00d3W COOKIE - The Timken Company\" \/>\n<meta property=\"og:description\" content=\"ZASADY DOTYCZ\u0104CE PLIK\u00d3W COOKIE Co to s\u0105 pliki cookie, jak s\u0105 wykorzystywane i jak mo\u017cna zapobiec ich wykorzystywaniu? Plik cookie to zainstalowany w\" \/>\n<meta property=\"og:url\" content=\"https:\/\/www.timken.com\/pl\/politica-de-cookies\/\" \/>\n<meta property=\"og:site_name\" content=\"The Timken Company\" \/>\n<meta property=\"article:modified_time\" content=\"2026-01-23T14:55:01+00:00\" \/>\n<meta name=\"twitter:card\" content=\"summary_large_image\" \/>\n<meta name=\"twitter:label1\" content=\"Szacowany czas czytania\" \/>\n\t<meta name=\"twitter:data1\" content=\"4 minuty\" \/>\n<script type=\"application\/ld+json\" class=\"yoast-schema-graph\">{\"@context\":\"https:\/\/schema.org\",\"@graph\":[{\"@type\":\"WebPage\",\"@id\":\"https:\/\/www.timken.com\/pl\/politica-de-cookies\/\",\"url\":\"https:\/\/www.timken.com\/pl\/politica-de-cookies\/\",\"name\":\"ZASADY DOTYCZ\u0104CE PLIK\u00d3W COOKIE - The Timken Company\",\"isPartOf\":{\"@id\":\"https:\/\/www.timken.com\/pl\/#website\"},\"datePublished\":\"2020-02-18T15:29:25+00:00\",\"dateModified\":\"2026-01-23T14:55:01+00:00\",\"description\":\"ZASADY DOTYCZ\u0104CE PLIK\u00d3W COOKIE Co to s\u0105 pliki cookie, jak s\u0105 wykorzystywane i jak mo\u017cna zapobiec ich wykorzystywaniu? Plik cookie to zainstalowany w\",\"breadcrumb\":{\"@id\":\"https:\/\/www.timken.com\/pl\/politica-de-cookies\/#breadcrumb\"},\"inLanguage\":\"pl-PL\",\"potentialAction\":[{\"@type\":\"ReadAction\",\"target\":[\"https:\/\/www.timken.com\/pl\/politica-de-cookies\/\"]}]},{\"@type\":\"BreadcrumbList\",\"@id\":\"https:\/\/www.timken.com\/pl\/politica-de-cookies\/#breadcrumb\",\"itemListElement\":[{\"@type\":\"ListItem\",\"position\":1,\"name\":\"Home\",\"item\":\"https:\/\/www.timken.com\/pl\/\"},{\"@type\":\"ListItem\",\"position\":2,\"name\":\"ZASADY DOTYCZ\u0104CE PLIK\u00d3W COOKIE\"}]},{\"@type\":\"WebSite\",\"@id\":\"https:\/\/www.timken.com\/pl\/#website\",\"url\":\"https:\/\/www.timken.com\/pl\/\",\"name\":\"The Timken Company\",\"description\":\"Stronger. By Design.\",\"publisher\":{\"@id\":\"https:\/\/www.timken.com\/pl\/#organization\"},\"potentialAction\":[{\"@type\":\"SearchAction\",\"target\":{\"@type\":\"EntryPoint\",\"urlTemplate\":\"https:\/\/www.timken.com\/pl\/?s={search_term_string}\"},\"query-input\":{\"@type\":\"PropertyValueSpecification\",\"valueRequired\":true,\"valueName\":\"search_term_string\"}}],\"inLanguage\":\"pl-PL\"},{\"@type\":\"Organization\",\"@id\":\"https:\/\/www.timken.com\/pl\/#organization\",\"name\":\"The Timken Company\",\"url\":\"https:\/\/www.timken.com\/pl\/\",\"logo\":{\"@type\":\"ImageObject\",\"inLanguage\":\"pl-PL\",\"@id\":\"https:\/\/www.timken.com\/pl\/#\/schema\/logo\/image\/\",\"url\":\"https:\/\/www.timken.com\/wp-content\/uploads\/2016\/07\/Timken_logo.png\",\"contentUrl\":\"https:\/\/www.timken.com\/wp-content\/uploads\/2016\/07\/Timken_logo.png\",\"width\":173,\"height\":37,\"caption\":\"The Timken Company\"},\"image\":{\"@id\":\"https:\/\/www.timken.com\/pl\/#\/schema\/logo\/image\/\"}}]}<\/script>\n<!-- \/ Yoast SEO plugin. -->","yoast_head_json":{"title":"ZASADY DOTYCZ\u0104CE PLIK\u00d3W COOKIE - The Timken Company","description":"ZASADY DOTYCZ\u0104CE PLIK\u00d3W COOKIE Co to s\u0105 pliki cookie, jak s\u0105 wykorzystywane i jak mo\u017cna zapobiec ich wykorzystywaniu? Plik cookie to zainstalowany w","robots":{"index":"index","follow":"follow","max-snippet":"max-snippet:-1","max-image-preview":"max-image-preview:large","max-video-preview":"max-video-preview:-1"},"canonical":"https:\/\/www.timken.com\/pl\/politica-de-cookies\/","og_locale":"pl_PL","og_type":"article","og_title":"ZASADY DOTYCZ\u0104CE PLIK\u00d3W COOKIE - The Timken Company","og_description":"ZASADY DOTYCZ\u0104CE PLIK\u00d3W COOKIE Co to s\u0105 pliki cookie, jak s\u0105 wykorzystywane i jak mo\u017cna zapobiec ich wykorzystywaniu? Plik cookie to zainstalowany w","og_url":"https:\/\/www.timken.com\/pl\/politica-de-cookies\/","og_site_name":"The Timken Company","article_modified_time":"2026-01-23T14:55:01+00:00","twitter_card":"summary_large_image","twitter_misc":{"Szacowany czas czytania":"4 minuty"},"schema":{"@context":"https:\/\/schema.org","@graph":[{"@type":"WebPage","@id":"https:\/\/www.timken.com\/pl\/politica-de-cookies\/","url":"https:\/\/www.timken.com\/pl\/politica-de-cookies\/","name":"ZASADY DOTYCZ\u0104CE PLIK\u00d3W COOKIE - The Timken Company","isPartOf":{"@id":"https:\/\/www.timken.com\/pl\/#website"},"datePublished":"2020-02-18T15:29:25+00:00","dateModified":"2026-01-23T14:55:01+00:00","description":"ZASADY DOTYCZ\u0104CE PLIK\u00d3W COOKIE Co to s\u0105 pliki cookie, jak s\u0105 wykorzystywane i jak mo\u017cna zapobiec ich wykorzystywaniu? Plik cookie to zainstalowany w","breadcrumb":{"@id":"https:\/\/www.timken.com\/pl\/politica-de-cookies\/#breadcrumb"},"inLanguage":"pl-PL","potentialAction":[{"@type":"ReadAction","target":["https:\/\/www.timken.com\/pl\/politica-de-cookies\/"]}]},{"@type":"BreadcrumbList","@id":"https:\/\/www.timken.com\/pl\/politica-de-cookies\/#breadcrumb","itemListElement":[{"@type":"ListItem","position":1,"name":"Home","item":"https:\/\/www.timken.com\/pl\/"},{"@type":"ListItem","position":2,"name":"ZASADY DOTYCZ\u0104CE PLIK\u00d3W COOKIE"}]},{"@type":"WebSite","@id":"https:\/\/www.timken.com\/pl\/#website","url":"https:\/\/www.timken.com\/pl\/","name":"The Timken Company","description":"Stronger. By Design.","publisher":{"@id":"https:\/\/www.timken.com\/pl\/#organization"},"potentialAction":[{"@type":"SearchAction","target":{"@type":"EntryPoint","urlTemplate":"https:\/\/www.timken.com\/pl\/?s={search_term_string}"},"query-input":{"@type":"PropertyValueSpecification","valueRequired":true,"valueName":"search_term_string"}}],"inLanguage":"pl-PL"},{"@type":"Organization","@id":"https:\/\/www.timken.com\/pl\/#organization","name":"The Timken Company","url":"https:\/\/www.timken.com\/pl\/","logo":{"@type":"ImageObject","inLanguage":"pl-PL","@id":"https:\/\/www.timken.com\/pl\/#\/schema\/logo\/image\/","url":"https:\/\/www.timken.com\/wp-content\/uploads\/2016\/07\/Timken_logo.png","contentUrl":"https:\/\/www.timken.com\/wp-content\/uploads\/2016\/07\/Timken_logo.png","width":173,"height":37,"caption":"The Timken Company"},"image":{"@id":"https:\/\/www.timken.com\/pl\/#\/schema\/logo\/image\/"}}]}},"_links":{"self":[{"href":"https:\/\/www.timken.com\/pl\/wp-json\/wp\/v2\/pages\/390457","targetHints":{"allow":["GET"]}}],"collection":[{"href":"https:\/\/www.timken.com\/pl\/wp-json\/wp\/v2\/pages"}],"about":[{"href":"https:\/\/www.timken.com\/pl\/wp-json\/wp\/v2\/types\/page"}],"author":[{"embeddable":true,"href":"https:\/\/www.timken.com\/pl\/wp-json\/wp\/v2\/users\/1"}],"replies":[{"embeddable":true,"href":"https:\/\/www.timken.com\/pl\/wp-json\/wp\/v2\/comments?post=390457"}],"version-history":[{"count":0,"href":"https:\/\/www.timken.com\/pl\/wp-json\/wp\/v2\/pages\/390457\/revisions"}],"wp:attachment":[{"href":"https:\/\/www.timken.com\/pl\/wp-json\/wp\/v2\/media?parent=390457"}],"curies":[{"name":"wp","href":"https:\/\/api.w.org\/{rel}","templated":true}]}}