{"id":31167,"date":"2016-11-16T15:43:11","date_gmt":"2016-11-16T19:43:11","guid":{"rendered":"https:\/\/www.timken.com\/pl\/?page_id=31167"},"modified":"2025-01-20T15:48:00","modified_gmt":"2025-01-20T19:48:00","slug":"wyszukiwanie-lozysk","status":"publish","type":"page","link":"https:\/\/www.timken.com\/pl\/wyszukiwanie-lozysk\/","title":{"rendered":"Wyszukiwanie \u0142o\u017cysk"},"content":{"rendered":"<p><iframe loading=\"lazy\" id=\"MSOPageViewerWebPart_WebPartWPQ2\" title=\"Page Viewer Web Part\" src=\"https:\/\/mediastg.timken.com\/mobility\/gst\" name=\"MSOPageViewerWebPart_WebPartWPQ2\" width=\"100%\" height=\"2000px\" frameborder=\"0\" scrolling=\"yes\" seamless=\"seamless\"><\/iframe><\/p>\n","protected":false},"excerpt":{"rendered":"","protected":false},"author":1,"featured_media":0,"parent":0,"menu_order":60,"comment_status":"closed","ping_status":"closed","template":"templates\/template-bearing.php","meta":{"_acf_changed":false,"_et_pb_use_builder":"","_et_pb_old_content":"","_et_gb_content_width":"","_oasis_is_in_workflow":0,"_oasis_original":0,"_oasis_task_priority":"","footnotes":""},"class_list":["post-31167","page","type-page","status-publish","hentry"],"acf":[],"yoast_head":"<!-- This site is optimized with the Yoast SEO plugin v27.2 - https:\/\/yoast.com\/product\/yoast-seo-wordpress\/ -->\n<title>Wyszukiwanie \u0142o\u017cysk - The Timken Company<\/title>\n<meta name=\"description\" content=\"Przeszukaj nasz\u0105 szerok\u0105 gam\u0119 \u0142o\u017cysk tutaj.\" \/>\n<meta name=\"robots\" content=\"index, follow, max-snippet:-1, max-image-preview:large, max-video-preview:-1\" \/>\n<link rel=\"canonical\" href=\"https:\/\/www.timken.com\/pl\/wyszukiwanie-lozysk\/\" \/>\n<meta property=\"og:locale\" content=\"pl_PL\" \/>\n<meta property=\"og:type\" content=\"article\" \/>\n<meta property=\"og:title\" content=\"Wyszukiwanie \u0142o\u017cysk - The Timken Company\" \/>\n<meta property=\"og:description\" content=\"Przeszukaj nasz\u0105 szerok\u0105 gam\u0119 \u0142o\u017cysk tutaj.\" \/>\n<meta property=\"og:url\" content=\"https:\/\/www.timken.com\/pl\/wyszukiwanie-lozysk\/\" \/>\n<meta property=\"og:site_name\" content=\"The Timken Company\" \/>\n<meta property=\"article:modified_time\" content=\"2025-01-20T19:48:00+00:00\" \/>\n<meta name=\"twitter:card\" content=\"summary_large_image\" \/>\n<script type=\"application\/ld+json\" class=\"yoast-schema-graph\">{\"@context\":\"https:\/\/schema.org\",\"@graph\":[{\"@type\":\"WebPage\",\"@id\":\"https:\/\/www.timken.com\/pl\/wyszukiwanie-lozysk\/\",\"url\":\"https:\/\/www.timken.com\/pl\/wyszukiwanie-lozysk\/\",\"name\":\"Wyszukiwanie \u0142o\u017cysk - The Timken Company\",\"isPartOf\":{\"@id\":\"https:\/\/www.timken.com\/pl\/#website\"},\"datePublished\":\"2016-11-16T19:43:11+00:00\",\"dateModified\":\"2025-01-20T19:48:00+00:00\",\"description\":\"Przeszukaj nasz\u0105 szerok\u0105 gam\u0119 \u0142o\u017cysk tutaj.\",\"breadcrumb\":{\"@id\":\"https:\/\/www.timken.com\/pl\/wyszukiwanie-lozysk\/#breadcrumb\"},\"inLanguage\":\"pl-PL\",\"potentialAction\":[{\"@type\":\"ReadAction\",\"target\":[\"https:\/\/www.timken.com\/pl\/wyszukiwanie-lozysk\/\"]}]},{\"@type\":\"BreadcrumbList\",\"@id\":\"https:\/\/www.timken.com\/pl\/wyszukiwanie-lozysk\/#breadcrumb\",\"itemListElement\":[{\"@type\":\"ListItem\",\"position\":1,\"name\":\"Home\",\"item\":\"https:\/\/www.timken.com\/pl\/\"},{\"@type\":\"ListItem\",\"position\":2,\"name\":\"Wyszukiwanie \u0142o\u017cysk\"}]},{\"@type\":\"WebSite\",\"@id\":\"https:\/\/www.timken.com\/pl\/#website\",\"url\":\"https:\/\/www.timken.com\/pl\/\",\"name\":\"The Timken Company\",\"description\":\"Stronger. By Design.\",\"publisher\":{\"@id\":\"https:\/\/www.timken.com\/pl\/#organization\"},\"potentialAction\":[{\"@type\":\"SearchAction\",\"target\":{\"@type\":\"EntryPoint\",\"urlTemplate\":\"https:\/\/www.timken.com\/pl\/?s={search_term_string}\"},\"query-input\":{\"@type\":\"PropertyValueSpecification\",\"valueRequired\":true,\"valueName\":\"search_term_string\"}}],\"inLanguage\":\"pl-PL\"},{\"@type\":\"Organization\",\"@id\":\"https:\/\/www.timken.com\/pl\/#organization\",\"name\":\"The Timken Company\",\"url\":\"https:\/\/www.timken.com\/pl\/\",\"logo\":{\"@type\":\"ImageObject\",\"inLanguage\":\"pl-PL\",\"@id\":\"https:\/\/www.timken.com\/pl\/#\/schema\/logo\/image\/\",\"url\":\"https:\/\/www.timken.com\/wp-content\/uploads\/2016\/07\/Timken_logo.png\",\"contentUrl\":\"https:\/\/www.timken.com\/wp-content\/uploads\/2016\/07\/Timken_logo.png\",\"width\":173,\"height\":37,\"caption\":\"The Timken Company\"},\"image\":{\"@id\":\"https:\/\/www.timken.com\/pl\/#\/schema\/logo\/image\/\"}}]}<\/script>\n<!-- \/ Yoast SEO plugin. -->","yoast_head_json":{"title":"Wyszukiwanie \u0142o\u017cysk - The Timken Company","description":"Przeszukaj nasz\u0105 szerok\u0105 gam\u0119 \u0142o\u017cysk tutaj.","robots":{"index":"index","follow":"follow","max-snippet":"max-snippet:-1","max-image-preview":"max-image-preview:large","max-video-preview":"max-video-preview:-1"},"canonical":"https:\/\/www.timken.com\/pl\/wyszukiwanie-lozysk\/","og_locale":"pl_PL","og_type":"article","og_title":"Wyszukiwanie \u0142o\u017cysk - The Timken Company","og_description":"Przeszukaj nasz\u0105 szerok\u0105 gam\u0119 \u0142o\u017cysk tutaj.","og_url":"https:\/\/www.timken.com\/pl\/wyszukiwanie-lozysk\/","og_site_name":"The Timken Company","article_modified_time":"2025-01-20T19:48:00+00:00","twitter_card":"summary_large_image","schema":{"@context":"https:\/\/schema.org","@graph":[{"@type":"WebPage","@id":"https:\/\/www.timken.com\/pl\/wyszukiwanie-lozysk\/","url":"https:\/\/www.timken.com\/pl\/wyszukiwanie-lozysk\/","name":"Wyszukiwanie \u0142o\u017cysk - The Timken Company","isPartOf":{"@id":"https:\/\/www.timken.com\/pl\/#website"},"datePublished":"2016-11-16T19:43:11+00:00","dateModified":"2025-01-20T19:48:00+00:00","description":"Przeszukaj nasz\u0105 szerok\u0105 gam\u0119 \u0142o\u017cysk tutaj.","breadcrumb":{"@id":"https:\/\/www.timken.com\/pl\/wyszukiwanie-lozysk\/#breadcrumb"},"inLanguage":"pl-PL","potentialAction":[{"@type":"ReadAction","target":["https:\/\/www.timken.com\/pl\/wyszukiwanie-lozysk\/"]}]},{"@type":"BreadcrumbList","@id":"https:\/\/www.timken.com\/pl\/wyszukiwanie-lozysk\/#breadcrumb","itemListElement":[{"@type":"ListItem","position":1,"name":"Home","item":"https:\/\/www.timken.com\/pl\/"},{"@type":"ListItem","position":2,"name":"Wyszukiwanie \u0142o\u017cysk"}]},{"@type":"WebSite","@id":"https:\/\/www.timken.com\/pl\/#website","url":"https:\/\/www.timken.com\/pl\/","name":"The Timken Company","description":"Stronger. By Design.","publisher":{"@id":"https:\/\/www.timken.com\/pl\/#organization"},"potentialAction":[{"@type":"SearchAction","target":{"@type":"EntryPoint","urlTemplate":"https:\/\/www.timken.com\/pl\/?s={search_term_string}"},"query-input":{"@type":"PropertyValueSpecification","valueRequired":true,"valueName":"search_term_string"}}],"inLanguage":"pl-PL"},{"@type":"Organization","@id":"https:\/\/www.timken.com\/pl\/#organization","name":"The Timken Company","url":"https:\/\/www.timken.com\/pl\/","logo":{"@type":"ImageObject","inLanguage":"pl-PL","@id":"https:\/\/www.timken.com\/pl\/#\/schema\/logo\/image\/","url":"https:\/\/www.timken.com\/wp-content\/uploads\/2016\/07\/Timken_logo.png","contentUrl":"https:\/\/www.timken.com\/wp-content\/uploads\/2016\/07\/Timken_logo.png","width":173,"height":37,"caption":"The Timken Company"},"image":{"@id":"https:\/\/www.timken.com\/pl\/#\/schema\/logo\/image\/"}}]}},"_links":{"self":[{"href":"https:\/\/www.timken.com\/pl\/wp-json\/wp\/v2\/pages\/31167","targetHints":{"allow":["GET"]}}],"collection":[{"href":"https:\/\/www.timken.com\/pl\/wp-json\/wp\/v2\/pages"}],"about":[{"href":"https:\/\/www.timken.com\/pl\/wp-json\/wp\/v2\/types\/page"}],"author":[{"embeddable":true,"href":"https:\/\/www.timken.com\/pl\/wp-json\/wp\/v2\/users\/1"}],"replies":[{"embeddable":true,"href":"https:\/\/www.timken.com\/pl\/wp-json\/wp\/v2\/comments?post=31167"}],"version-history":[{"count":0,"href":"https:\/\/www.timken.com\/pl\/wp-json\/wp\/v2\/pages\/31167\/revisions"}],"wp:attachment":[{"href":"https:\/\/www.timken.com\/pl\/wp-json\/wp\/v2\/media?parent=31167"}],"curies":[{"name":"wp","href":"https:\/\/api.w.org\/{rel}","templated":true}]}}