{"id":33706,"date":"2017-01-03T16:12:00","date_gmt":"2017-01-03T20:12:00","guid":{"rendered":"https:\/\/www.timken.com\/ko\/?page_id=33706"},"modified":"2025-01-20T14:56:23","modified_gmt":"2025-01-20T18:56:23","slug":"bezpecnostne-pokyny-pre-mazanie-slovensky","status":"publish","type":"page","link":"https:\/\/www.timken.com\/ko\/bezpecnostne-pokyny-pre-mazanie-slovensky\/","title":{"rendered":"Bezpe\u010dnostn\u00e9 pokyny pre mazanie \u2013 slovensky"},"content":{"rendered":"<h3>Listy so \u0161pecifik\u00e1ciami pre mazacie v\u00fdrobky Timken<\/h3>\n<p><a style=\"float:left;\" class=\"icon-title icon-title--inline\" target=\"_blank\" href=\"\"><svg class=\"icon pdf\" role=\"img\" title=\"pdf\" viewbox=\"0 0 27 32\" xmlns=\"http:\/\/www.w3.org\/2000\/svg\">\n\t\t<path d=\"M26.367 9.563c-.277-.664-.609-1.189-.996-1.576L18.896 1.52c-.387-.387-.913-.719-1.577-.995-.664-.277-1.273-.415-1.826-.415H2.21C1.657.11 1.187.303.8.69A1.918 1.918 0 0 0 .219 2.1v27.864c0 .553.193 1.023.58 1.41.388.387.858.58 1.412.58H24.79c.553 0 1.023-.193 1.41-.58.388-.387.581-.857.581-1.41V11.387c0-.553-.138-1.16-.414-1.824zm-10.21-6.634c.4.138.684.29.85.456l6.496 6.489c.166.166.318.45.456.85h-7.802V2.929zm7.969 26.37H2.875V2.764H13.5v8.625c0 .552.194 1.022.581 1.41.387.386.858.58 1.411.58h8.634V29.3z\"><\/path>\n\t\t<path d=\"M20.805 21.339H6.195a.648.648 0 0 0-.477.186.646.646 0 0 0-.187.477v1.327c0 .193.062.352.187.477a.648.648 0 0 0 .477.186h14.61a.647.647 0 0 0 .477-.186.646.646 0 0 0 .187-.477v-1.327a.646.646 0 0 0-.187-.477.648.648 0 0 0-.477-.186zM5.718 16.218a.646.646 0 0 0-.187.477v1.326c0 .194.062.353.187.477a.648.648 0 0 0 .477.187h14.61a.647.647 0 0 0 .477-.187.646.646 0 0 0 .187-.477v-1.326a.647.647 0 0 0-.187-.477.647.647 0 0 0-.477-.187H6.195a.648.648 0 0 0-.477.187z\"><\/path>\n\t<\/svg><strong class=\"icon-label\" style=\"line-height:1.9em;\"><a href=\"https:\/\/www.timken.com\/wp-content\/uploads\/2016\/11\/timken_premium_allpurpose_lc2_grease_sk.pdf\">GR217 \u2013 Pr\u00e9miov\u00e9 univerz\u00e1lne priemyseln\u00e9 mazivo Timken LC-2<\/a><\/strong><\/a><\/p>\n<p><a style=\"float:left;\" class=\"icon-title icon-title--inline\" target=\"_blank\" href=\"\"><svg class=\"icon pdf\" role=\"img\" title=\"pdf\" viewbox=\"0 0 27 32\" xmlns=\"http:\/\/www.w3.org\/2000\/svg\">\n\t\t<path d=\"M26.367 9.563c-.277-.664-.609-1.189-.996-1.576L18.896 1.52c-.387-.387-.913-.719-1.577-.995-.664-.277-1.273-.415-1.826-.415H2.21C1.657.11 1.187.303.8.69A1.918 1.918 0 0 0 .219 2.1v27.864c0 .553.193 1.023.58 1.41.388.387.858.58 1.412.58H24.79c.553 0 1.023-.193 1.41-.58.388-.387.581-.857.581-1.41V11.387c0-.553-.138-1.16-.414-1.824zm-10.21-6.634c.4.138.684.29.85.456l6.496 6.489c.166.166.318.45.456.85h-7.802V2.929zm7.969 26.37H2.875V2.764H13.5v8.625c0 .552.194 1.022.581 1.41.387.386.858.58 1.411.58h8.634V29.3z\"><\/path>\n\t\t<path d=\"M20.805 21.339H6.195a.648.648 0 0 0-.477.186.646.646 0 0 0-.187.477v1.327c0 .193.062.352.187.477a.648.648 0 0 0 .477.186h14.61a.647.647 0 0 0 .477-.186.646.646 0 0 0 .187-.477v-1.327a.646.646 0 0 0-.187-.477.648.648 0 0 0-.477-.186zM5.718 16.218a.646.646 0 0 0-.187.477v1.326c0 .194.062.353.187.477a.648.648 0 0 0 .477.187h14.61a.647.647 0 0 0 .477-.187.646.646 0 0 0 .187-.477v-1.326a.647.647 0 0 0-.187-.477.647.647 0 0 0-.477-.187H6.195a.648.648 0 0 0-.477.187z\"><\/path>\n\t<\/svg><strong class=\"icon-label\" style=\"line-height:1.9em;\"><a href=\"https:\/\/www.timken.com\/wp-content\/uploads\/2016\/11\/timken_construction_offhighway_grease_sk.pdf\">GR219 \u2013 Mazivo Timken na kon\u0161trukcie a pou\u017eitie mimo komunik\u00e1ci\u00ed<\/a><\/strong><\/a><\/p>\n<p><a style=\"float:left;\" class=\"icon-title icon-title--inline\" target=\"_blank\" href=\"\"><svg class=\"icon pdf\" role=\"img\" title=\"pdf\" viewbox=\"0 0 27 32\" xmlns=\"http:\/\/www.w3.org\/2000\/svg\">\n\t\t<path d=\"M26.367 9.563c-.277-.664-.609-1.189-.996-1.576L18.896 1.52c-.387-.387-.913-.719-1.577-.995-.664-.277-1.273-.415-1.826-.415H2.21C1.657.11 1.187.303.8.69A1.918 1.918 0 0 0 .219 2.1v27.864c0 .553.193 1.023.58 1.41.388.387.858.58 1.412.58H24.79c.553 0 1.023-.193 1.41-.58.388-.387.581-.857.581-1.41V11.387c0-.553-.138-1.16-.414-1.824zm-10.21-6.634c.4.138.684.29.85.456l6.496 6.489c.166.166.318.45.456.85h-7.802V2.929zm7.969 26.37H2.875V2.764H13.5v8.625c0 .552.194 1.022.581 1.41.387.386.858.58 1.411.58h8.634V29.3z\"><\/path>\n\t\t<path d=\"M20.805 21.339H6.195a.648.648 0 0 0-.477.186.646.646 0 0 0-.187.477v1.327c0 .193.062.352.187.477a.648.648 0 0 0 .477.186h14.61a.647.647 0 0 0 .477-.186.646.646 0 0 0 .187-.477v-1.327a.646.646 0 0 0-.187-.477.648.648 0 0 0-.477-.186zM5.718 16.218a.646.646 0 0 0-.187.477v1.326c0 .194.062.353.187.477a.648.648 0 0 0 .477.187h14.61a.647.647 0 0 0 .477-.187.646.646 0 0 0 .187-.477v-1.326a.647.647 0 0 0-.187-.477.647.647 0 0 0-.477-.187H6.195a.648.648 0 0 0-.477.187z\"><\/path>\n\t<\/svg><strong class=\"icon-label\" style=\"line-height:1.9em;\"><a href=\"https:\/\/www.timken.com\/wp-content\/uploads\/2016\/11\/timken_ball_bearing_pillow_block_grease_sk.pdf\">GR220 \u2013 Mazivo Timken na stojany gu\u013e\u00f4\u010dkov\u00fdch lo\u017e\u00edsk<\/a><\/strong><\/a><\/p>\n<p><a style=\"float:left;\" class=\"icon-title icon-title--inline\" target=\"_blank\" href=\"\"><svg class=\"icon pdf\" role=\"img\" title=\"pdf\" viewbox=\"0 0 27 32\" xmlns=\"http:\/\/www.w3.org\/2000\/svg\">\n\t\t<path d=\"M26.367 9.563c-.277-.664-.609-1.189-.996-1.576L18.896 1.52c-.387-.387-.913-.719-1.577-.995-.664-.277-1.273-.415-1.826-.415H2.21C1.657.11 1.187.303.8.69A1.918 1.918 0 0 0 .219 2.1v27.864c0 .553.193 1.023.58 1.41.388.387.858.58 1.412.58H24.79c.553 0 1.023-.193 1.41-.58.388-.387.581-.857.581-1.41V11.387c0-.553-.138-1.16-.414-1.824zm-10.21-6.634c.4.138.684.29.85.456l6.496 6.489c.166.166.318.45.456.85h-7.802V2.929zm7.969 26.37H2.875V2.764H13.5v8.625c0 .552.194 1.022.581 1.41.387.386.858.58 1.411.58h8.634V29.3z\"><\/path>\n\t\t<path d=\"M20.805 21.339H6.195a.648.648 0 0 0-.477.186.646.646 0 0 0-.187.477v1.327c0 .193.062.352.187.477a.648.648 0 0 0 .477.186h14.61a.647.647 0 0 0 .477-.186.646.646 0 0 0 .187-.477v-1.327a.646.646 0 0 0-.187-.477.648.648 0 0 0-.477-.186zM5.718 16.218a.646.646 0 0 0-.187.477v1.326c0 .194.062.353.187.477a.648.648 0 0 0 .477.187h14.61a.647.647 0 0 0 .477-.187.646.646 0 0 0 .187-.477v-1.326a.647.647 0 0 0-.187-.477.647.647 0 0 0-.477-.187H6.195a.648.648 0 0 0-.477.187z\"><\/path>\n\t<\/svg><strong class=\"icon-label\" style=\"line-height:1.9em;\"><a href=\"https:\/\/www.timken.com\/wp-content\/uploads\/2016\/11\/timken_food_safe_grease_sk.pdf\">GR231 \u2013 Potravin\u00e1rske mazivo Timken<\/a><\/strong><\/a><\/p>\n<p><a style=\"float:left;\" class=\"icon-title icon-title--inline\" target=\"_blank\" href=\"\"><svg class=\"icon pdf\" role=\"img\" title=\"pdf\" viewbox=\"0 0 27 32\" xmlns=\"http:\/\/www.w3.org\/2000\/svg\">\n\t\t<path d=\"M26.367 9.563c-.277-.664-.609-1.189-.996-1.576L18.896 1.52c-.387-.387-.913-.719-1.577-.995-.664-.277-1.273-.415-1.826-.415H2.21C1.657.11 1.187.303.8.69A1.918 1.918 0 0 0 .219 2.1v27.864c0 .553.193 1.023.58 1.41.388.387.858.58 1.412.58H24.79c.553 0 1.023-.193 1.41-.58.388-.387.581-.857.581-1.41V11.387c0-.553-.138-1.16-.414-1.824zm-10.21-6.634c.4.138.684.29.85.456l6.496 6.489c.166.166.318.45.456.85h-7.802V2.929zm7.969 26.37H2.875V2.764H13.5v8.625c0 .552.194 1.022.581 1.41.387.386.858.58 1.411.58h8.634V29.3z\"><\/path>\n\t\t<path d=\"M20.805 21.339H6.195a.648.648 0 0 0-.477.186.646.646 0 0 0-.187.477v1.327c0 .193.062.352.187.477a.648.648 0 0 0 .477.186h14.61a.647.647 0 0 0 .477-.186.646.646 0 0 0 .187-.477v-1.327a.646.646 0 0 0-.187-.477.648.648 0 0 0-.477-.186zM5.718 16.218a.646.646 0 0 0-.187.477v1.326c0 .194.062.353.187.477a.648.648 0 0 0 .477.187h14.61a.647.647 0 0 0 .477-.187.646.646 0 0 0 .187-.477v-1.326a.647.647 0 0 0-.187-.477.647.647 0 0 0-.477-.187H6.195a.648.648 0 0 0-.477.187z\"><\/path>\n\t<\/svg><strong class=\"icon-label\" style=\"line-height:1.9em;\"><a href=\"https:\/\/www.timken.com\/wp-content\/uploads\/2016\/11\/timken_synthetic_industrial_grease_sk.pdf\">GR232 \u2013 Syntetick\u00e9 priemyseln\u00e9 mazivo Timken LC-1.5<\/a><\/strong><\/a><\/p>\n<p><a style=\"float:left;\" class=\"icon-title icon-title--inline\" target=\"_blank\" href=\"\"><svg class=\"icon pdf\" role=\"img\" title=\"pdf\" viewbox=\"0 0 27 32\" xmlns=\"http:\/\/www.w3.org\/2000\/svg\">\n\t\t<path d=\"M26.367 9.563c-.277-.664-.609-1.189-.996-1.576L18.896 1.52c-.387-.387-.913-.719-1.577-.995-.664-.277-1.273-.415-1.826-.415H2.21C1.657.11 1.187.303.8.69A1.918 1.918 0 0 0 .219 2.1v27.864c0 .553.193 1.023.58 1.41.388.387.858.58 1.412.58H24.79c.553 0 1.023-.193 1.41-.58.388-.387.581-.857.581-1.41V11.387c0-.553-.138-1.16-.414-1.824zm-10.21-6.634c.4.138.684.29.85.456l6.496 6.489c.166.166.318.45.456.85h-7.802V2.929zm7.969 26.37H2.875V2.764H13.5v8.625c0 .552.194 1.022.581 1.41.387.386.858.58 1.411.58h8.634V29.3z\"><\/path>\n\t\t<path d=\"M20.805 21.339H6.195a.648.648 0 0 0-.477.186.646.646 0 0 0-.187.477v1.327c0 .193.062.352.187.477a.648.648 0 0 0 .477.186h14.61a.647.647 0 0 0 .477-.186.646.646 0 0 0 .187-.477v-1.327a.646.646 0 0 0-.187-.477.648.648 0 0 0-.477-.186zM5.718 16.218a.646.646 0 0 0-.187.477v1.326c0 .194.062.353.187.477a.648.648 0 0 0 .477.187h14.61a.647.647 0 0 0 .477-.187.646.646 0 0 0 .187-.477v-1.326a.647.647 0 0 0-.187-.477.647.647 0 0 0-.477-.187H6.195a.648.648 0 0 0-.477.187z\"><\/path>\n\t<\/svg><strong class=\"icon-label\" style=\"line-height:1.9em;\"><a href=\"https:\/\/www.timken.com\/wp-content\/uploads\/2016\/11\/timken_synthetic_industrial_grease_sk.pdf\">GR233 \u2013 Mazivo na ultra vysokor\u00fdchlostn\u00e9 vreten\u00e1<\/a><\/strong><\/a><\/p>\n<p><a style=\"float:left;\" class=\"icon-title icon-title--inline\" target=\"_blank\" href=\"\"><svg class=\"icon pdf\" role=\"img\" title=\"pdf\" viewbox=\"0 0 27 32\" xmlns=\"http:\/\/www.w3.org\/2000\/svg\">\n\t\t<path d=\"M26.367 9.563c-.277-.664-.609-1.189-.996-1.576L18.896 1.52c-.387-.387-.913-.719-1.577-.995-.664-.277-1.273-.415-1.826-.415H2.21C1.657.11 1.187.303.8.69A1.918 1.918 0 0 0 .219 2.1v27.864c0 .553.193 1.023.58 1.41.388.387.858.58 1.412.58H24.79c.553 0 1.023-.193 1.41-.58.388-.387.581-.857.581-1.41V11.387c0-.553-.138-1.16-.414-1.824zm-10.21-6.634c.4.138.684.29.85.456l6.496 6.489c.166.166.318.45.456.85h-7.802V2.929zm7.969 26.37H2.875V2.764H13.5v8.625c0 .552.194 1.022.581 1.41.387.386.858.58 1.411.58h8.634V29.3z\"><\/path>\n\t\t<path d=\"M20.805 21.339H6.195a.648.648 0 0 0-.477.186.646.646 0 0 0-.187.477v1.327c0 .193.062.352.187.477a.648.648 0 0 0 .477.186h14.61a.647.647 0 0 0 .477-.186.646.646 0 0 0 .187-.477v-1.327a.646.646 0 0 0-.187-.477.648.648 0 0 0-.477-.186zM5.718 16.218a.646.646 0 0 0-.187.477v1.326c0 .194.062.353.187.477a.648.648 0 0 0 .477.187h14.61a.647.647 0 0 0 .477-.187.646.646 0 0 0 .187-.477v-1.326a.647.647 0 0 0-.187-.477.647.647 0 0 0-.477-.187H6.195a.648.648 0 0 0-.477.187z\"><\/path>\n\t<\/svg><strong class=\"icon-label\" style=\"line-height:1.9em;\"><a href=\"https:\/\/www.timken.com\/wp-content\/uploads\/2016\/11\/timken_multiuse_lithium_grease_sk.pdf\">GR236 a GR237 \u2013 L\u00edtiov\u00e9 mazivo Timken EP1 a EP2 na r\u00f4zne pou\u017eitie<\/a><\/strong><\/a><\/p>\n","protected":false},"excerpt":{"rendered":"<p>Listy so \u0161pecifik\u00e1ciami pre mazacie v\u00fdrobky Timken<\/p>\n","protected":false},"author":1,"featured_media":0,"parent":0,"menu_order":191,"comment_status":"closed","ping_status":"closed","template":"","meta":{"_acf_changed":false,"_et_pb_use_builder":"","_et_pb_old_content":"","_et_gb_content_width":"","_oasis_is_in_workflow":0,"_oasis_original":0,"_oasis_task_priority":"2normal","footnotes":""},"class_list":["post-33706","page","type-page","status-publish","hentry"],"acf":[],"yoast_head":"<!-- This site is optimized with the Yoast SEO plugin v27.2 - https:\/\/yoast.com\/product\/yoast-seo-wordpress\/ -->\n<title>Bezpe\u010dnostn\u00e9 pokyny pre mazanie \u2013 slovensky - The Timken Company<\/title>\n<meta name=\"description\" content=\"\ud300\ucf04\uc758 \uc724\ud65c \uc548\uc804 \uc815\ucc45 \uc790\ub8cc \ubcf4\uae30 \ubc29\ubb38(\uc2ac\ub85c\ubc14\ud0a4\uc544)\" \/>\n<meta name=\"robots\" content=\"index, follow, max-snippet:-1, max-image-preview:large, max-video-preview:-1\" \/>\n<link rel=\"canonical\" href=\"https:\/\/www.timken.com\/ko\/bezpecnostne-pokyny-pre-mazanie-slovensky\/\" \/>\n<meta property=\"og:locale\" content=\"ko_KR\" \/>\n<meta property=\"og:type\" content=\"article\" \/>\n<meta property=\"og:title\" content=\"Bezpe\u010dnostn\u00e9 pokyny pre mazanie \u2013 slovensky - The Timken Company\" \/>\n<meta property=\"og:description\" content=\"\ud300\ucf04\uc758 \uc724\ud65c \uc548\uc804 \uc815\ucc45 \uc790\ub8cc \ubcf4\uae30 \ubc29\ubb38(\uc2ac\ub85c\ubc14\ud0a4\uc544)\" \/>\n<meta property=\"og:url\" content=\"https:\/\/www.timken.com\/ko\/bezpecnostne-pokyny-pre-mazanie-slovensky\/\" \/>\n<meta property=\"og:site_name\" content=\"The Timken Company\" \/>\n<meta property=\"article:modified_time\" content=\"2025-01-20T18:56:23+00:00\" \/>\n<meta name=\"twitter:card\" content=\"summary_large_image\" \/>\n<script type=\"application\/ld+json\" class=\"yoast-schema-graph\">{\"@context\":\"https:\/\/schema.org\",\"@graph\":[{\"@type\":\"WebPage\",\"@id\":\"https:\/\/www.timken.com\/ko\/bezpecnostne-pokyny-pre-mazanie-slovensky\/\",\"url\":\"https:\/\/www.timken.com\/ko\/bezpecnostne-pokyny-pre-mazanie-slovensky\/\",\"name\":\"Bezpe\u010dnostn\u00e9 pokyny pre mazanie \u2013 slovensky - The Timken Company\",\"isPartOf\":{\"@id\":\"https:\/\/www.timken.com\/ko\/#website\"},\"datePublished\":\"2017-01-03T20:12:00+00:00\",\"dateModified\":\"2025-01-20T18:56:23+00:00\",\"description\":\"\ud300\ucf04\uc758 \uc724\ud65c \uc548\uc804 \uc815\ucc45 \uc790\ub8cc \ubcf4\uae30 \ubc29\ubb38(\uc2ac\ub85c\ubc14\ud0a4\uc544)\",\"breadcrumb\":{\"@id\":\"https:\/\/www.timken.com\/ko\/bezpecnostne-pokyny-pre-mazanie-slovensky\/#breadcrumb\"},\"inLanguage\":\"ko-KR\",\"potentialAction\":[{\"@type\":\"ReadAction\",\"target\":[\"https:\/\/www.timken.com\/ko\/bezpecnostne-pokyny-pre-mazanie-slovensky\/\"]}]},{\"@type\":\"BreadcrumbList\",\"@id\":\"https:\/\/www.timken.com\/ko\/bezpecnostne-pokyny-pre-mazanie-slovensky\/#breadcrumb\",\"itemListElement\":[{\"@type\":\"ListItem\",\"position\":1,\"name\":\"Home\",\"item\":\"https:\/\/www.timken.com\/ko\/\"},{\"@type\":\"ListItem\",\"position\":2,\"name\":\"Bezpe\u010dnostn\u00e9 pokyny pre mazanie \u2013 slovensky\"}]},{\"@type\":\"WebSite\",\"@id\":\"https:\/\/www.timken.com\/ko\/#website\",\"url\":\"https:\/\/www.timken.com\/ko\/\",\"name\":\"The Timken Company\",\"description\":\"Stronger. By Design.\",\"publisher\":{\"@id\":\"https:\/\/www.timken.com\/ko\/#organization\"},\"potentialAction\":[{\"@type\":\"SearchAction\",\"target\":{\"@type\":\"EntryPoint\",\"urlTemplate\":\"https:\/\/www.timken.com\/ko\/?s={search_term_string}\"},\"query-input\":{\"@type\":\"PropertyValueSpecification\",\"valueRequired\":true,\"valueName\":\"search_term_string\"}}],\"inLanguage\":\"ko-KR\"},{\"@type\":\"Organization\",\"@id\":\"https:\/\/www.timken.com\/ko\/#organization\",\"name\":\"The Timken Company\",\"url\":\"https:\/\/www.timken.com\/ko\/\",\"logo\":{\"@type\":\"ImageObject\",\"inLanguage\":\"ko-KR\",\"@id\":\"https:\/\/www.timken.com\/ko\/#\/schema\/logo\/image\/\",\"url\":\"https:\/\/www.timken.com\/wp-content\/uploads\/2016\/07\/Timken_logo.png\",\"contentUrl\":\"https:\/\/www.timken.com\/wp-content\/uploads\/2016\/07\/Timken_logo.png\",\"width\":173,\"height\":37,\"caption\":\"The Timken Company\"},\"image\":{\"@id\":\"https:\/\/www.timken.com\/ko\/#\/schema\/logo\/image\/\"}}]}<\/script>\n<!-- \/ Yoast SEO plugin. -->","yoast_head_json":{"title":"Bezpe\u010dnostn\u00e9 pokyny pre mazanie \u2013 slovensky - The Timken Company","description":"\ud300\ucf04\uc758 \uc724\ud65c \uc548\uc804 \uc815\ucc45 \uc790\ub8cc \ubcf4\uae30 \ubc29\ubb38(\uc2ac\ub85c\ubc14\ud0a4\uc544)","robots":{"index":"index","follow":"follow","max-snippet":"max-snippet:-1","max-image-preview":"max-image-preview:large","max-video-preview":"max-video-preview:-1"},"canonical":"https:\/\/www.timken.com\/ko\/bezpecnostne-pokyny-pre-mazanie-slovensky\/","og_locale":"ko_KR","og_type":"article","og_title":"Bezpe\u010dnostn\u00e9 pokyny pre mazanie \u2013 slovensky - The Timken Company","og_description":"\ud300\ucf04\uc758 \uc724\ud65c \uc548\uc804 \uc815\ucc45 \uc790\ub8cc \ubcf4\uae30 \ubc29\ubb38(\uc2ac\ub85c\ubc14\ud0a4\uc544)","og_url":"https:\/\/www.timken.com\/ko\/bezpecnostne-pokyny-pre-mazanie-slovensky\/","og_site_name":"The Timken Company","article_modified_time":"2025-01-20T18:56:23+00:00","twitter_card":"summary_large_image","schema":{"@context":"https:\/\/schema.org","@graph":[{"@type":"WebPage","@id":"https:\/\/www.timken.com\/ko\/bezpecnostne-pokyny-pre-mazanie-slovensky\/","url":"https:\/\/www.timken.com\/ko\/bezpecnostne-pokyny-pre-mazanie-slovensky\/","name":"Bezpe\u010dnostn\u00e9 pokyny pre mazanie \u2013 slovensky - The Timken Company","isPartOf":{"@id":"https:\/\/www.timken.com\/ko\/#website"},"datePublished":"2017-01-03T20:12:00+00:00","dateModified":"2025-01-20T18:56:23+00:00","description":"\ud300\ucf04\uc758 \uc724\ud65c \uc548\uc804 \uc815\ucc45 \uc790\ub8cc \ubcf4\uae30 \ubc29\ubb38(\uc2ac\ub85c\ubc14\ud0a4\uc544)","breadcrumb":{"@id":"https:\/\/www.timken.com\/ko\/bezpecnostne-pokyny-pre-mazanie-slovensky\/#breadcrumb"},"inLanguage":"ko-KR","potentialAction":[{"@type":"ReadAction","target":["https:\/\/www.timken.com\/ko\/bezpecnostne-pokyny-pre-mazanie-slovensky\/"]}]},{"@type":"BreadcrumbList","@id":"https:\/\/www.timken.com\/ko\/bezpecnostne-pokyny-pre-mazanie-slovensky\/#breadcrumb","itemListElement":[{"@type":"ListItem","position":1,"name":"Home","item":"https:\/\/www.timken.com\/ko\/"},{"@type":"ListItem","position":2,"name":"Bezpe\u010dnostn\u00e9 pokyny pre mazanie \u2013 slovensky"}]},{"@type":"WebSite","@id":"https:\/\/www.timken.com\/ko\/#website","url":"https:\/\/www.timken.com\/ko\/","name":"The Timken Company","description":"Stronger. By Design.","publisher":{"@id":"https:\/\/www.timken.com\/ko\/#organization"},"potentialAction":[{"@type":"SearchAction","target":{"@type":"EntryPoint","urlTemplate":"https:\/\/www.timken.com\/ko\/?s={search_term_string}"},"query-input":{"@type":"PropertyValueSpecification","valueRequired":true,"valueName":"search_term_string"}}],"inLanguage":"ko-KR"},{"@type":"Organization","@id":"https:\/\/www.timken.com\/ko\/#organization","name":"The Timken Company","url":"https:\/\/www.timken.com\/ko\/","logo":{"@type":"ImageObject","inLanguage":"ko-KR","@id":"https:\/\/www.timken.com\/ko\/#\/schema\/logo\/image\/","url":"https:\/\/www.timken.com\/wp-content\/uploads\/2016\/07\/Timken_logo.png","contentUrl":"https:\/\/www.timken.com\/wp-content\/uploads\/2016\/07\/Timken_logo.png","width":173,"height":37,"caption":"The Timken Company"},"image":{"@id":"https:\/\/www.timken.com\/ko\/#\/schema\/logo\/image\/"}}]}},"_links":{"self":[{"href":"https:\/\/www.timken.com\/ko\/wp-json\/wp\/v2\/pages\/33706","targetHints":{"allow":["GET"]}}],"collection":[{"href":"https:\/\/www.timken.com\/ko\/wp-json\/wp\/v2\/pages"}],"about":[{"href":"https:\/\/www.timken.com\/ko\/wp-json\/wp\/v2\/types\/page"}],"author":[{"embeddable":true,"href":"https:\/\/www.timken.com\/ko\/wp-json\/wp\/v2\/users\/1"}],"replies":[{"embeddable":true,"href":"https:\/\/www.timken.com\/ko\/wp-json\/wp\/v2\/comments?post=33706"}],"version-history":[{"count":0,"href":"https:\/\/www.timken.com\/ko\/wp-json\/wp\/v2\/pages\/33706\/revisions"}],"wp:attachment":[{"href":"https:\/\/www.timken.com\/ko\/wp-json\/wp\/v2\/media?parent=33706"}],"curies":[{"name":"wp","href":"https:\/\/api.w.org\/{rel}","templated":true}]}}