{"id":33813,"date":"2017-01-24T03:37:11","date_gmt":"2017-01-24T07:37:11","guid":{"rendered":"https:\/\/www.timken.com\/fr\/?page_id=33813"},"modified":"2025-01-16T13:07:07","modified_gmt":"2025-01-16T17:07:07","slug":"termes-et-modalites-de-vente","status":"publish","type":"page","link":"https:\/\/www.timken.com\/fr\/annonces-legales\/termes-et-modalites-de-vente\/","title":{"rendered":"Termes et modalit\u00e9s de vente"},"content":{"rendered":"<h3>Timken Am\u00e9rique du Nord et du Sud (sauf indication contraire indiqu\u00e9e ci-dessous)<\/h3>\n<p><a style=\"float:left;\" class=\"icon-title icon-title--inline\" target=\"_blank\" href=\"\"><svg class=\"icon pdf\" role=\"img\" title=\"pdf\" viewbox=\"0 0 27 32\" xmlns=\"http:\/\/www.w3.org\/2000\/svg\">\n\t\t<path d=\"M26.367 9.563c-.277-.664-.609-1.189-.996-1.576L18.896 1.52c-.387-.387-.913-.719-1.577-.995-.664-.277-1.273-.415-1.826-.415H2.21C1.657.11 1.187.303.8.69A1.918 1.918 0 0 0 .219 2.1v27.864c0 .553.193 1.023.58 1.41.388.387.858.58 1.412.58H24.79c.553 0 1.023-.193 1.41-.58.388-.387.581-.857.581-1.41V11.387c0-.553-.138-1.16-.414-1.824zm-10.21-6.634c.4.138.684.29.85.456l6.496 6.489c.166.166.318.45.456.85h-7.802V2.929zm7.969 26.37H2.875V2.764H13.5v8.625c0 .552.194 1.022.581 1.41.387.386.858.58 1.411.58h8.634V29.3z\"><\/path>\n\t\t<path d=\"M20.805 21.339H6.195a.648.648 0 0 0-.477.186.646.646 0 0 0-.187.477v1.327c0 .193.062.352.187.477a.648.648 0 0 0 .477.186h14.61a.647.647 0 0 0 .477-.186.646.646 0 0 0 .187-.477v-1.327a.646.646 0 0 0-.187-.477.648.648 0 0 0-.477-.186zM5.718 16.218a.646.646 0 0 0-.187.477v1.326c0 .194.062.353.187.477a.648.648 0 0 0 .477.187h14.61a.647.647 0 0 0 .477-.187.646.646 0 0 0 .187-.477v-1.326a.647.647 0 0 0-.187-.477.647.647 0 0 0-.477-.187H6.195a.648.648 0 0 0-.477.187z\"><\/path>\n\t<\/svg><strong class=\"icon-label\" style=\"line-height:1.9em;\"><a href=\"https:\/\/www.timken.com\/wp-content\/uploads\/2020\/06\/Timken-Terms-and-Conditions-of-Sale-20200608-1.pdf\" target=\"_blank\" rel=\"noopener noreferrer\">Termes et modalit\u00e9s de vente Timken &#8211; Anglais<\/a><\/strong><\/a><\/p>\n<p><a style=\"float:left;\" class=\"icon-title icon-title--inline\" target=\"_blank\" href=\"\"><svg class=\"icon pdf\" role=\"img\" title=\"pdf\" viewbox=\"0 0 27 32\" xmlns=\"http:\/\/www.w3.org\/2000\/svg\">\n\t\t<path d=\"M26.367 9.563c-.277-.664-.609-1.189-.996-1.576L18.896 1.52c-.387-.387-.913-.719-1.577-.995-.664-.277-1.273-.415-1.826-.415H2.21C1.657.11 1.187.303.8.69A1.918 1.918 0 0 0 .219 2.1v27.864c0 .553.193 1.023.58 1.41.388.387.858.58 1.412.58H24.79c.553 0 1.023-.193 1.41-.58.388-.387.581-.857.581-1.41V11.387c0-.553-.138-1.16-.414-1.824zm-10.21-6.634c.4.138.684.29.85.456l6.496 6.489c.166.166.318.45.456.85h-7.802V2.929zm7.969 26.37H2.875V2.764H13.5v8.625c0 .552.194 1.022.581 1.41.387.386.858.58 1.411.58h8.634V29.3z\"><\/path>\n\t\t<path d=\"M20.805 21.339H6.195a.648.648 0 0 0-.477.186.646.646 0 0 0-.187.477v1.327c0 .193.062.352.187.477a.648.648 0 0 0 .477.186h14.61a.647.647 0 0 0 .477-.186.646.646 0 0 0 .187-.477v-1.327a.646.646 0 0 0-.187-.477.648.648 0 0 0-.477-.186zM5.718 16.218a.646.646 0 0 0-.187.477v1.326c0 .194.062.353.187.477a.648.648 0 0 0 .477.187h14.61a.647.647 0 0 0 .477-.187.646.646 0 0 0 .187-.477v-1.326a.647.647 0 0 0-.187-.477.647.647 0 0 0-.477-.187H6.195a.648.648 0 0 0-.477.187z\"><\/path>\n\t<\/svg><strong class=\"icon-label\" style=\"line-height:1.9em;\"><a href=\"https:\/\/www.timken.com\/wp-content\/uploads\/2020\/06\/Timken-Special-Warranty-Period-Schedule-20200608-2.pdf\" target=\"_blank\" rel=\"noopener noreferrer\">Timken Special Warranty Period Schedule &#8211; Anglais<\/a><\/strong><\/a><\/p>\n<p><a style=\"float:left;\" class=\"icon-title icon-title--inline\" target=\"_blank\" href=\"\"><svg class=\"icon pdf\" role=\"img\" title=\"pdf\" viewbox=\"0 0 27 32\" xmlns=\"http:\/\/www.w3.org\/2000\/svg\">\n\t\t<path d=\"M26.367 9.563c-.277-.664-.609-1.189-.996-1.576L18.896 1.52c-.387-.387-.913-.719-1.577-.995-.664-.277-1.273-.415-1.826-.415H2.21C1.657.11 1.187.303.8.69A1.918 1.918 0 0 0 .219 2.1v27.864c0 .553.193 1.023.58 1.41.388.387.858.58 1.412.58H24.79c.553 0 1.023-.193 1.41-.58.388-.387.581-.857.581-1.41V11.387c0-.553-.138-1.16-.414-1.824zm-10.21-6.634c.4.138.684.29.85.456l6.496 6.489c.166.166.318.45.456.85h-7.802V2.929zm7.969 26.37H2.875V2.764H13.5v8.625c0 .552.194 1.022.581 1.41.387.386.858.58 1.411.58h8.634V29.3z\"><\/path>\n\t\t<path d=\"M20.805 21.339H6.195a.648.648 0 0 0-.477.186.646.646 0 0 0-.187.477v1.327c0 .193.062.352.187.477a.648.648 0 0 0 .477.186h14.61a.647.647 0 0 0 .477-.186.646.646 0 0 0 .187-.477v-1.327a.646.646 0 0 0-.187-.477.648.648 0 0 0-.477-.186zM5.718 16.218a.646.646 0 0 0-.187.477v1.326c0 .194.062.353.187.477a.648.648 0 0 0 .477.187h14.61a.647.647 0 0 0 .477-.187.646.646 0 0 0 .187-.477v-1.326a.647.647 0 0 0-.187-.477.647.647 0 0 0-.477-.187H6.195a.648.648 0 0 0-.477.187z\"><\/path>\n\t<\/svg><strong class=\"icon-label\" style=\"line-height:1.9em;\"><a href=\"https:\/\/www.timken.com\/wp-content\/uploads\/2020\/06\/Timken-Terms-and-Conditions-of-Sale-20200608_es-MX-1.pdf\" target=\"_blank\" rel=\"noopener noreferrer\">Termes et modalit\u00e9s de vente Timken &#8211; Espagnol<\/a><\/strong><\/a><\/p>\n<p><a style=\"float:left;\" class=\"icon-title icon-title--inline\" target=\"_blank\" href=\"\"><svg class=\"icon pdf\" role=\"img\" title=\"pdf\" viewbox=\"0 0 27 32\" xmlns=\"http:\/\/www.w3.org\/2000\/svg\">\n\t\t<path d=\"M26.367 9.563c-.277-.664-.609-1.189-.996-1.576L18.896 1.52c-.387-.387-.913-.719-1.577-.995-.664-.277-1.273-.415-1.826-.415H2.21C1.657.11 1.187.303.8.69A1.918 1.918 0 0 0 .219 2.1v27.864c0 .553.193 1.023.58 1.41.388.387.858.58 1.412.58H24.79c.553 0 1.023-.193 1.41-.58.388-.387.581-.857.581-1.41V11.387c0-.553-.138-1.16-.414-1.824zm-10.21-6.634c.4.138.684.29.85.456l6.496 6.489c.166.166.318.45.456.85h-7.802V2.929zm7.969 26.37H2.875V2.764H13.5v8.625c0 .552.194 1.022.581 1.41.387.386.858.58 1.411.58h8.634V29.3z\"><\/path>\n\t\t<path d=\"M20.805 21.339H6.195a.648.648 0 0 0-.477.186.646.646 0 0 0-.187.477v1.327c0 .193.062.352.187.477a.648.648 0 0 0 .477.186h14.61a.647.647 0 0 0 .477-.186.646.646 0 0 0 .187-.477v-1.327a.646.646 0 0 0-.187-.477.648.648 0 0 0-.477-.186zM5.718 16.218a.646.646 0 0 0-.187.477v1.326c0 .194.062.353.187.477a.648.648 0 0 0 .477.187h14.61a.647.647 0 0 0 .477-.187.646.646 0 0 0 .187-.477v-1.326a.647.647 0 0 0-.187-.477.647.647 0 0 0-.477-.187H6.195a.648.648 0 0 0-.477.187z\"><\/path>\n\t<\/svg><strong class=\"icon-label\" style=\"line-height:1.9em;\"><a href=\"https:\/\/www.timken.com\/wp-content\/uploads\/2020\/06\/Timken-Terms-and-Conditions-of-Sale-20200608_es-MX-1.pdf\" target=\"_blank\" rel=\"noopener noreferrer\">Timken Special Warranty Period Schedule &#8211; Espagnol<\/a><\/strong><\/a><\/p><h3>Timken Europe<\/h3>\n<p><a style=\"float:left;\" class=\"icon-title icon-title--inline\" target=\"_blank\" href=\"\"><svg class=\"icon pdf\" role=\"img\" title=\"pdf\" viewbox=\"0 0 27 32\" xmlns=\"http:\/\/www.w3.org\/2000\/svg\">\n\t\t<path d=\"M26.367 9.563c-.277-.664-.609-1.189-.996-1.576L18.896 1.52c-.387-.387-.913-.719-1.577-.995-.664-.277-1.273-.415-1.826-.415H2.21C1.657.11 1.187.303.8.69A1.918 1.918 0 0 0 .219 2.1v27.864c0 .553.193 1.023.58 1.41.388.387.858.58 1.412.58H24.79c.553 0 1.023-.193 1.41-.58.388-.387.581-.857.581-1.41V11.387c0-.553-.138-1.16-.414-1.824zm-10.21-6.634c.4.138.684.29.85.456l6.496 6.489c.166.166.318.45.456.85h-7.802V2.929zm7.969 26.37H2.875V2.764H13.5v8.625c0 .552.194 1.022.581 1.41.387.386.858.58 1.411.58h8.634V29.3z\"><\/path>\n\t\t<path d=\"M20.805 21.339H6.195a.648.648 0 0 0-.477.186.646.646 0 0 0-.187.477v1.327c0 .193.062.352.187.477a.648.648 0 0 0 .477.186h14.61a.647.647 0 0 0 .477-.186.646.646 0 0 0 .187-.477v-1.327a.646.646 0 0 0-.187-.477.648.648 0 0 0-.477-.186zM5.718 16.218a.646.646 0 0 0-.187.477v1.326c0 .194.062.353.187.477a.648.648 0 0 0 .477.187h14.61a.647.647 0 0 0 .477-.187.646.646 0 0 0 .187-.477v-1.326a.647.647 0 0 0-.187-.477.647.647 0 0 0-.477-.187H6.195a.648.648 0 0 0-.477.187z\"><\/path>\n\t<\/svg><strong class=\"icon-label\" style=\"line-height:1.9em;\"><a href=\"https:\/\/www.timken.com\/resources\/timken-general-terms-and-conditions-europe-english\/\" target=\"_blank\" rel=\"noopener noreferrer\">Termes et modalit\u00e9s de vente Timken &#8211; Europe &#8211; Anglais<\/a><\/strong><\/a><\/p><h3>Timken Afrique du Sud<\/h3>\n<p><a style=\"float:left;\" class=\"icon-title icon-title--inline\" target=\"_blank\" href=\"\"><svg class=\"icon pdf\" role=\"img\" title=\"pdf\" viewbox=\"0 0 27 32\" xmlns=\"http:\/\/www.w3.org\/2000\/svg\">\n\t\t<path d=\"M26.367 9.563c-.277-.664-.609-1.189-.996-1.576L18.896 1.52c-.387-.387-.913-.719-1.577-.995-.664-.277-1.273-.415-1.826-.415H2.21C1.657.11 1.187.303.8.69A1.918 1.918 0 0 0 .219 2.1v27.864c0 .553.193 1.023.58 1.41.388.387.858.58 1.412.58H24.79c.553 0 1.023-.193 1.41-.58.388-.387.581-.857.581-1.41V11.387c0-.553-.138-1.16-.414-1.824zm-10.21-6.634c.4.138.684.29.85.456l6.496 6.489c.166.166.318.45.456.85h-7.802V2.929zm7.969 26.37H2.875V2.764H13.5v8.625c0 .552.194 1.022.581 1.41.387.386.858.58 1.411.58h8.634V29.3z\"><\/path>\n\t\t<path d=\"M20.805 21.339H6.195a.648.648 0 0 0-.477.186.646.646 0 0 0-.187.477v1.327c0 .193.062.352.187.477a.648.648 0 0 0 .477.186h14.61a.647.647 0 0 0 .477-.186.646.646 0 0 0 .187-.477v-1.327a.646.646 0 0 0-.187-.477.648.648 0 0 0-.477-.186zM5.718 16.218a.646.646 0 0 0-.187.477v1.326c0 .194.062.353.187.477a.648.648 0 0 0 .477.187h14.61a.647.647 0 0 0 .477-.187.646.646 0 0 0 .187-.477v-1.326a.647.647 0 0 0-.187-.477.647.647 0 0 0-.477-.187H6.195a.648.648 0 0 0-.477.187z\"><\/path>\n\t<\/svg><strong class=\"icon-label\" style=\"line-height:1.9em;\"><a href=\"https:\/\/www.timken.com\/resources\/timken-south-africa-terms-and-conditions-of-sale\/\" target=\"_blank\" rel=\"noopener noreferrer\">Termes et modalit\u00e9s de vente Timken Afrique du Sud<\/a><\/strong><\/a><\/p><h3>Timken Gears and Services (R\u00e9ducteurs) (y compris la marque<sup>&reg;<\/sup> Philadelphia)<\/h3>\n<p><a style=\"float:left;\" class=\"icon-title icon-title--inline\" target=\"_blank\" href=\"\"><svg class=\"icon pdf\" role=\"img\" title=\"pdf\" viewbox=\"0 0 27 32\" xmlns=\"http:\/\/www.w3.org\/2000\/svg\">\n\t\t<path d=\"M26.367 9.563c-.277-.664-.609-1.189-.996-1.576L18.896 1.52c-.387-.387-.913-.719-1.577-.995-.664-.277-1.273-.415-1.826-.415H2.21C1.657.11 1.187.303.8.69A1.918 1.918 0 0 0 .219 2.1v27.864c0 .553.193 1.023.58 1.41.388.387.858.58 1.412.58H24.79c.553 0 1.023-.193 1.41-.58.388-.387.581-.857.581-1.41V11.387c0-.553-.138-1.16-.414-1.824zm-10.21-6.634c.4.138.684.29.85.456l6.496 6.489c.166.166.318.45.456.85h-7.802V2.929zm7.969 26.37H2.875V2.764H13.5v8.625c0 .552.194 1.022.581 1.41.387.386.858.58 1.411.58h8.634V29.3z\"><\/path>\n\t\t<path d=\"M20.805 21.339H6.195a.648.648 0 0 0-.477.186.646.646 0 0 0-.187.477v1.327c0 .193.062.352.187.477a.648.648 0 0 0 .477.186h14.61a.647.647 0 0 0 .477-.186.646.646 0 0 0 .187-.477v-1.327a.646.646 0 0 0-.187-.477.648.648 0 0 0-.477-.186zM5.718 16.218a.646.646 0 0 0-.187.477v1.326c0 .194.062.353.187.477a.648.648 0 0 0 .477.187h14.61a.647.647 0 0 0 .477-.187.646.646 0 0 0 .187-.477v-1.326a.647.647 0 0 0-.187-.477.647.647 0 0 0-.477-.187H6.195a.648.648 0 0 0-.477.187z\"><\/path>\n\t<\/svg><strong class=\"icon-label\" style=\"line-height:1.9em;\"><a href=\"https:\/\/www.timken.com\/resources\/tgs-terms-and-conditions-of-sale\/\" target=\"_blank\" rel=\"noopener noreferrer\">Termes et modalit\u00e9s de vente TGS<\/a><\/strong><\/a><\/p><h3>Timken Motor and Crane Services (Moteurs et grues)<\/h3>\n<p><a style=\"float:left;\" class=\"icon-title icon-title--inline\" target=\"_blank\" href=\"\"><svg class=\"icon pdf\" role=\"img\" title=\"pdf\" viewbox=\"0 0 27 32\" xmlns=\"http:\/\/www.w3.org\/2000\/svg\">\n\t\t<path d=\"M26.367 9.563c-.277-.664-.609-1.189-.996-1.576L18.896 1.52c-.387-.387-.913-.719-1.577-.995-.664-.277-1.273-.415-1.826-.415H2.21C1.657.11 1.187.303.8.69A1.918 1.918 0 0 0 .219 2.1v27.864c0 .553.193 1.023.58 1.41.388.387.858.58 1.412.58H24.79c.553 0 1.023-.193 1.41-.58.388-.387.581-.857.581-1.41V11.387c0-.553-.138-1.16-.414-1.824zm-10.21-6.634c.4.138.684.29.85.456l6.496 6.489c.166.166.318.45.456.85h-7.802V2.929zm7.969 26.37H2.875V2.764H13.5v8.625c0 .552.194 1.022.581 1.41.387.386.858.58 1.411.58h8.634V29.3z\"><\/path>\n\t\t<path d=\"M20.805 21.339H6.195a.648.648 0 0 0-.477.186.646.646 0 0 0-.187.477v1.327c0 .193.062.352.187.477a.648.648 0 0 0 .477.186h14.61a.647.647 0 0 0 .477-.186.646.646 0 0 0 .187-.477v-1.327a.646.646 0 0 0-.187-.477.648.648 0 0 0-.477-.186zM5.718 16.218a.646.646 0 0 0-.187.477v1.326c0 .194.062.353.187.477a.648.648 0 0 0 .477.187h14.61a.647.647 0 0 0 .477-.187.646.646 0 0 0 .187-.477v-1.326a.647.647 0 0 0-.187-.477.647.647 0 0 0-.477-.187H6.195a.648.648 0 0 0-.477.187z\"><\/path>\n\t<\/svg><strong class=\"icon-label\" style=\"line-height:1.9em;\"><a href=\"https:\/\/www.timken.com\/resources\/terms-and-conditions-tmcs\/\" target=\"_blank\" rel=\"noopener noreferrer\">Termes et modalit\u00e9sTMCS<\/a><\/strong><\/a><\/p><h3>Timken Drives LLC (Courroies)<\/h3>\n<p><a style=\"float:left;\" class=\"icon-title icon-title--inline\" target=\"_blank\" href=\"\"><svg class=\"icon pdf\" role=\"img\" title=\"pdf\" viewbox=\"0 0 27 32\" xmlns=\"http:\/\/www.w3.org\/2000\/svg\">\n\t\t<path d=\"M26.367 9.563c-.277-.664-.609-1.189-.996-1.576L18.896 1.52c-.387-.387-.913-.719-1.577-.995-.664-.277-1.273-.415-1.826-.415H2.21C1.657.11 1.187.303.8.69A1.918 1.918 0 0 0 .219 2.1v27.864c0 .553.193 1.023.58 1.41.388.387.858.58 1.412.58H24.79c.553 0 1.023-.193 1.41-.58.388-.387.581-.857.581-1.41V11.387c0-.553-.138-1.16-.414-1.824zm-10.21-6.634c.4.138.684.29.85.456l6.496 6.489c.166.166.318.45.456.85h-7.802V2.929zm7.969 26.37H2.875V2.764H13.5v8.625c0 .552.194 1.022.581 1.41.387.386.858.58 1.411.58h8.634V29.3z\"><\/path>\n\t\t<path d=\"M20.805 21.339H6.195a.648.648 0 0 0-.477.186.646.646 0 0 0-.187.477v1.327c0 .193.062.352.187.477a.648.648 0 0 0 .477.186h14.61a.647.647 0 0 0 .477-.186.646.646 0 0 0 .187-.477v-1.327a.646.646 0 0 0-.187-.477.648.648 0 0 0-.477-.186zM5.718 16.218a.646.646 0 0 0-.187.477v1.326c0 .194.062.353.187.477a.648.648 0 0 0 .477.187h14.61a.647.647 0 0 0 .477-.187.646.646 0 0 0 .187-.477v-1.326a.647.647 0 0 0-.187-.477.647.647 0 0 0-.477-.187H6.195a.648.648 0 0 0-.477.187z\"><\/path>\n\t<\/svg><strong class=\"icon-label\" style=\"line-height:1.9em;\"><a href=\"https:\/\/www.timken.com\/resources\/timken-drives-llc-terms-and-conditions-of-sale\/\" target=\"_blank\" rel=\"noopener noreferrer\">Termes et modalit\u00e9s de vente Timken Drives LLC<\/a><\/strong><\/a><\/p><h3>Timken Aerospace Bearing Repair (R\u00e9paration des roulements pour l\u2019a\u00e9ronautique)<\/h3>\n<p><a style=\"float:left;\" class=\"icon-title icon-title--inline\" target=\"_blank\" href=\"\"><svg class=\"icon pdf\" role=\"img\" title=\"pdf\" viewbox=\"0 0 27 32\" xmlns=\"http:\/\/www.w3.org\/2000\/svg\">\n\t\t<path d=\"M26.367 9.563c-.277-.664-.609-1.189-.996-1.576L18.896 1.52c-.387-.387-.913-.719-1.577-.995-.664-.277-1.273-.415-1.826-.415H2.21C1.657.11 1.187.303.8.69A1.918 1.918 0 0 0 .219 2.1v27.864c0 .553.193 1.023.58 1.41.388.387.858.58 1.412.58H24.79c.553 0 1.023-.193 1.41-.58.388-.387.581-.857.581-1.41V11.387c0-.553-.138-1.16-.414-1.824zm-10.21-6.634c.4.138.684.29.85.456l6.496 6.489c.166.166.318.45.456.85h-7.802V2.929zm7.969 26.37H2.875V2.764H13.5v8.625c0 .552.194 1.022.581 1.41.387.386.858.58 1.411.58h8.634V29.3z\"><\/path>\n\t\t<path d=\"M20.805 21.339H6.195a.648.648 0 0 0-.477.186.646.646 0 0 0-.187.477v1.327c0 .193.062.352.187.477a.648.648 0 0 0 .477.186h14.61a.647.647 0 0 0 .477-.186.646.646 0 0 0 .187-.477v-1.327a.646.646 0 0 0-.187-.477.648.648 0 0 0-.477-.186zM5.718 16.218a.646.646 0 0 0-.187.477v1.326c0 .194.062.353.187.477a.648.648 0 0 0 .477.187h14.61a.647.647 0 0 0 .477-.187.646.646 0 0 0 .187-.477v-1.326a.647.647 0 0 0-.187-.477.647.647 0 0 0-.477-.187H6.195a.648.648 0 0 0-.477.187z\"><\/path>\n\t<\/svg><strong class=\"icon-label\" style=\"line-height:1.9em;\"><a href=\"https:\/\/www.timken.com\/resources\/bii-terms-and-conditions-of-sale\/\" target=\"_blank\" rel=\"noopener noreferrer\">Termes et modalit\u00e9s de vente TABR<\/a><\/strong><\/a><\/p><h3>Torsion Control Products, Inc.<\/h3>\n<p><a style=\"float:left;\" class=\"icon-title icon-title--inline\" target=\"_blank\" href=\"\"><svg class=\"icon pdf\" role=\"img\" title=\"pdf\" viewbox=\"0 0 27 32\" xmlns=\"http:\/\/www.w3.org\/2000\/svg\">\n\t\t<path d=\"M26.367 9.563c-.277-.664-.609-1.189-.996-1.576L18.896 1.52c-.387-.387-.913-.719-1.577-.995-.664-.277-1.273-.415-1.826-.415H2.21C1.657.11 1.187.303.8.69A1.918 1.918 0 0 0 .219 2.1v27.864c0 .553.193 1.023.58 1.41.388.387.858.58 1.412.58H24.79c.553 0 1.023-.193 1.41-.58.388-.387.581-.857.581-1.41V11.387c0-.553-.138-1.16-.414-1.824zm-10.21-6.634c.4.138.684.29.85.456l6.496 6.489c.166.166.318.45.456.85h-7.802V2.929zm7.969 26.37H2.875V2.764H13.5v8.625c0 .552.194 1.022.581 1.41.387.386.858.58 1.411.58h8.634V29.3z\"><\/path>\n\t\t<path d=\"M20.805 21.339H6.195a.648.648 0 0 0-.477.186.646.646 0 0 0-.187.477v1.327c0 .193.062.352.187.477a.648.648 0 0 0 .477.186h14.61a.647.647 0 0 0 .477-.186.646.646 0 0 0 .187-.477v-1.327a.646.646 0 0 0-.187-.477.648.648 0 0 0-.477-.186zM5.718 16.218a.646.646 0 0 0-.187.477v1.326c0 .194.062.353.187.477a.648.648 0 0 0 .477.187h14.61a.647.647 0 0 0 .477-.187.646.646 0 0 0 .187-.477v-1.326a.647.647 0 0 0-.187-.477.647.647 0 0 0-.477-.187H6.195a.648.648 0 0 0-.477.187z\"><\/path>\n\t<\/svg><strong class=\"icon-label\" style=\"line-height:1.9em;\"><a href=\"https:\/\/www.timken.com\/resources\/torsion-control-products-inc-terms-and-conditions-of-sale\/\" target=\"_blank\" rel=\"noopener noreferrer\">Termes et modalit\u00e9s de vente Torsion Control Products, Inc.<\/a><\/strong><\/a><\/p>\n","protected":false},"excerpt":{"rendered":"<p>Timken Am\u00e9rique du Nord et du Sud (sauf indication contraire indiqu\u00e9e ci-dessous)Timken EuropeTimken Afrique du SudTimken Gears and Services (R\u00e9ducteurs) (y compris la marque Philadelphia)Timken Motor and Crane Services (Moteurs et grues)Timken Drives LLC (Courroies)Timken Aerospace Bearing Repair (R\u00e9paration des roulements pour l\u2019a\u00e9ronautique)Torsion Control Products, Inc.<\/p>\n","protected":false},"author":1,"featured_media":0,"parent":33811,"menu_order":0,"comment_status":"closed","ping_status":"closed","template":"","meta":{"_acf_changed":false,"_et_pb_use_builder":"","_et_pb_old_content":"","_et_gb_content_width":"","_oasis_is_in_workflow":0,"_oasis_original":0,"_oasis_task_priority":"2normal","footnotes":""},"class_list":["post-33813","page","type-page","status-publish","hentry"],"acf":[],"yoast_head":"<!-- This site is optimized with the Yoast SEO plugin v27.2 - https:\/\/yoast.com\/product\/yoast-seo-wordpress\/ -->\n<title>Termes et modalit\u00e9s de vente - The Timken Company<\/title>\n<meta name=\"description\" content=\"Timken Am\u00e9rique du Nord et du Sud (sauf indication contraire indiqu\u00e9e ci-dessous) &nbsp; Timken Europe &nbsp; Timken Afrique du Sud &nbsp; Timken Gears\" \/>\n<meta name=\"robots\" content=\"index, follow, max-snippet:-1, max-image-preview:large, max-video-preview:-1\" \/>\n<link rel=\"canonical\" href=\"https:\/\/www.timken.com\/fr\/annonces-legales\/termes-et-modalites-de-vente\/\" \/>\n<meta property=\"og:locale\" content=\"fr_FR\" \/>\n<meta property=\"og:type\" content=\"article\" \/>\n<meta property=\"og:title\" content=\"Termes et modalit\u00e9s de vente - The Timken Company\" \/>\n<meta property=\"og:description\" content=\"Timken Am\u00e9rique du Nord et du Sud (sauf indication contraire indiqu\u00e9e ci-dessous) &nbsp; Timken Europe &nbsp; Timken Afrique du Sud &nbsp; Timken Gears\" \/>\n<meta property=\"og:url\" content=\"https:\/\/www.timken.com\/fr\/annonces-legales\/termes-et-modalites-de-vente\/\" \/>\n<meta property=\"og:site_name\" content=\"The Timken Company\" \/>\n<meta property=\"article:modified_time\" content=\"2025-01-16T17:07:07+00:00\" \/>\n<meta name=\"twitter:card\" content=\"summary_large_image\" \/>\n<meta name=\"twitter:label1\" content=\"Dur\u00e9e de lecture estim\u00e9e\" \/>\n\t<meta name=\"twitter:data1\" content=\"1 minute\" \/>\n<script type=\"application\/ld+json\" class=\"yoast-schema-graph\">{\"@context\":\"https:\/\/schema.org\",\"@graph\":[{\"@type\":\"WebPage\",\"@id\":\"https:\/\/www.timken.com\/fr\/annonces-legales\/termes-et-modalites-de-vente\/\",\"url\":\"https:\/\/www.timken.com\/fr\/annonces-legales\/termes-et-modalites-de-vente\/\",\"name\":\"Termes et modalit\u00e9s de vente - The Timken Company\",\"isPartOf\":{\"@id\":\"https:\/\/www.timken.com\/fr\/#website\"},\"datePublished\":\"2017-01-24T07:37:11+00:00\",\"dateModified\":\"2025-01-16T17:07:07+00:00\",\"description\":\"Timken Am\u00e9rique du Nord et du Sud (sauf indication contraire indiqu\u00e9e ci-dessous) &nbsp; Timken Europe &nbsp; Timken Afrique du Sud &nbsp; Timken Gears\",\"breadcrumb\":{\"@id\":\"https:\/\/www.timken.com\/fr\/annonces-legales\/termes-et-modalites-de-vente\/#breadcrumb\"},\"inLanguage\":\"fr-FR\",\"potentialAction\":[{\"@type\":\"ReadAction\",\"target\":[\"https:\/\/www.timken.com\/fr\/annonces-legales\/termes-et-modalites-de-vente\/\"]}]},{\"@type\":\"BreadcrumbList\",\"@id\":\"https:\/\/www.timken.com\/fr\/annonces-legales\/termes-et-modalites-de-vente\/#breadcrumb\",\"itemListElement\":[{\"@type\":\"ListItem\",\"position\":1,\"name\":\"Home\",\"item\":\"https:\/\/www.timken.com\/fr\/\"},{\"@type\":\"ListItem\",\"position\":2,\"name\":\"Annonces l\u00e9gales\",\"item\":\"https:\/\/www.timken.com\/fr\/annonces-legales\/\"},{\"@type\":\"ListItem\",\"position\":3,\"name\":\"Termes et modalit\u00e9s de vente\"}]},{\"@type\":\"WebSite\",\"@id\":\"https:\/\/www.timken.com\/fr\/#website\",\"url\":\"https:\/\/www.timken.com\/fr\/\",\"name\":\"The Timken Company\",\"description\":\"Stronger. By Design.\",\"publisher\":{\"@id\":\"https:\/\/www.timken.com\/fr\/#organization\"},\"potentialAction\":[{\"@type\":\"SearchAction\",\"target\":{\"@type\":\"EntryPoint\",\"urlTemplate\":\"https:\/\/www.timken.com\/fr\/?s={search_term_string}\"},\"query-input\":{\"@type\":\"PropertyValueSpecification\",\"valueRequired\":true,\"valueName\":\"search_term_string\"}}],\"inLanguage\":\"fr-FR\"},{\"@type\":\"Organization\",\"@id\":\"https:\/\/www.timken.com\/fr\/#organization\",\"name\":\"The Timken Company\",\"url\":\"https:\/\/www.timken.com\/fr\/\",\"logo\":{\"@type\":\"ImageObject\",\"inLanguage\":\"fr-FR\",\"@id\":\"https:\/\/www.timken.com\/fr\/#\/schema\/logo\/image\/\",\"url\":\"https:\/\/www.timken.com\/wp-content\/uploads\/2016\/07\/Timken_logo.png\",\"contentUrl\":\"https:\/\/www.timken.com\/wp-content\/uploads\/2016\/07\/Timken_logo.png\",\"width\":173,\"height\":37,\"caption\":\"The Timken Company\"},\"image\":{\"@id\":\"https:\/\/www.timken.com\/fr\/#\/schema\/logo\/image\/\"}}]}<\/script>\n<!-- \/ Yoast SEO plugin. -->","yoast_head_json":{"title":"Termes et modalit\u00e9s de vente - The Timken Company","description":"Timken Am\u00e9rique du Nord et du Sud (sauf indication contraire indiqu\u00e9e ci-dessous) &nbsp; Timken Europe &nbsp; Timken Afrique du Sud &nbsp; Timken Gears","robots":{"index":"index","follow":"follow","max-snippet":"max-snippet:-1","max-image-preview":"max-image-preview:large","max-video-preview":"max-video-preview:-1"},"canonical":"https:\/\/www.timken.com\/fr\/annonces-legales\/termes-et-modalites-de-vente\/","og_locale":"fr_FR","og_type":"article","og_title":"Termes et modalit\u00e9s de vente - The Timken Company","og_description":"Timken Am\u00e9rique du Nord et du Sud (sauf indication contraire indiqu\u00e9e ci-dessous) &nbsp; Timken Europe &nbsp; Timken Afrique du Sud &nbsp; Timken Gears","og_url":"https:\/\/www.timken.com\/fr\/annonces-legales\/termes-et-modalites-de-vente\/","og_site_name":"The Timken Company","article_modified_time":"2025-01-16T17:07:07+00:00","twitter_card":"summary_large_image","twitter_misc":{"Dur\u00e9e de lecture estim\u00e9e":"1 minute"},"schema":{"@context":"https:\/\/schema.org","@graph":[{"@type":"WebPage","@id":"https:\/\/www.timken.com\/fr\/annonces-legales\/termes-et-modalites-de-vente\/","url":"https:\/\/www.timken.com\/fr\/annonces-legales\/termes-et-modalites-de-vente\/","name":"Termes et modalit\u00e9s de vente - The Timken Company","isPartOf":{"@id":"https:\/\/www.timken.com\/fr\/#website"},"datePublished":"2017-01-24T07:37:11+00:00","dateModified":"2025-01-16T17:07:07+00:00","description":"Timken Am\u00e9rique du Nord et du Sud (sauf indication contraire indiqu\u00e9e ci-dessous) &nbsp; Timken Europe &nbsp; Timken Afrique du Sud &nbsp; Timken Gears","breadcrumb":{"@id":"https:\/\/www.timken.com\/fr\/annonces-legales\/termes-et-modalites-de-vente\/#breadcrumb"},"inLanguage":"fr-FR","potentialAction":[{"@type":"ReadAction","target":["https:\/\/www.timken.com\/fr\/annonces-legales\/termes-et-modalites-de-vente\/"]}]},{"@type":"BreadcrumbList","@id":"https:\/\/www.timken.com\/fr\/annonces-legales\/termes-et-modalites-de-vente\/#breadcrumb","itemListElement":[{"@type":"ListItem","position":1,"name":"Home","item":"https:\/\/www.timken.com\/fr\/"},{"@type":"ListItem","position":2,"name":"Annonces l\u00e9gales","item":"https:\/\/www.timken.com\/fr\/annonces-legales\/"},{"@type":"ListItem","position":3,"name":"Termes et modalit\u00e9s de vente"}]},{"@type":"WebSite","@id":"https:\/\/www.timken.com\/fr\/#website","url":"https:\/\/www.timken.com\/fr\/","name":"The Timken Company","description":"Stronger. By Design.","publisher":{"@id":"https:\/\/www.timken.com\/fr\/#organization"},"potentialAction":[{"@type":"SearchAction","target":{"@type":"EntryPoint","urlTemplate":"https:\/\/www.timken.com\/fr\/?s={search_term_string}"},"query-input":{"@type":"PropertyValueSpecification","valueRequired":true,"valueName":"search_term_string"}}],"inLanguage":"fr-FR"},{"@type":"Organization","@id":"https:\/\/www.timken.com\/fr\/#organization","name":"The Timken Company","url":"https:\/\/www.timken.com\/fr\/","logo":{"@type":"ImageObject","inLanguage":"fr-FR","@id":"https:\/\/www.timken.com\/fr\/#\/schema\/logo\/image\/","url":"https:\/\/www.timken.com\/wp-content\/uploads\/2016\/07\/Timken_logo.png","contentUrl":"https:\/\/www.timken.com\/wp-content\/uploads\/2016\/07\/Timken_logo.png","width":173,"height":37,"caption":"The Timken Company"},"image":{"@id":"https:\/\/www.timken.com\/fr\/#\/schema\/logo\/image\/"}}]}},"_links":{"self":[{"href":"https:\/\/www.timken.com\/fr\/wp-json\/wp\/v2\/pages\/33813","targetHints":{"allow":["GET"]}}],"collection":[{"href":"https:\/\/www.timken.com\/fr\/wp-json\/wp\/v2\/pages"}],"about":[{"href":"https:\/\/www.timken.com\/fr\/wp-json\/wp\/v2\/types\/page"}],"author":[{"embeddable":true,"href":"https:\/\/www.timken.com\/fr\/wp-json\/wp\/v2\/users\/1"}],"replies":[{"embeddable":true,"href":"https:\/\/www.timken.com\/fr\/wp-json\/wp\/v2\/comments?post=33813"}],"version-history":[{"count":0,"href":"https:\/\/www.timken.com\/fr\/wp-json\/wp\/v2\/pages\/33813\/revisions"}],"up":[{"embeddable":true,"href":"https:\/\/www.timken.com\/fr\/wp-json\/wp\/v2\/pages\/33811"}],"wp:attachment":[{"href":"https:\/\/www.timken.com\/fr\/wp-json\/wp\/v2\/media?parent=33813"}],"curies":[{"name":"wp","href":"https:\/\/api.w.org\/{rel}","templated":true}]}}