{"id":33811,"date":"2017-01-24T03:23:05","date_gmt":"2017-01-24T07:23:05","guid":{"rendered":"https:\/\/www.timken.com\/fr\/?page_id=33811"},"modified":"2025-12-09T17:49:47","modified_gmt":"2025-12-09T21:49:47","slug":"annonces-legales","status":"publish","type":"page","link":"https:\/\/www.timken.com\/fr\/annonces-legales\/","title":{"rendered":"Annonces l\u00e9gales"},"content":{"rendered":"<p>Timken s\u2019engage \u00e0 livrer des produits et services pour la gestion du frottement et la transmission de puissance m\u00e9canique\u00a0qui soient conformes aux normes de fabrication et de s\u00e9curit\u00e9 reconnues \u00e0 l\u2019\u00e9chelle mondiale.<\/p>\n","protected":false},"excerpt":{"rendered":"<p>Timken s\u2019engage \u00e0 livrer des produits et services pour la gestion du frottement et la transmission de puissance m\u00e9canique\u00a0qui soient conformes aux normes de fabrication et de s\u00e9curit\u00e9 reconnues \u00e0 l\u2019\u00e9chelle mondiale.<\/p>\n","protected":false},"author":1,"featured_media":0,"parent":0,"menu_order":50,"comment_status":"closed","ping_status":"closed","template":"","meta":{"_acf_changed":false,"_et_pb_use_builder":"","_et_pb_old_content":"","_et_gb_content_width":"","_oasis_is_in_workflow":0,"_oasis_original":0,"_oasis_task_priority":"2normal","footnotes":""},"class_list":["post-33811","page","type-page","status-publish","hentry"],"acf":[],"yoast_head":"<!-- This site is optimized with the Yoast SEO plugin v27.2 - https:\/\/yoast.com\/product\/yoast-seo-wordpress\/ -->\n<title>Annonces l\u00e9gales - The Timken Company<\/title>\n<meta name=\"description\" content=\"Timken s\u2019engage \u00e0 livrer des produits et services pour la gestion du frottement et la transmission de puissance m\u00e9canique\u00a0qui soient conformes aux normes\" \/>\n<meta name=\"robots\" content=\"index, follow, max-snippet:-1, max-image-preview:large, max-video-preview:-1\" \/>\n<link rel=\"canonical\" href=\"https:\/\/www.timken.com\/fr\/annonces-legales\/\" \/>\n<meta property=\"og:locale\" content=\"fr_FR\" \/>\n<meta property=\"og:type\" content=\"article\" \/>\n<meta property=\"og:title\" content=\"Annonces l\u00e9gales - The Timken Company\" \/>\n<meta property=\"og:description\" content=\"Timken s\u2019engage \u00e0 livrer des produits et services pour la gestion du frottement et la transmission de puissance m\u00e9canique\u00a0qui soient conformes aux normes\" \/>\n<meta property=\"og:url\" content=\"https:\/\/www.timken.com\/fr\/annonces-legales\/\" \/>\n<meta property=\"og:site_name\" content=\"The Timken Company\" \/>\n<meta property=\"article:modified_time\" content=\"2025-12-09T21:49:47+00:00\" \/>\n<meta name=\"twitter:card\" content=\"summary_large_image\" \/>\n<meta name=\"twitter:label1\" content=\"Dur\u00e9e de lecture estim\u00e9e\" \/>\n\t<meta name=\"twitter:data1\" content=\"1 minute\" \/>\n<script type=\"application\/ld+json\" class=\"yoast-schema-graph\">{\"@context\":\"https:\/\/schema.org\",\"@graph\":[{\"@type\":\"WebPage\",\"@id\":\"https:\/\/www.timken.com\/fr\/annonces-legales\/\",\"url\":\"https:\/\/www.timken.com\/fr\/annonces-legales\/\",\"name\":\"Annonces l\u00e9gales - The Timken Company\",\"isPartOf\":{\"@id\":\"https:\/\/www.timken.com\/fr\/#website\"},\"datePublished\":\"2017-01-24T07:23:05+00:00\",\"dateModified\":\"2025-12-09T21:49:47+00:00\",\"description\":\"Timken s\u2019engage \u00e0 livrer des produits et services pour la gestion du frottement et la transmission de puissance m\u00e9canique\u00a0qui soient conformes aux normes\",\"breadcrumb\":{\"@id\":\"https:\/\/www.timken.com\/fr\/annonces-legales\/#breadcrumb\"},\"inLanguage\":\"fr-FR\",\"potentialAction\":[{\"@type\":\"ReadAction\",\"target\":[\"https:\/\/www.timken.com\/fr\/annonces-legales\/\"]}]},{\"@type\":\"BreadcrumbList\",\"@id\":\"https:\/\/www.timken.com\/fr\/annonces-legales\/#breadcrumb\",\"itemListElement\":[{\"@type\":\"ListItem\",\"position\":1,\"name\":\"Home\",\"item\":\"https:\/\/www.timken.com\/fr\/\"},{\"@type\":\"ListItem\",\"position\":2,\"name\":\"Annonces l\u00e9gales\"}]},{\"@type\":\"WebSite\",\"@id\":\"https:\/\/www.timken.com\/fr\/#website\",\"url\":\"https:\/\/www.timken.com\/fr\/\",\"name\":\"The Timken Company\",\"description\":\"Stronger. By Design.\",\"publisher\":{\"@id\":\"https:\/\/www.timken.com\/fr\/#organization\"},\"potentialAction\":[{\"@type\":\"SearchAction\",\"target\":{\"@type\":\"EntryPoint\",\"urlTemplate\":\"https:\/\/www.timken.com\/fr\/?s={search_term_string}\"},\"query-input\":{\"@type\":\"PropertyValueSpecification\",\"valueRequired\":true,\"valueName\":\"search_term_string\"}}],\"inLanguage\":\"fr-FR\"},{\"@type\":\"Organization\",\"@id\":\"https:\/\/www.timken.com\/fr\/#organization\",\"name\":\"The Timken Company\",\"url\":\"https:\/\/www.timken.com\/fr\/\",\"logo\":{\"@type\":\"ImageObject\",\"inLanguage\":\"fr-FR\",\"@id\":\"https:\/\/www.timken.com\/fr\/#\/schema\/logo\/image\/\",\"url\":\"https:\/\/www.timken.com\/wp-content\/uploads\/2016\/07\/Timken_logo.png\",\"contentUrl\":\"https:\/\/www.timken.com\/wp-content\/uploads\/2016\/07\/Timken_logo.png\",\"width\":173,\"height\":37,\"caption\":\"The Timken Company\"},\"image\":{\"@id\":\"https:\/\/www.timken.com\/fr\/#\/schema\/logo\/image\/\"}}]}<\/script>\n<!-- \/ Yoast SEO plugin. -->","yoast_head_json":{"title":"Annonces l\u00e9gales - The Timken Company","description":"Timken s\u2019engage \u00e0 livrer des produits et services pour la gestion du frottement et la transmission de puissance m\u00e9canique\u00a0qui soient conformes aux normes","robots":{"index":"index","follow":"follow","max-snippet":"max-snippet:-1","max-image-preview":"max-image-preview:large","max-video-preview":"max-video-preview:-1"},"canonical":"https:\/\/www.timken.com\/fr\/annonces-legales\/","og_locale":"fr_FR","og_type":"article","og_title":"Annonces l\u00e9gales - The Timken Company","og_description":"Timken s\u2019engage \u00e0 livrer des produits et services pour la gestion du frottement et la transmission de puissance m\u00e9canique\u00a0qui soient conformes aux normes","og_url":"https:\/\/www.timken.com\/fr\/annonces-legales\/","og_site_name":"The Timken Company","article_modified_time":"2025-12-09T21:49:47+00:00","twitter_card":"summary_large_image","twitter_misc":{"Dur\u00e9e de lecture estim\u00e9e":"1 minute"},"schema":{"@context":"https:\/\/schema.org","@graph":[{"@type":"WebPage","@id":"https:\/\/www.timken.com\/fr\/annonces-legales\/","url":"https:\/\/www.timken.com\/fr\/annonces-legales\/","name":"Annonces l\u00e9gales - The Timken Company","isPartOf":{"@id":"https:\/\/www.timken.com\/fr\/#website"},"datePublished":"2017-01-24T07:23:05+00:00","dateModified":"2025-12-09T21:49:47+00:00","description":"Timken s\u2019engage \u00e0 livrer des produits et services pour la gestion du frottement et la transmission de puissance m\u00e9canique\u00a0qui soient conformes aux normes","breadcrumb":{"@id":"https:\/\/www.timken.com\/fr\/annonces-legales\/#breadcrumb"},"inLanguage":"fr-FR","potentialAction":[{"@type":"ReadAction","target":["https:\/\/www.timken.com\/fr\/annonces-legales\/"]}]},{"@type":"BreadcrumbList","@id":"https:\/\/www.timken.com\/fr\/annonces-legales\/#breadcrumb","itemListElement":[{"@type":"ListItem","position":1,"name":"Home","item":"https:\/\/www.timken.com\/fr\/"},{"@type":"ListItem","position":2,"name":"Annonces l\u00e9gales"}]},{"@type":"WebSite","@id":"https:\/\/www.timken.com\/fr\/#website","url":"https:\/\/www.timken.com\/fr\/","name":"The Timken Company","description":"Stronger. By Design.","publisher":{"@id":"https:\/\/www.timken.com\/fr\/#organization"},"potentialAction":[{"@type":"SearchAction","target":{"@type":"EntryPoint","urlTemplate":"https:\/\/www.timken.com\/fr\/?s={search_term_string}"},"query-input":{"@type":"PropertyValueSpecification","valueRequired":true,"valueName":"search_term_string"}}],"inLanguage":"fr-FR"},{"@type":"Organization","@id":"https:\/\/www.timken.com\/fr\/#organization","name":"The Timken Company","url":"https:\/\/www.timken.com\/fr\/","logo":{"@type":"ImageObject","inLanguage":"fr-FR","@id":"https:\/\/www.timken.com\/fr\/#\/schema\/logo\/image\/","url":"https:\/\/www.timken.com\/wp-content\/uploads\/2016\/07\/Timken_logo.png","contentUrl":"https:\/\/www.timken.com\/wp-content\/uploads\/2016\/07\/Timken_logo.png","width":173,"height":37,"caption":"The Timken Company"},"image":{"@id":"https:\/\/www.timken.com\/fr\/#\/schema\/logo\/image\/"}}]}},"_links":{"self":[{"href":"https:\/\/www.timken.com\/fr\/wp-json\/wp\/v2\/pages\/33811","targetHints":{"allow":["GET"]}}],"collection":[{"href":"https:\/\/www.timken.com\/fr\/wp-json\/wp\/v2\/pages"}],"about":[{"href":"https:\/\/www.timken.com\/fr\/wp-json\/wp\/v2\/types\/page"}],"author":[{"embeddable":true,"href":"https:\/\/www.timken.com\/fr\/wp-json\/wp\/v2\/users\/1"}],"replies":[{"embeddable":true,"href":"https:\/\/www.timken.com\/fr\/wp-json\/wp\/v2\/comments?post=33811"}],"version-history":[{"count":0,"href":"https:\/\/www.timken.com\/fr\/wp-json\/wp\/v2\/pages\/33811\/revisions"}],"wp:attachment":[{"href":"https:\/\/www.timken.com\/fr\/wp-json\/wp\/v2\/media?parent=33811"}],"curies":[{"name":"wp","href":"https:\/\/api.w.org\/{rel}","templated":true}]}}