{"id":10948,"date":"2016-10-04T12:10:00","date_gmt":"2016-10-04T16:10:00","guid":{"rendered":"https:\/\/www.timken.com\/fr\/?page_id=10948"},"modified":"2025-01-16T13:02:53","modified_gmt":"2025-01-16T17:02:53","slug":"ronald-j-myers","status":"publish","type":"page","link":"https:\/\/www.timken.com\/fr\/a-propos\/ronald-j-myers\/","title":{"rendered":"Ronald J. Myers"},"content":{"rendered":"<p>Ronald J. Myers est vice president of human resources et membre du bureau de The Timken Company. Nomm\u00e9 \u00e0 ce poste en 2015, il a \u00e9t\u00e9 \u00e9lu membre du bureau de la soci\u00e9t\u00e9 en 2016.<\/p>\n<p>M. Myers dirige une \u00e9quipe internationale qui favorise l&rsquo;\u00e9panouissement, l&rsquo;engagement et la r\u00e9ussite des employ\u00e9s dans tous les sites de la soci\u00e9t\u00e9. Son \u00e9quipe travaille \u00e9troitement avec les dirigeants de la soci\u00e9t\u00e9 afin d&rsquo;aligner les objectifs mondiaux des ressources humaines sur les strat\u00e9gies commerciales et sur les plans d&rsquo;exploitation, tout en cr\u00e9ant un lieu de travail inclusif valorisant la diversit\u00e9 de pens\u00e9e.<\/p>\n<p>En 1982, M. Myers a d\u00e9but\u00e9 sa carri\u00e8re chez Timken en tant que technicien d\u2019\u00e9tude des syst\u00e8mes industriels et a ensuite occup\u00e9 des postes dans plusieurs services, notamment de d\u00e9veloppement des collaborateurs, de l&rsquo;am\u00e9lioration continue et de la sant\u00e9, de la s\u00e9curit\u00e9 et de l&rsquo;environnement. En 1999, il a \u00e9t\u00e9 mut\u00e9 dans une filiale de la soci\u00e9t\u00e9 en qualit\u00e9 de directeur g\u00e9n\u00e9ral de l&rsquo;optimisation organisationnelle, des achats et de la logistique. M. Myers est revenu au si\u00e8ge de Timken en 2003 en tant que directeur de l&rsquo;optimisation organisationnelle, a \u00e9t\u00e9 nomm\u00e9 vice-pr\u00e9sident de l&rsquo;optimisation des processus industriels en 2007 et a assum\u00e9 la fonction de vice-pr\u00e9sident de l&rsquo;optimisation organisationnelle en 2009.<\/p>\n<p>Il est titulaire d&rsquo;une licence de gestion commerciale et d&rsquo;\u00e9tudes commerciales de la Baldwin Wallace University et d&rsquo;une ma\u00eetrise d&rsquo;administration des affaires de la Case Western Reserve University\u2019s Weatherhead School of Business de Cleveland de l\u2019Ohio. M. Myers si\u00e8ge au conseil d&rsquo;administration de The Timken Company Charitable &amp; Educational Fund et au conseil de CommQuest, un organisme de lutte contre la drogue, l&rsquo;alcool et de la sant\u00e9 comportementale bas\u00e9 \u00e0 Canton en Ohio.<\/p>\n","protected":false},"excerpt":{"rendered":"<p>Ronald J. Myers est vice president of human resources et membre du bureau de The Timken Company. Nomm\u00e9 \u00e0 ce poste en 2015, il a \u00e9t\u00e9 \u00e9lu membre du bureau de la soci\u00e9t\u00e9 en 2016. M. Myers dirige une \u00e9quipe internationale qui favorise l&rsquo;\u00e9panouissement, l&rsquo;engagement et la r\u00e9ussite des employ\u00e9s dans tous les sites de [&hellip;]<\/p>\n","protected":false},"author":1,"featured_media":0,"parent":471156,"menu_order":103,"comment_status":"closed","ping_status":"closed","template":"templates\/template-leadership.php","meta":{"_acf_changed":false,"_et_pb_use_builder":"","_et_pb_old_content":"","_et_gb_content_width":"","_oasis_is_in_workflow":0,"_oasis_original":0,"_oasis_task_priority":"2normal","footnotes":""},"class_list":["post-10948","page","type-page","status-publish","hentry"],"acf":[],"yoast_head":"<!-- This site is optimized with the Yoast SEO plugin v27.2 - https:\/\/yoast.com\/product\/yoast-seo-wordpress\/ -->\n<title>Ronald J. Myers | VP des ressources humaines de The Timken Company<\/title>\n<meta name=\"description\" content=\"Ronald J. Myers est le VP des ressources humaines de The Timken Company. En savoir plus sur sa formation et ses contributions.\" \/>\n<meta name=\"robots\" content=\"index, follow, max-snippet:-1, max-image-preview:large, max-video-preview:-1\" \/>\n<link rel=\"canonical\" href=\"https:\/\/www.timken.com\/fr\/a-propos\/ronald-j-myers\/\" \/>\n<meta property=\"og:locale\" content=\"fr_FR\" \/>\n<meta property=\"og:type\" content=\"article\" \/>\n<meta property=\"og:title\" content=\"Ronald J. Myers | VP des ressources humaines de The Timken Company\" \/>\n<meta property=\"og:description\" content=\"Ronald J. Myers est le VP des ressources humaines de The Timken Company. En savoir plus sur sa formation et ses contributions.\" \/>\n<meta property=\"og:url\" content=\"https:\/\/www.timken.com\/fr\/a-propos\/ronald-j-myers\/\" \/>\n<meta property=\"og:site_name\" content=\"The Timken Company\" \/>\n<meta property=\"article:modified_time\" content=\"2025-01-16T17:02:53+00:00\" \/>\n<meta name=\"twitter:card\" content=\"summary_large_image\" \/>\n<meta name=\"twitter:label1\" content=\"Dur\u00e9e de lecture estim\u00e9e\" \/>\n\t<meta name=\"twitter:data1\" content=\"1 minute\" \/>\n<script type=\"application\/ld+json\" class=\"yoast-schema-graph\">{\"@context\":\"https:\/\/schema.org\",\"@graph\":[{\"@type\":\"WebPage\",\"@id\":\"https:\/\/www.timken.com\/fr\/a-propos\/ronald-j-myers\/\",\"url\":\"https:\/\/www.timken.com\/fr\/a-propos\/ronald-j-myers\/\",\"name\":\"Ronald J. Myers | VP des ressources humaines de The Timken Company\",\"isPartOf\":{\"@id\":\"https:\/\/www.timken.com\/fr\/#website\"},\"datePublished\":\"2016-10-04T16:10:00+00:00\",\"dateModified\":\"2025-01-16T17:02:53+00:00\",\"description\":\"Ronald J. Myers est le VP des ressources humaines de The Timken Company. En savoir plus sur sa formation et ses contributions.\",\"breadcrumb\":{\"@id\":\"https:\/\/www.timken.com\/fr\/a-propos\/ronald-j-myers\/#breadcrumb\"},\"inLanguage\":\"fr-FR\",\"potentialAction\":[{\"@type\":\"ReadAction\",\"target\":[\"https:\/\/www.timken.com\/fr\/a-propos\/ronald-j-myers\/\"]}]},{\"@type\":\"BreadcrumbList\",\"@id\":\"https:\/\/www.timken.com\/fr\/a-propos\/ronald-j-myers\/#breadcrumb\",\"itemListElement\":[{\"@type\":\"ListItem\",\"position\":1,\"name\":\"Home\",\"item\":\"https:\/\/www.timken.com\/fr\/\"},{\"@type\":\"ListItem\",\"position\":2,\"name\":\"\u00c0 propos\",\"item\":\"https:\/\/www.timken.com\/fr\/a-propos\/\"},{\"@type\":\"ListItem\",\"position\":3,\"name\":\"Ronald J. Myers\"}]},{\"@type\":\"WebSite\",\"@id\":\"https:\/\/www.timken.com\/fr\/#website\",\"url\":\"https:\/\/www.timken.com\/fr\/\",\"name\":\"The Timken Company\",\"description\":\"Stronger. By Design.\",\"publisher\":{\"@id\":\"https:\/\/www.timken.com\/fr\/#organization\"},\"potentialAction\":[{\"@type\":\"SearchAction\",\"target\":{\"@type\":\"EntryPoint\",\"urlTemplate\":\"https:\/\/www.timken.com\/fr\/?s={search_term_string}\"},\"query-input\":{\"@type\":\"PropertyValueSpecification\",\"valueRequired\":true,\"valueName\":\"search_term_string\"}}],\"inLanguage\":\"fr-FR\"},{\"@type\":\"Organization\",\"@id\":\"https:\/\/www.timken.com\/fr\/#organization\",\"name\":\"The Timken Company\",\"url\":\"https:\/\/www.timken.com\/fr\/\",\"logo\":{\"@type\":\"ImageObject\",\"inLanguage\":\"fr-FR\",\"@id\":\"https:\/\/www.timken.com\/fr\/#\/schema\/logo\/image\/\",\"url\":\"https:\/\/www.timken.com\/wp-content\/uploads\/2016\/07\/Timken_logo.png\",\"contentUrl\":\"https:\/\/www.timken.com\/wp-content\/uploads\/2016\/07\/Timken_logo.png\",\"width\":173,\"height\":37,\"caption\":\"The Timken Company\"},\"image\":{\"@id\":\"https:\/\/www.timken.com\/fr\/#\/schema\/logo\/image\/\"}}]}<\/script>\n<!-- \/ Yoast SEO plugin. -->","yoast_head_json":{"title":"Ronald J. Myers | VP des ressources humaines de The Timken Company","description":"Ronald J. Myers est le VP des ressources humaines de The Timken Company. En savoir plus sur sa formation et ses contributions.","robots":{"index":"index","follow":"follow","max-snippet":"max-snippet:-1","max-image-preview":"max-image-preview:large","max-video-preview":"max-video-preview:-1"},"canonical":"https:\/\/www.timken.com\/fr\/a-propos\/ronald-j-myers\/","og_locale":"fr_FR","og_type":"article","og_title":"Ronald J. Myers | VP des ressources humaines de The Timken Company","og_description":"Ronald J. Myers est le VP des ressources humaines de The Timken Company. En savoir plus sur sa formation et ses contributions.","og_url":"https:\/\/www.timken.com\/fr\/a-propos\/ronald-j-myers\/","og_site_name":"The Timken Company","article_modified_time":"2025-01-16T17:02:53+00:00","twitter_card":"summary_large_image","twitter_misc":{"Dur\u00e9e de lecture estim\u00e9e":"1 minute"},"schema":{"@context":"https:\/\/schema.org","@graph":[{"@type":"WebPage","@id":"https:\/\/www.timken.com\/fr\/a-propos\/ronald-j-myers\/","url":"https:\/\/www.timken.com\/fr\/a-propos\/ronald-j-myers\/","name":"Ronald J. Myers | VP des ressources humaines de The Timken Company","isPartOf":{"@id":"https:\/\/www.timken.com\/fr\/#website"},"datePublished":"2016-10-04T16:10:00+00:00","dateModified":"2025-01-16T17:02:53+00:00","description":"Ronald J. Myers est le VP des ressources humaines de The Timken Company. En savoir plus sur sa formation et ses contributions.","breadcrumb":{"@id":"https:\/\/www.timken.com\/fr\/a-propos\/ronald-j-myers\/#breadcrumb"},"inLanguage":"fr-FR","potentialAction":[{"@type":"ReadAction","target":["https:\/\/www.timken.com\/fr\/a-propos\/ronald-j-myers\/"]}]},{"@type":"BreadcrumbList","@id":"https:\/\/www.timken.com\/fr\/a-propos\/ronald-j-myers\/#breadcrumb","itemListElement":[{"@type":"ListItem","position":1,"name":"Home","item":"https:\/\/www.timken.com\/fr\/"},{"@type":"ListItem","position":2,"name":"\u00c0 propos","item":"https:\/\/www.timken.com\/fr\/a-propos\/"},{"@type":"ListItem","position":3,"name":"Ronald J. Myers"}]},{"@type":"WebSite","@id":"https:\/\/www.timken.com\/fr\/#website","url":"https:\/\/www.timken.com\/fr\/","name":"The Timken Company","description":"Stronger. By Design.","publisher":{"@id":"https:\/\/www.timken.com\/fr\/#organization"},"potentialAction":[{"@type":"SearchAction","target":{"@type":"EntryPoint","urlTemplate":"https:\/\/www.timken.com\/fr\/?s={search_term_string}"},"query-input":{"@type":"PropertyValueSpecification","valueRequired":true,"valueName":"search_term_string"}}],"inLanguage":"fr-FR"},{"@type":"Organization","@id":"https:\/\/www.timken.com\/fr\/#organization","name":"The Timken Company","url":"https:\/\/www.timken.com\/fr\/","logo":{"@type":"ImageObject","inLanguage":"fr-FR","@id":"https:\/\/www.timken.com\/fr\/#\/schema\/logo\/image\/","url":"https:\/\/www.timken.com\/wp-content\/uploads\/2016\/07\/Timken_logo.png","contentUrl":"https:\/\/www.timken.com\/wp-content\/uploads\/2016\/07\/Timken_logo.png","width":173,"height":37,"caption":"The Timken Company"},"image":{"@id":"https:\/\/www.timken.com\/fr\/#\/schema\/logo\/image\/"}}]}},"_links":{"self":[{"href":"https:\/\/www.timken.com\/fr\/wp-json\/wp\/v2\/pages\/10948","targetHints":{"allow":["GET"]}}],"collection":[{"href":"https:\/\/www.timken.com\/fr\/wp-json\/wp\/v2\/pages"}],"about":[{"href":"https:\/\/www.timken.com\/fr\/wp-json\/wp\/v2\/types\/page"}],"author":[{"embeddable":true,"href":"https:\/\/www.timken.com\/fr\/wp-json\/wp\/v2\/users\/1"}],"replies":[{"embeddable":true,"href":"https:\/\/www.timken.com\/fr\/wp-json\/wp\/v2\/comments?post=10948"}],"version-history":[{"count":0,"href":"https:\/\/www.timken.com\/fr\/wp-json\/wp\/v2\/pages\/10948\/revisions"}],"up":[{"embeddable":true,"href":"https:\/\/www.timken.com\/fr\/wp-json\/wp\/v2\/pages\/471156"}],"wp:attachment":[{"href":"https:\/\/www.timken.com\/fr\/wp-json\/wp\/v2\/media?parent=10948"}],"curies":[{"name":"wp","href":"https:\/\/api.w.org\/{rel}","templated":true}]}}