{"id":10874,"date":"2016-10-04T11:34:00","date_gmt":"2016-10-04T15:34:00","guid":{"rendered":"https:\/\/www.timken.com\/fr\/?page_id=10874"},"modified":"2025-01-16T13:01:33","modified_gmt":"2025-01-16T17:01:33","slug":"avantages","status":"publish","type":"page","link":"https:\/\/www.timken.com\/fr\/carrieres\/avantages\/","title":{"rendered":"Avantages"},"content":{"rendered":"<h2>Timken offre des avantages attractifs\u00a0:<\/h2>\n<p>Recevez un salaire concurrentiel et des primes\u00a0compl\u00e9mentaires reposant sur les performances individuelles et les performances de l&rsquo;entreprise.<\/p>\n<p>B\u00e9n\u00e9ficiez d&rsquo;un ensemble complet d&rsquo;avantages pouvant inclure des programmes de sant\u00e9, d&rsquo;aide sociale, de bien-\u00eatre, de\u00a0pensions compl\u00e9mentaires, et de cong\u00e9s.<\/p>\n<p>Instruisez-vous par le biais d&rsquo;une formation en salle de classe\u00a0o\u00f9\u00a0en ligne, et perfectionnez votre \u00e9ducation dans un domaine li\u00e9 \u00e0 votre carri\u00e8re gr\u00e2ce \u00e0 un remboursement des frais d&rsquo;inscription.<\/p>\n<p>Recevez une assistance pour le d\u00e9m\u00e9nagement et les frais s\u2019y rapportant, si vous remplissez les conditions.<\/p>\n","protected":false},"excerpt":{"rendered":"<p>Timken offre des avantages attractifs\u00a0: Recevez un salaire concurrentiel et des primes\u00a0compl\u00e9mentaires reposant sur les performances individuelles et les performances de l&rsquo;entreprise. B\u00e9n\u00e9ficiez d&rsquo;un ensemble complet d&rsquo;avantages pouvant inclure des programmes de sant\u00e9, d&rsquo;aide sociale, de bien-\u00eatre, de\u00a0pensions compl\u00e9mentaires, et de cong\u00e9s. Instruisez-vous par le biais d&rsquo;une formation en salle de classe\u00a0o\u00f9\u00a0en ligne, et perfectionnez [&hellip;]<\/p>\n","protected":false},"author":1,"featured_media":0,"parent":11052,"menu_order":0,"comment_status":"closed","ping_status":"closed","template":"templates\/template-long.php","meta":{"_acf_changed":false,"_et_pb_use_builder":"","_et_pb_old_content":"","_et_gb_content_width":"","_oasis_is_in_workflow":0,"_oasis_original":0,"_oasis_task_priority":"2normal","footnotes":""},"class_list":["post-10874","page","type-page","status-publish","hentry"],"acf":[],"yoast_head":"<!-- This site is optimized with the Yoast SEO plugin v27.2 - https:\/\/yoast.com\/product\/yoast-seo-wordpress\/ -->\n<title>Avantages sociaux | Carri\u00e8res \u00e0 The Timken Company<\/title>\n<meta name=\"description\" content=\"The Timken Company se soucie de ses employ\u00e9s. Affichez nos avantages sociaux con\u00e7us pour attirer les meilleurs talents et conserver nos employ\u00e9s m\u00e9ritants.\" \/>\n<meta name=\"robots\" content=\"index, follow, max-snippet:-1, max-image-preview:large, max-video-preview:-1\" \/>\n<link rel=\"canonical\" href=\"https:\/\/www.timken.com\/fr\/carrieres\/avantages\/\" \/>\n<meta property=\"og:locale\" content=\"fr_FR\" \/>\n<meta property=\"og:type\" content=\"article\" \/>\n<meta property=\"og:title\" content=\"Avantages sociaux | Carri\u00e8res \u00e0 The Timken Company\" \/>\n<meta property=\"og:description\" content=\"The Timken Company se soucie de ses employ\u00e9s. Affichez nos avantages sociaux con\u00e7us pour attirer les meilleurs talents et conserver nos employ\u00e9s m\u00e9ritants.\" \/>\n<meta property=\"og:url\" content=\"https:\/\/www.timken.com\/fr\/carrieres\/avantages\/\" \/>\n<meta property=\"og:site_name\" content=\"The Timken Company\" \/>\n<meta property=\"article:modified_time\" content=\"2025-01-16T17:01:33+00:00\" \/>\n<meta name=\"twitter:card\" content=\"summary_large_image\" \/>\n<meta name=\"twitter:label1\" content=\"Dur\u00e9e de lecture estim\u00e9e\" \/>\n\t<meta name=\"twitter:data1\" content=\"1 minute\" \/>\n<script type=\"application\/ld+json\" class=\"yoast-schema-graph\">{\"@context\":\"https:\/\/schema.org\",\"@graph\":[{\"@type\":\"WebPage\",\"@id\":\"https:\/\/www.timken.com\/fr\/carrieres\/avantages\/\",\"url\":\"https:\/\/www.timken.com\/fr\/carrieres\/avantages\/\",\"name\":\"Avantages sociaux | Carri\u00e8res \u00e0 The Timken Company\",\"isPartOf\":{\"@id\":\"https:\/\/www.timken.com\/fr\/#website\"},\"datePublished\":\"2016-10-04T15:34:00+00:00\",\"dateModified\":\"2025-01-16T17:01:33+00:00\",\"description\":\"The Timken Company se soucie de ses employ\u00e9s. Affichez nos avantages sociaux con\u00e7us pour attirer les meilleurs talents et conserver nos employ\u00e9s m\u00e9ritants.\",\"breadcrumb\":{\"@id\":\"https:\/\/www.timken.com\/fr\/carrieres\/avantages\/#breadcrumb\"},\"inLanguage\":\"fr-FR\",\"potentialAction\":[{\"@type\":\"ReadAction\",\"target\":[\"https:\/\/www.timken.com\/fr\/carrieres\/avantages\/\"]}]},{\"@type\":\"BreadcrumbList\",\"@id\":\"https:\/\/www.timken.com\/fr\/carrieres\/avantages\/#breadcrumb\",\"itemListElement\":[{\"@type\":\"ListItem\",\"position\":1,\"name\":\"Home\",\"item\":\"https:\/\/www.timken.com\/fr\/\"},{\"@type\":\"ListItem\",\"position\":2,\"name\":\"Carri\u00e8res\",\"item\":\"https:\/\/www.timken.com\/fr\/carrieres\/\"},{\"@type\":\"ListItem\",\"position\":3,\"name\":\"Avantages\"}]},{\"@type\":\"WebSite\",\"@id\":\"https:\/\/www.timken.com\/fr\/#website\",\"url\":\"https:\/\/www.timken.com\/fr\/\",\"name\":\"The Timken Company\",\"description\":\"Stronger. By Design.\",\"publisher\":{\"@id\":\"https:\/\/www.timken.com\/fr\/#organization\"},\"potentialAction\":[{\"@type\":\"SearchAction\",\"target\":{\"@type\":\"EntryPoint\",\"urlTemplate\":\"https:\/\/www.timken.com\/fr\/?s={search_term_string}\"},\"query-input\":{\"@type\":\"PropertyValueSpecification\",\"valueRequired\":true,\"valueName\":\"search_term_string\"}}],\"inLanguage\":\"fr-FR\"},{\"@type\":\"Organization\",\"@id\":\"https:\/\/www.timken.com\/fr\/#organization\",\"name\":\"The Timken Company\",\"url\":\"https:\/\/www.timken.com\/fr\/\",\"logo\":{\"@type\":\"ImageObject\",\"inLanguage\":\"fr-FR\",\"@id\":\"https:\/\/www.timken.com\/fr\/#\/schema\/logo\/image\/\",\"url\":\"https:\/\/www.timken.com\/wp-content\/uploads\/2016\/07\/Timken_logo.png\",\"contentUrl\":\"https:\/\/www.timken.com\/wp-content\/uploads\/2016\/07\/Timken_logo.png\",\"width\":173,\"height\":37,\"caption\":\"The Timken Company\"},\"image\":{\"@id\":\"https:\/\/www.timken.com\/fr\/#\/schema\/logo\/image\/\"}}]}<\/script>\n<!-- \/ Yoast SEO plugin. -->","yoast_head_json":{"title":"Avantages sociaux | Carri\u00e8res \u00e0 The Timken Company","description":"The Timken Company se soucie de ses employ\u00e9s. Affichez nos avantages sociaux con\u00e7us pour attirer les meilleurs talents et conserver nos employ\u00e9s m\u00e9ritants.","robots":{"index":"index","follow":"follow","max-snippet":"max-snippet:-1","max-image-preview":"max-image-preview:large","max-video-preview":"max-video-preview:-1"},"canonical":"https:\/\/www.timken.com\/fr\/carrieres\/avantages\/","og_locale":"fr_FR","og_type":"article","og_title":"Avantages sociaux | Carri\u00e8res \u00e0 The Timken Company","og_description":"The Timken Company se soucie de ses employ\u00e9s. Affichez nos avantages sociaux con\u00e7us pour attirer les meilleurs talents et conserver nos employ\u00e9s m\u00e9ritants.","og_url":"https:\/\/www.timken.com\/fr\/carrieres\/avantages\/","og_site_name":"The Timken Company","article_modified_time":"2025-01-16T17:01:33+00:00","twitter_card":"summary_large_image","twitter_misc":{"Dur\u00e9e de lecture estim\u00e9e":"1 minute"},"schema":{"@context":"https:\/\/schema.org","@graph":[{"@type":"WebPage","@id":"https:\/\/www.timken.com\/fr\/carrieres\/avantages\/","url":"https:\/\/www.timken.com\/fr\/carrieres\/avantages\/","name":"Avantages sociaux | Carri\u00e8res \u00e0 The Timken Company","isPartOf":{"@id":"https:\/\/www.timken.com\/fr\/#website"},"datePublished":"2016-10-04T15:34:00+00:00","dateModified":"2025-01-16T17:01:33+00:00","description":"The Timken Company se soucie de ses employ\u00e9s. Affichez nos avantages sociaux con\u00e7us pour attirer les meilleurs talents et conserver nos employ\u00e9s m\u00e9ritants.","breadcrumb":{"@id":"https:\/\/www.timken.com\/fr\/carrieres\/avantages\/#breadcrumb"},"inLanguage":"fr-FR","potentialAction":[{"@type":"ReadAction","target":["https:\/\/www.timken.com\/fr\/carrieres\/avantages\/"]}]},{"@type":"BreadcrumbList","@id":"https:\/\/www.timken.com\/fr\/carrieres\/avantages\/#breadcrumb","itemListElement":[{"@type":"ListItem","position":1,"name":"Home","item":"https:\/\/www.timken.com\/fr\/"},{"@type":"ListItem","position":2,"name":"Carri\u00e8res","item":"https:\/\/www.timken.com\/fr\/carrieres\/"},{"@type":"ListItem","position":3,"name":"Avantages"}]},{"@type":"WebSite","@id":"https:\/\/www.timken.com\/fr\/#website","url":"https:\/\/www.timken.com\/fr\/","name":"The Timken Company","description":"Stronger. By Design.","publisher":{"@id":"https:\/\/www.timken.com\/fr\/#organization"},"potentialAction":[{"@type":"SearchAction","target":{"@type":"EntryPoint","urlTemplate":"https:\/\/www.timken.com\/fr\/?s={search_term_string}"},"query-input":{"@type":"PropertyValueSpecification","valueRequired":true,"valueName":"search_term_string"}}],"inLanguage":"fr-FR"},{"@type":"Organization","@id":"https:\/\/www.timken.com\/fr\/#organization","name":"The Timken Company","url":"https:\/\/www.timken.com\/fr\/","logo":{"@type":"ImageObject","inLanguage":"fr-FR","@id":"https:\/\/www.timken.com\/fr\/#\/schema\/logo\/image\/","url":"https:\/\/www.timken.com\/wp-content\/uploads\/2016\/07\/Timken_logo.png","contentUrl":"https:\/\/www.timken.com\/wp-content\/uploads\/2016\/07\/Timken_logo.png","width":173,"height":37,"caption":"The Timken Company"},"image":{"@id":"https:\/\/www.timken.com\/fr\/#\/schema\/logo\/image\/"}}]}},"_links":{"self":[{"href":"https:\/\/www.timken.com\/fr\/wp-json\/wp\/v2\/pages\/10874","targetHints":{"allow":["GET"]}}],"collection":[{"href":"https:\/\/www.timken.com\/fr\/wp-json\/wp\/v2\/pages"}],"about":[{"href":"https:\/\/www.timken.com\/fr\/wp-json\/wp\/v2\/types\/page"}],"author":[{"embeddable":true,"href":"https:\/\/www.timken.com\/fr\/wp-json\/wp\/v2\/users\/1"}],"replies":[{"embeddable":true,"href":"https:\/\/www.timken.com\/fr\/wp-json\/wp\/v2\/comments?post=10874"}],"version-history":[{"count":0,"href":"https:\/\/www.timken.com\/fr\/wp-json\/wp\/v2\/pages\/10874\/revisions"}],"up":[{"embeddable":true,"href":"https:\/\/www.timken.com\/fr\/wp-json\/wp\/v2\/pages\/11052"}],"wp:attachment":[{"href":"https:\/\/www.timken.com\/fr\/wp-json\/wp\/v2\/media?parent=10874"}],"curies":[{"name":"wp","href":"https:\/\/api.w.org\/{rel}","templated":true}]}}