{"id":9131,"date":"2018-07-10T10:41:57","date_gmt":"2018-07-10T14:41:57","guid":{"rendered":"https:\/\/www.timken.com\/es\/?page_id=9131"},"modified":"2025-01-16T12:46:17","modified_gmt":"2025-01-16T16:46:17","slug":"por-que-timken","status":"publish","type":"page","link":"https:\/\/www.timken.com\/es\/oportunidades-de-empleo\/por-que-timken\/","title":{"rendered":"Por qu\u00e9 Timken"},"content":{"rendered":"<p>Invertimos en nuestros empleados al brindarles oportunidades\u00a0para avanzar personal y profesionalmente en un \u00e1mbito de colaboraci\u00f3n pero con conducci\u00f3n.\u00a0Lo logramos as\u00ed:<\/p>\n","protected":false},"excerpt":{"rendered":"<p>Invertimos en nuestros empleados al brindarles oportunidades\u00a0para avanzar personal y profesionalmente en un \u00e1mbito de colaboraci\u00f3n pero con conducci\u00f3n.\u00a0Lo logramos as\u00ed:<\/p>\n","protected":false},"author":1,"featured_media":0,"parent":9135,"menu_order":0,"comment_status":"closed","ping_status":"closed","template":"templates\/template-long.php","meta":{"_acf_changed":false,"_et_pb_use_builder":"","_et_pb_old_content":"","_et_gb_content_width":"","_oasis_is_in_workflow":0,"_oasis_original":0,"_oasis_task_priority":"2normal","footnotes":""},"class_list":["post-9131","page","type-page","status-publish","hentry"],"acf":[],"yoast_head":"<!-- This site is optimized with the Yoast SEO plugin v27.2 - https:\/\/yoast.com\/product\/yoast-seo-wordpress\/ -->\n<title>\u00bfPor qu\u00e9 trabajar en Timken? | The Timken Company<\/title>\n<meta name=\"description\" content=\"The Timken Company invierte en sus empleados. Nuestra gente tiene la oportunidad de crecer a nivel personal y profesional en un ambiente lleno de motivaciones.\" \/>\n<meta name=\"robots\" content=\"index, follow, max-snippet:-1, max-image-preview:large, max-video-preview:-1\" \/>\n<link rel=\"canonical\" href=\"https:\/\/www.timken.com\/es\/oportunidades-de-empleo\/por-que-timken\/\" \/>\n<meta property=\"og:locale\" content=\"es_ES\" \/>\n<meta property=\"og:type\" content=\"article\" \/>\n<meta property=\"og:title\" content=\"\u00bfPor qu\u00e9 trabajar en Timken? | The Timken Company\" \/>\n<meta property=\"og:description\" content=\"The Timken Company invierte en sus empleados. Nuestra gente tiene la oportunidad de crecer a nivel personal y profesional en un ambiente lleno de motivaciones.\" \/>\n<meta property=\"og:url\" content=\"https:\/\/www.timken.com\/es\/oportunidades-de-empleo\/por-que-timken\/\" \/>\n<meta property=\"og:site_name\" content=\"The Timken Company\" \/>\n<meta property=\"article:modified_time\" content=\"2025-01-16T16:46:17+00:00\" \/>\n<meta name=\"twitter:card\" content=\"summary_large_image\" \/>\n<meta name=\"twitter:label1\" content=\"Tiempo de lectura\" \/>\n\t<meta name=\"twitter:data1\" content=\"1 minuto\" \/>\n<script type=\"application\/ld+json\" class=\"yoast-schema-graph\">{\"@context\":\"https:\/\/schema.org\",\"@graph\":[{\"@type\":\"WebPage\",\"@id\":\"https:\/\/www.timken.com\/es\/oportunidades-de-empleo\/por-que-timken\/\",\"url\":\"https:\/\/www.timken.com\/es\/oportunidades-de-empleo\/por-que-timken\/\",\"name\":\"\u00bfPor qu\u00e9 trabajar en Timken? | The Timken Company\",\"isPartOf\":{\"@id\":\"https:\/\/www.timken.com\/es\/#website\"},\"datePublished\":\"2018-07-10T14:41:57+00:00\",\"dateModified\":\"2025-01-16T16:46:17+00:00\",\"description\":\"The Timken Company invierte en sus empleados. Nuestra gente tiene la oportunidad de crecer a nivel personal y profesional en un ambiente lleno de motivaciones.\",\"breadcrumb\":{\"@id\":\"https:\/\/www.timken.com\/es\/oportunidades-de-empleo\/por-que-timken\/#breadcrumb\"},\"inLanguage\":\"es\",\"potentialAction\":[{\"@type\":\"ReadAction\",\"target\":[\"https:\/\/www.timken.com\/es\/oportunidades-de-empleo\/por-que-timken\/\"]}]},{\"@type\":\"BreadcrumbList\",\"@id\":\"https:\/\/www.timken.com\/es\/oportunidades-de-empleo\/por-que-timken\/#breadcrumb\",\"itemListElement\":[{\"@type\":\"ListItem\",\"position\":1,\"name\":\"Home\",\"item\":\"https:\/\/www.timken.com\/es\/\"},{\"@type\":\"ListItem\",\"position\":2,\"name\":\"Oportunidades de empleo\",\"item\":\"https:\/\/www.timken.com\/es\/oportunidades-de-empleo\/\"},{\"@type\":\"ListItem\",\"position\":3,\"name\":\"Por qu\u00e9 Timken\"}]},{\"@type\":\"WebSite\",\"@id\":\"https:\/\/www.timken.com\/es\/#website\",\"url\":\"https:\/\/www.timken.com\/es\/\",\"name\":\"The Timken Company\",\"description\":\"Stronger. By Design.\",\"publisher\":{\"@id\":\"https:\/\/www.timken.com\/es\/#organization\"},\"potentialAction\":[{\"@type\":\"SearchAction\",\"target\":{\"@type\":\"EntryPoint\",\"urlTemplate\":\"https:\/\/www.timken.com\/es\/?s={search_term_string}\"},\"query-input\":{\"@type\":\"PropertyValueSpecification\",\"valueRequired\":true,\"valueName\":\"search_term_string\"}}],\"inLanguage\":\"es\"},{\"@type\":\"Organization\",\"@id\":\"https:\/\/www.timken.com\/es\/#organization\",\"name\":\"The Timken Company\",\"url\":\"https:\/\/www.timken.com\/es\/\",\"logo\":{\"@type\":\"ImageObject\",\"inLanguage\":\"es\",\"@id\":\"https:\/\/www.timken.com\/es\/#\/schema\/logo\/image\/\",\"url\":\"https:\/\/www.timken.com\/wp-content\/uploads\/2016\/07\/Timken_logo.png\",\"contentUrl\":\"https:\/\/www.timken.com\/wp-content\/uploads\/2016\/07\/Timken_logo.png\",\"width\":173,\"height\":37,\"caption\":\"The Timken Company\"},\"image\":{\"@id\":\"https:\/\/www.timken.com\/es\/#\/schema\/logo\/image\/\"}}]}<\/script>\n<!-- \/ Yoast SEO plugin. -->","yoast_head_json":{"title":"\u00bfPor qu\u00e9 trabajar en Timken? | The Timken Company","description":"The Timken Company invierte en sus empleados. Nuestra gente tiene la oportunidad de crecer a nivel personal y profesional en un ambiente lleno de motivaciones.","robots":{"index":"index","follow":"follow","max-snippet":"max-snippet:-1","max-image-preview":"max-image-preview:large","max-video-preview":"max-video-preview:-1"},"canonical":"https:\/\/www.timken.com\/es\/oportunidades-de-empleo\/por-que-timken\/","og_locale":"es_ES","og_type":"article","og_title":"\u00bfPor qu\u00e9 trabajar en Timken? | The Timken Company","og_description":"The Timken Company invierte en sus empleados. Nuestra gente tiene la oportunidad de crecer a nivel personal y profesional en un ambiente lleno de motivaciones.","og_url":"https:\/\/www.timken.com\/es\/oportunidades-de-empleo\/por-que-timken\/","og_site_name":"The Timken Company","article_modified_time":"2025-01-16T16:46:17+00:00","twitter_card":"summary_large_image","twitter_misc":{"Tiempo de lectura":"1 minuto"},"schema":{"@context":"https:\/\/schema.org","@graph":[{"@type":"WebPage","@id":"https:\/\/www.timken.com\/es\/oportunidades-de-empleo\/por-que-timken\/","url":"https:\/\/www.timken.com\/es\/oportunidades-de-empleo\/por-que-timken\/","name":"\u00bfPor qu\u00e9 trabajar en Timken? | The Timken Company","isPartOf":{"@id":"https:\/\/www.timken.com\/es\/#website"},"datePublished":"2018-07-10T14:41:57+00:00","dateModified":"2025-01-16T16:46:17+00:00","description":"The Timken Company invierte en sus empleados. Nuestra gente tiene la oportunidad de crecer a nivel personal y profesional en un ambiente lleno de motivaciones.","breadcrumb":{"@id":"https:\/\/www.timken.com\/es\/oportunidades-de-empleo\/por-que-timken\/#breadcrumb"},"inLanguage":"es","potentialAction":[{"@type":"ReadAction","target":["https:\/\/www.timken.com\/es\/oportunidades-de-empleo\/por-que-timken\/"]}]},{"@type":"BreadcrumbList","@id":"https:\/\/www.timken.com\/es\/oportunidades-de-empleo\/por-que-timken\/#breadcrumb","itemListElement":[{"@type":"ListItem","position":1,"name":"Home","item":"https:\/\/www.timken.com\/es\/"},{"@type":"ListItem","position":2,"name":"Oportunidades de empleo","item":"https:\/\/www.timken.com\/es\/oportunidades-de-empleo\/"},{"@type":"ListItem","position":3,"name":"Por qu\u00e9 Timken"}]},{"@type":"WebSite","@id":"https:\/\/www.timken.com\/es\/#website","url":"https:\/\/www.timken.com\/es\/","name":"The Timken Company","description":"Stronger. By Design.","publisher":{"@id":"https:\/\/www.timken.com\/es\/#organization"},"potentialAction":[{"@type":"SearchAction","target":{"@type":"EntryPoint","urlTemplate":"https:\/\/www.timken.com\/es\/?s={search_term_string}"},"query-input":{"@type":"PropertyValueSpecification","valueRequired":true,"valueName":"search_term_string"}}],"inLanguage":"es"},{"@type":"Organization","@id":"https:\/\/www.timken.com\/es\/#organization","name":"The Timken Company","url":"https:\/\/www.timken.com\/es\/","logo":{"@type":"ImageObject","inLanguage":"es","@id":"https:\/\/www.timken.com\/es\/#\/schema\/logo\/image\/","url":"https:\/\/www.timken.com\/wp-content\/uploads\/2016\/07\/Timken_logo.png","contentUrl":"https:\/\/www.timken.com\/wp-content\/uploads\/2016\/07\/Timken_logo.png","width":173,"height":37,"caption":"The Timken Company"},"image":{"@id":"https:\/\/www.timken.com\/es\/#\/schema\/logo\/image\/"}}]}},"_links":{"self":[{"href":"https:\/\/www.timken.com\/es\/wp-json\/wp\/v2\/pages\/9131","targetHints":{"allow":["GET"]}}],"collection":[{"href":"https:\/\/www.timken.com\/es\/wp-json\/wp\/v2\/pages"}],"about":[{"href":"https:\/\/www.timken.com\/es\/wp-json\/wp\/v2\/types\/page"}],"author":[{"embeddable":true,"href":"https:\/\/www.timken.com\/es\/wp-json\/wp\/v2\/users\/1"}],"replies":[{"embeddable":true,"href":"https:\/\/www.timken.com\/es\/wp-json\/wp\/v2\/comments?post=9131"}],"version-history":[{"count":0,"href":"https:\/\/www.timken.com\/es\/wp-json\/wp\/v2\/pages\/9131\/revisions"}],"up":[{"embeddable":true,"href":"https:\/\/www.timken.com\/es\/wp-json\/wp\/v2\/pages\/9135"}],"wp:attachment":[{"href":"https:\/\/www.timken.com\/es\/wp-json\/wp\/v2\/media?parent=9131"}],"curies":[{"name":"wp","href":"https:\/\/api.w.org\/{rel}","templated":true}]}}