{"id":835978,"date":"2024-05-16T10:29:47","date_gmt":"2024-05-16T14:29:47","guid":{"rendered":"https:\/\/www.timken.com\/rodamientos-autenticos\/"},"modified":"2024-05-16T11:05:54","modified_gmt":"2024-05-16T15:05:54","slug":"rodamientos-autenticos","status":"publish","type":"page","link":"https:\/\/www.timken.com\/es\/productos\/rodamientos-autenticos\/","title":{"rendered":"Rodamientos aut\u00e9nticos"},"content":{"rendered":"<p>[et_pb_section fb_built=\u00bb1&#8243; admin_label=\u00bbHero\u00bb module_class=\u00bbhow-to-ensure-bearing\u00bb _builder_version=\u00bb4.25.0&#8243; _module_preset=\u00bbdefault\u00bb custom_padding=\u00bb8%||4%||false|false\u00bb background_last_edited=\u00bbon|phone\u00bb use_background_color_gradient_tablet=\u00bboff\u00bb custom_css_main_element=\u00bbbackground-image: linear-gradient(180deg, rgba(255, 142, 0, 1) 9%, rgba(255, 255, 255, 0) 15%) !important;||\u00bb collapsed=\u00bbon\u00bb global_colors_info=\u00bb{}\u00bb][et_pb_row column_structure=\u00bb1_2,1_2&#8243; make_equal=\u00bbon\u00bb _builder_version=\u00bb4.24.3&#8243; _module_preset=\u00bbdefault\u00bb custom_css_free_form=\u00bbselector {||  align-items: center;||}\u00bb global_colors_info=\u00bb{}\u00bb][et_pb_column type=\u00bb1_2&#8243; _builder_version=\u00bb4.24.3&#8243; _module_preset=\u00bbdefault\u00bb global_colors_info=\u00bb{}\u00bb][et_pb_blurb title=\u00bbC\u00f3mo asegurarse de que los rodamientos que compra sean aut\u00e9nticos\u00bb content_max_width=\u00bb100%\u00bb _builder_version=\u00bb4.25.0&#8243; _module_preset=\u00bbdefault\u00bb header_level=\u00bbh1&#8243; header_font=\u00bb|700|||||||\u00bb header_text_color=\u00bb#e35202&#8243; hover_enabled=\u00bb0&#8243; global_colors_info=\u00bb{}\u00bb sticky_enabled=\u00bb0&#8243;]<\/p>\n<p>Timken se toma en serio la lucha contra la falsificaci\u00f3n y participa en una aplicaci\u00f3n m\u00f3vil a trav\u00e9s de la Asociaci\u00f3n Mundial de Rodamientos (WBA) para ayudar a identificar productos genuinos y protegerlos contra rodamientos falsificados. La aplicaci\u00f3n Bearing Authenticator reconoce etiquetas de seguridad de embalaje de Timken y otros fabricantes l\u00edderes de rodamientos.<\/p>\n<p>[\/et_pb_blurb][et_pb_button button_url=\u00bb#download-app\u00bb button_text=\u00bbDescarga la aplicaci\u00f3n\u00bb _builder_version=\u00bb4.24.3&#8243; _module_preset=\u00bbdefault\u00bb custom_button=\u00bbon\u00bb button_text_color=\u00bb#000000&#8243; button_border_color=\u00bb#000000&#8243; button_use_icon=\u00bboff\u00bb global_colors_info=\u00bb{}\u00bb button_border_color__hover_enabled=\u00bbon|hover\u00bb button_border_color__hover=\u00bb#000000&#8243;][\/et_pb_button][\/et_pb_column][et_pb_column type=\u00bb1_2&#8243; _builder_version=\u00bb4.24.3&#8243; _module_preset=\u00bbdefault\u00bb global_colors_info=\u00bb{}\u00bb][et_pb_image src=\u00bbhttps:\/\/www.timken.com\/wp-content\/uploads\/2024\/04\/authentic-bearings-hero.jpg\u00bb title_text=\u00bbaut\u00e9ntico h\u00e9roe de rodamientos\u00bb align=\u00bbcenter\u00bb force_fullwidth=\u00bbon\u00bb _builder_version=\u00bb4.24.3&#8243; _module_preset=\u00bbdefault\u00bb global_colors_info=\u00bb{}\u00bb][\/et_pb_image][\/et_pb_column][\/et_pb_row][\/et_pb_section][et_pb_section fb_built=\u00bb1&#8243; admin_label=\u00bbIntro\u00bb _builder_version=\u00bb4.24.3&#8243; _module_preset=\u00bbdefault\u00bb background_color=\u00bb#005678&#8243; collapsed=\u00bbon\u00bb global_colors_info=\u00bb{}\u00bb][et_pb_row column_structure=\u00bb2_3,1_3&#8243; _builder_version=\u00bb4.24.3&#8243; _module_preset=\u00bbdefault\u00bb global_colors_info=\u00bb{}\u00bb][et_pb_column type=\u00bb2_3&#8243; _builder_version=\u00bb4.24.3&#8243; _module_preset=\u00bbdefault\u00bb global_colors_info=\u00bb{}\u00bb][et_pb_blurb title=\u00bbPor qu\u00e9 es importante comprar rodamientos aut\u00e9nticos\u00bb content_max_width=\u00bb100%\u00bb _builder_version=\u00bb4.25.0&#8243; _module_preset=\u00bbdefault\u00bb header_level=\u00bbh2&#8243; background_layout=\u00bbdark\u00bb hover_enabled=\u00bb0&#8243; global_colors_info=\u00bb{}\u00bb sticky_enabled=\u00bb0&#8243;]<\/p>\n<p>No siempre es f\u00e1cil detectar un rodamiento falso. Pueden parecer productos originales y su embalaje suele ser una copia exacta. Estos rodamientos falsificados pueden afectar negativamente a la econom\u00eda global y son peligrosos si se utilizan en aplicaciones.<\/p>\n<p>Los rodamientos falsificados no s\u00f3lo pueden imponer riesgos de seguridad, sino que tambi\u00e9n arruinan la productividad y cuestan m\u00e1s dinero al provocar tiempos de inactividad no planificados y reparaciones costosas.<\/p>\n<p>[\/et_pb_blurb][\/et_pb_column][et_pb_column type=\u00bb1_3&#8243; _builder_version=\u00bb4.24.3&#8243; _module_preset=\u00bbdefault\u00bb global_colors_info=\u00bb{}\u00bb][\/et_pb_column][\/et_pb_row][\/et_pb_section][et_pb_section fb_built=\u00bb1&#8243; admin_label=\u00bbHow To\u00bb module_id=\u00bbdescargar aplicaci\u00f3n\u00bb _builder_version=\u00bb4.24.3&#8243; _module_preset=\u00bbdefault\u00bb collapsed=\u00bbon\u00bb global_colors_info=\u00bb{}\u00bb][et_pb_row column_structure=\u00bb1_2,1_2&#8243; make_equal=\u00bbon\u00bb _builder_version=\u00bb4.24.3&#8243; _module_preset=\u00bbdefault\u00bb custom_css_free_form=\u00bbselector {||  align-items: center;||}\u00bb global_colors_info=\u00bb{}\u00bb][et_pb_column type=\u00bb1_2&#8243; _builder_version=\u00bb4.24.3&#8243; _module_preset=\u00bbdefault\u00bb global_colors_info=\u00bb{}\u00bb][et_pb_blurb title=\u00bbC\u00f3mo comprobar la autenticidad\u00bb content_max_width=\u00bb100%\u00bb _builder_version=\u00bb4.25.0&#8243; _module_preset=\u00bbdefault\u00bb header_level=\u00bbh2&#8243; hover_enabled=\u00bb0&#8243; global_colors_info=\u00bb{}\u00bb sticky_enabled=\u00bb0&#8243;]<\/p>\n<p>Una vez que haya descargado la aplicaci\u00f3n WBA Bearing Authenticator, simplemente escanee el c\u00f3digo QR en la etiqueta del empaque para obtener una respuesta instant\u00e1nea sobre la autenticidad del rodamiento.<\/p>\n<p>La aplicaci\u00f3n est\u00e1 disponible en todo el mundo para dispositivos iOS y Android.<\/p>\n<p><a href=\"https:\/\/apps.apple.com\/us\/app\/wba-bearing-authenticator-2-0\/id1672612450?itsct=apps_box_badge&amp;itscg=30200\"><img decoding=\"async\" src=\"https:\/\/tools.applemediaservices.com\/api\/badges\/download-on-the-app-store\/black\/en-us?size=250x83&amp;releaseDate=1677110400\" alt=\"Descargar en la App Store\" style=\"border-radius: 4px; width: auto; height: 50px; vertical-align: middle;\"\/><\/a> &nbsp; <a href=\"https:\/\/play.google.com\/store\/apps\/details?id=com.osapiens.operations.wba\"><img decoding=\"async\" alt=\"Consiguelo en google play\" src=\"https:\/\/play.google.com\/intl\/en_us\/badges\/static\/images\/badges\/en_badge_web_generic.png\" style=\"width: auto; height: 72px; vertical-align: middle;\"\/><\/a><\/p>\n<p>[\/et_pb_blurb][\/et_pb_column][et_pb_column type=\u00bb1_2&#8243; _builder_version=\u00bb4.24.3&#8243; _module_preset=\u00bbdefault\u00bb global_colors_info=\u00bb{}\u00bb][et_pb_image src=\u00bbhttps:\/\/www.timken.com\/wp-content\/uploads\/2024\/04\/authentic-bearings-barcode.jpg\u00bb title_text=\u00bbc\u00f3digo de barras de rodamientos aut\u00e9nticos\u00bb force_fullwidth=\u00bbon\u00bb _builder_version=\u00bb4.24.3&#8243; _module_preset=\u00bbdefault\u00bb global_colors_info=\u00bb{}\u00bb][\/et_pb_image][\/et_pb_column][\/et_pb_row][\/et_pb_section][et_pb_section fb_built=\u00bb1&#8243; admin_label=\u00bbLocate\u00bb _builder_version=\u00bb4.24.3&#8243; _module_preset=\u00bbdefault\u00bb background_color=\u00bb#e0e9ec\u00bb collapsed=\u00bbon\u00bb global_colors_info=\u00bb{}\u00bb][et_pb_row column_structure=\u00bb1_4,1_2,1_4&#8243; _builder_version=\u00bb4.25.0&#8243; _module_preset=\u00bbdefault\u00bb max_width=\u00bb680px\u00bb global_colors_info=\u00bb{}\u00bb][et_pb_column type=\u00bb1_4&#8243; _builder_version=\u00bb4.25.0&#8243; _module_preset=\u00bbdefault\u00bb custom_padding_tablet=\u00bb|0%||0%|false|true\u00bb custom_padding_phone=\u00bb|0%||0%|false|true\u00bb custom_padding_last_edited=\u00bboff|desktop\u00bb global_colors_info=\u00bb{}\u00bb][\/et_pb_column][et_pb_column type=\u00bb1_2&#8243; _builder_version=\u00bb4.25.0&#8243; _module_preset=\u00bbdefault\u00bb custom_padding_tablet=\u00bb|0%||0%|false|true\u00bb custom_padding_phone=\u00bb|0%||0%|false|true\u00bb custom_padding_last_edited=\u00bboff|desktop\u00bb global_colors_info=\u00bb{}\u00bb][et_pb_text _builder_version=\u00bb4.24.3&#8243; _module_preset=\u00bbdefault\u00bb text_orientation=\u00bbcenter\u00bb global_colors_info=\u00bb{}\u00bb]<\/p>\n<p>Otra forma de asegurarse de que los rodamientos que compre sean aut\u00e9nticos es compr\u00e1ndolos a trav\u00e9s de un distribuidor autorizado de Timken o directamente a trav\u00e9s de Timken.  <\/p>\n<p>Encuentre un distribuidor autorizado u oficina de ventas de Timken:<\/p>\n<p>[\/et_pb_text][et_pb_button button_url=\u00bbhttps:\/\/locations.timken.com\/\u00bb button_text=\u00bbBuscar ubicaci\u00f3n cerca de m\u00ed\u00bb button_alignment=\u00bbcenter\u00bb _builder_version=\u00bb4.24.3&#8243; _module_preset=\u00bbdefault\u00bb custom_button=\u00bbon\u00bb button_text_color=\u00bb#000000&#8243; button_border_color=\u00bb#000000&#8243; button_use_icon=\u00bboff\u00bb global_colors_info=\u00bb{}\u00bb button_border_color__hover_enabled=\u00bbon|hover\u00bb button_border_color__hover=\u00bb#000000&#8243;][\/et_pb_button][\/et_pb_column][et_pb_column type=\u00bb1_4&#8243; _builder_version=\u00bb4.25.0&#8243; _module_preset=\u00bbdefault\u00bb custom_padding_tablet=\u00bb|0%||0%|false|true\u00bb custom_padding_phone=\u00bb|0%||0%|false|true\u00bb custom_padding_last_edited=\u00bboff|desktop\u00bb global_colors_info=\u00bb{}\u00bb][\/et_pb_column][\/et_pb_row][\/et_pb_section]<\/p>\n","protected":false},"excerpt":{"rendered":"<p>C\u00f3mo asegurarse de que los rodamientos que compra&#8230;<\/p>\n","protected":false},"author":86,"featured_media":0,"parent":9115,"menu_order":0,"comment_status":"closed","ping_status":"closed","template":"page-divi.php","meta":{"_acf_changed":false,"_et_pb_use_builder":"on","_et_pb_old_content":"","_et_gb_content_width":"","_oasis_is_in_workflow":0,"_oasis_original":0,"_oasis_task_priority":"","footnotes":""},"class_list":["post-835978","page","type-page","status-publish","hentry"],"acf":[],"yoast_head":"<!-- This site is optimized with the Yoast SEO plugin v27.2 - https:\/\/yoast.com\/product\/yoast-seo-wordpress\/ -->\n<title>Rodamientos aut\u00e9nticos - The Timken Company<\/title>\n<meta name=\"robots\" content=\"index, follow, max-snippet:-1, max-image-preview:large, max-video-preview:-1\" \/>\n<link rel=\"canonical\" href=\"https:\/\/www.timken.com\/es\/productos\/rodamientos-autenticos\/\" \/>\n<meta property=\"og:locale\" content=\"es_ES\" \/>\n<meta property=\"og:type\" content=\"article\" \/>\n<meta property=\"og:title\" content=\"Rodamientos aut\u00e9nticos - The Timken Company\" \/>\n<meta property=\"og:url\" content=\"https:\/\/www.timken.com\/es\/productos\/rodamientos-autenticos\/\" \/>\n<meta property=\"og:site_name\" content=\"The Timken Company\" \/>\n<meta property=\"article:modified_time\" content=\"2024-05-16T15:05:54+00:00\" \/>\n<meta property=\"og:image\" content=\"https:\/\/tools.applemediaservices.com\/api\/badges\/download-on-the-app-store\/black\/en-us?size=250x83&amp;releaseDate=1677110400\" \/>\n<meta name=\"twitter:card\" content=\"summary_large_image\" \/>\n<meta name=\"twitter:label1\" content=\"Tiempo de lectura\" \/>\n\t<meta name=\"twitter:data1\" content=\"2 minutos\" \/>\n<script type=\"application\/ld+json\" class=\"yoast-schema-graph\">{\"@context\":\"https:\/\/schema.org\",\"@graph\":[{\"@type\":\"WebPage\",\"@id\":\"https:\/\/www.timken.com\/es\/productos\/rodamientos-autenticos\/\",\"url\":\"https:\/\/www.timken.com\/es\/productos\/rodamientos-autenticos\/\",\"name\":\"Rodamientos aut\u00e9nticos - The Timken Company\",\"isPartOf\":{\"@id\":\"https:\/\/www.timken.com\/es\/#website\"},\"primaryImageOfPage\":{\"@id\":\"https:\/\/www.timken.com\/es\/productos\/rodamientos-autenticos\/#primaryimage\"},\"image\":{\"@id\":\"https:\/\/www.timken.com\/es\/productos\/rodamientos-autenticos\/#primaryimage\"},\"thumbnailUrl\":\"https:\/\/tools.applemediaservices.com\/api\/badges\/download-on-the-app-store\/black\/en-us?size=250x83&amp;releaseDate=1677110400\",\"datePublished\":\"2024-05-16T14:29:47+00:00\",\"dateModified\":\"2024-05-16T15:05:54+00:00\",\"breadcrumb\":{\"@id\":\"https:\/\/www.timken.com\/es\/productos\/rodamientos-autenticos\/#breadcrumb\"},\"inLanguage\":\"es\",\"potentialAction\":[{\"@type\":\"ReadAction\",\"target\":[\"https:\/\/www.timken.com\/es\/productos\/rodamientos-autenticos\/\"]}]},{\"@type\":\"ImageObject\",\"inLanguage\":\"es\",\"@id\":\"https:\/\/www.timken.com\/es\/productos\/rodamientos-autenticos\/#primaryimage\",\"url\":\"https:\/\/tools.applemediaservices.com\/api\/badges\/download-on-the-app-store\/black\/en-us?size=250x83&amp;releaseDate=1677110400\",\"contentUrl\":\"https:\/\/tools.applemediaservices.com\/api\/badges\/download-on-the-app-store\/black\/en-us?size=250x83&amp;releaseDate=1677110400\"},{\"@type\":\"BreadcrumbList\",\"@id\":\"https:\/\/www.timken.com\/es\/productos\/rodamientos-autenticos\/#breadcrumb\",\"itemListElement\":[{\"@type\":\"ListItem\",\"position\":1,\"name\":\"Home\",\"item\":\"https:\/\/www.timken.com\/es\/\"},{\"@type\":\"ListItem\",\"position\":2,\"name\":\"Rodamientos aut\u00e9nticos\"}]},{\"@type\":\"WebSite\",\"@id\":\"https:\/\/www.timken.com\/es\/#website\",\"url\":\"https:\/\/www.timken.com\/es\/\",\"name\":\"The Timken Company\",\"description\":\"Stronger. By Design.\",\"publisher\":{\"@id\":\"https:\/\/www.timken.com\/es\/#organization\"},\"potentialAction\":[{\"@type\":\"SearchAction\",\"target\":{\"@type\":\"EntryPoint\",\"urlTemplate\":\"https:\/\/www.timken.com\/es\/?s={search_term_string}\"},\"query-input\":{\"@type\":\"PropertyValueSpecification\",\"valueRequired\":true,\"valueName\":\"search_term_string\"}}],\"inLanguage\":\"es\"},{\"@type\":\"Organization\",\"@id\":\"https:\/\/www.timken.com\/es\/#organization\",\"name\":\"The Timken Company\",\"url\":\"https:\/\/www.timken.com\/es\/\",\"logo\":{\"@type\":\"ImageObject\",\"inLanguage\":\"es\",\"@id\":\"https:\/\/www.timken.com\/es\/#\/schema\/logo\/image\/\",\"url\":\"https:\/\/www.timken.com\/wp-content\/uploads\/2016\/07\/Timken_logo.png\",\"contentUrl\":\"https:\/\/www.timken.com\/wp-content\/uploads\/2016\/07\/Timken_logo.png\",\"width\":173,\"height\":37,\"caption\":\"The Timken Company\"},\"image\":{\"@id\":\"https:\/\/www.timken.com\/es\/#\/schema\/logo\/image\/\"}}]}<\/script>\n<!-- \/ Yoast SEO plugin. -->","yoast_head_json":{"title":"Rodamientos aut\u00e9nticos - The Timken Company","robots":{"index":"index","follow":"follow","max-snippet":"max-snippet:-1","max-image-preview":"max-image-preview:large","max-video-preview":"max-video-preview:-1"},"canonical":"https:\/\/www.timken.com\/es\/productos\/rodamientos-autenticos\/","og_locale":"es_ES","og_type":"article","og_title":"Rodamientos aut\u00e9nticos - The Timken Company","og_url":"https:\/\/www.timken.com\/es\/productos\/rodamientos-autenticos\/","og_site_name":"The Timken Company","article_modified_time":"2024-05-16T15:05:54+00:00","og_image":[{"url":"https:\/\/tools.applemediaservices.com\/api\/badges\/download-on-the-app-store\/black\/en-us?size=250x83&amp;releaseDate=1677110400","type":"","width":"","height":""}],"twitter_card":"summary_large_image","twitter_misc":{"Tiempo de lectura":"2 minutos"},"schema":{"@context":"https:\/\/schema.org","@graph":[{"@type":"WebPage","@id":"https:\/\/www.timken.com\/es\/productos\/rodamientos-autenticos\/","url":"https:\/\/www.timken.com\/es\/productos\/rodamientos-autenticos\/","name":"Rodamientos aut\u00e9nticos - The Timken Company","isPartOf":{"@id":"https:\/\/www.timken.com\/es\/#website"},"primaryImageOfPage":{"@id":"https:\/\/www.timken.com\/es\/productos\/rodamientos-autenticos\/#primaryimage"},"image":{"@id":"https:\/\/www.timken.com\/es\/productos\/rodamientos-autenticos\/#primaryimage"},"thumbnailUrl":"https:\/\/tools.applemediaservices.com\/api\/badges\/download-on-the-app-store\/black\/en-us?size=250x83&amp;releaseDate=1677110400","datePublished":"2024-05-16T14:29:47+00:00","dateModified":"2024-05-16T15:05:54+00:00","breadcrumb":{"@id":"https:\/\/www.timken.com\/es\/productos\/rodamientos-autenticos\/#breadcrumb"},"inLanguage":"es","potentialAction":[{"@type":"ReadAction","target":["https:\/\/www.timken.com\/es\/productos\/rodamientos-autenticos\/"]}]},{"@type":"ImageObject","inLanguage":"es","@id":"https:\/\/www.timken.com\/es\/productos\/rodamientos-autenticos\/#primaryimage","url":"https:\/\/tools.applemediaservices.com\/api\/badges\/download-on-the-app-store\/black\/en-us?size=250x83&amp;releaseDate=1677110400","contentUrl":"https:\/\/tools.applemediaservices.com\/api\/badges\/download-on-the-app-store\/black\/en-us?size=250x83&amp;releaseDate=1677110400"},{"@type":"BreadcrumbList","@id":"https:\/\/www.timken.com\/es\/productos\/rodamientos-autenticos\/#breadcrumb","itemListElement":[{"@type":"ListItem","position":1,"name":"Home","item":"https:\/\/www.timken.com\/es\/"},{"@type":"ListItem","position":2,"name":"Rodamientos aut\u00e9nticos"}]},{"@type":"WebSite","@id":"https:\/\/www.timken.com\/es\/#website","url":"https:\/\/www.timken.com\/es\/","name":"The Timken Company","description":"Stronger. By Design.","publisher":{"@id":"https:\/\/www.timken.com\/es\/#organization"},"potentialAction":[{"@type":"SearchAction","target":{"@type":"EntryPoint","urlTemplate":"https:\/\/www.timken.com\/es\/?s={search_term_string}"},"query-input":{"@type":"PropertyValueSpecification","valueRequired":true,"valueName":"search_term_string"}}],"inLanguage":"es"},{"@type":"Organization","@id":"https:\/\/www.timken.com\/es\/#organization","name":"The Timken Company","url":"https:\/\/www.timken.com\/es\/","logo":{"@type":"ImageObject","inLanguage":"es","@id":"https:\/\/www.timken.com\/es\/#\/schema\/logo\/image\/","url":"https:\/\/www.timken.com\/wp-content\/uploads\/2016\/07\/Timken_logo.png","contentUrl":"https:\/\/www.timken.com\/wp-content\/uploads\/2016\/07\/Timken_logo.png","width":173,"height":37,"caption":"The Timken Company"},"image":{"@id":"https:\/\/www.timken.com\/es\/#\/schema\/logo\/image\/"}}]}},"_links":{"self":[{"href":"https:\/\/www.timken.com\/es\/wp-json\/wp\/v2\/pages\/835978","targetHints":{"allow":["GET"]}}],"collection":[{"href":"https:\/\/www.timken.com\/es\/wp-json\/wp\/v2\/pages"}],"about":[{"href":"https:\/\/www.timken.com\/es\/wp-json\/wp\/v2\/types\/page"}],"author":[{"embeddable":true,"href":"https:\/\/www.timken.com\/es\/wp-json\/wp\/v2\/users\/86"}],"replies":[{"embeddable":true,"href":"https:\/\/www.timken.com\/es\/wp-json\/wp\/v2\/comments?post=835978"}],"version-history":[{"count":0,"href":"https:\/\/www.timken.com\/es\/wp-json\/wp\/v2\/pages\/835978\/revisions"}],"up":[{"embeddable":true,"href":"https:\/\/www.timken.com\/es\/wp-json\/wp\/v2\/pages\/9115"}],"wp:attachment":[{"href":"https:\/\/www.timken.com\/es\/wp-json\/wp\/v2\/media?parent=835978"}],"curies":[{"name":"wp","href":"https:\/\/api.w.org\/{rel}","templated":true}]}}