{"id":317683,"date":"2019-06-11T14:57:02","date_gmt":"2019-06-11T18:57:02","guid":{"rendered":"https:\/\/www.timken.com\/?page_id=317683\/"},"modified":"2019-06-11T15:04:56","modified_gmt":"2019-06-11T19:04:56","slug":"capacitacion","status":"publish","type":"page","link":"https:\/\/www.timken.com\/es\/capacitacion\/","title":{"rendered":"Capacitaci\u00f3n"},"content":{"rendered":"<p>Nuevas habilidades. Mejor conocimiento. Perspectivas m\u00e1s profundas. Juntos, te hacemos tus operaciones m\u00e1s fuertes.<\/p>\n<p>Y son lo que obtienes a trav\u00e9s de los recursos de capacitaci\u00f3n de Timken. Tenemos una soluci\u00f3n de capacitaci\u00f3n que se adapta a su industria y a las necesidades espec\u00edficas del sitio, ya sea que:<\/p>\n<ul>\n<li>Una persona de mantenimiento que desea obtener el mayor tiempo de actividad y rendimiento de su equipo.<\/li>\n<li>Un ingeniero que necesita ayuda para elegir los materiales o componentes apropiados.<\/li>\n<li>Un distribuidor que quiere ofrecer los mejores consejos y productos a sus clientes.<\/li>\n<\/ul>\n<p>Elija entre uno de nuestros programas de entrenamiento est\u00e1ndar. Podemos adaptar los cursos e incluso ofrecer la mayor\u00eda de los programas de capacitaci\u00f3n en su ubicaci\u00f3n.<\/p>\n<p>\u00bfNo puedes encontrar un programa? Tenemos una red de expertos en gesti\u00f3n de fricci\u00f3n y transmisi\u00f3n de potencia en todo el mundo que pueden ayudar. Visite www.timken.com\/locations\/ para ubicar una oficina de ventas de Timken o un ingeniero de ventas cerca de usted.<\/p>\n","protected":false},"excerpt":{"rendered":"<p>Nuevas habilidades. Mejor conocimiento. Perspectivas m\u00e1s profundas. Juntos, te hacemos tus operaciones m\u00e1s fuertes. Y son lo que obtienes a trav\u00e9s de los recursos de capacitaci\u00f3n de Timken. Tenemos una soluci\u00f3n de capacitaci\u00f3n que se adapta a su industria y a las necesidades espec\u00edficas del sitio, ya sea que: Una persona de mantenimiento que desea [&hellip;]<\/p>\n","protected":false},"author":1,"featured_media":0,"parent":0,"menu_order":191,"comment_status":"closed","ping_status":"closed","template":"templates\/template-long.php","meta":{"_acf_changed":false,"_et_pb_use_builder":"","_et_pb_old_content":"","_et_gb_content_width":"","_oasis_is_in_workflow":0,"_oasis_original":0,"_oasis_task_priority":"","footnotes":""},"class_list":["post-317683","page","type-page","status-publish","hentry"],"acf":[],"yoast_head":"<!-- This site is optimized with the Yoast SEO plugin v27.2 - https:\/\/yoast.com\/product\/yoast-seo-wordpress\/ -->\n<title>Capacitaci\u00f3n - The Timken Company<\/title>\n<meta name=\"description\" content=\"Nuevas habilidades. Mejor conocimiento. Perspectivas m\u00e1s profundas. Juntos, te hacemos tus operaciones m\u00e1s fuertes. Y son lo que obtienes a trav\u00e9s de los\" \/>\n<meta name=\"robots\" content=\"index, follow, max-snippet:-1, max-image-preview:large, max-video-preview:-1\" \/>\n<link rel=\"canonical\" href=\"https:\/\/www.timken.com\/es\/capacitacion\/\" \/>\n<meta property=\"og:locale\" content=\"es_ES\" \/>\n<meta property=\"og:type\" content=\"article\" \/>\n<meta property=\"og:title\" content=\"Capacitaci\u00f3n - The Timken Company\" \/>\n<meta property=\"og:description\" content=\"Nuevas habilidades. Mejor conocimiento. Perspectivas m\u00e1s profundas. Juntos, te hacemos tus operaciones m\u00e1s fuertes. Y son lo que obtienes a trav\u00e9s de los\" \/>\n<meta property=\"og:url\" content=\"https:\/\/www.timken.com\/es\/capacitacion\/\" \/>\n<meta property=\"og:site_name\" content=\"The Timken Company\" \/>\n<meta property=\"article:modified_time\" content=\"2019-06-11T19:04:56+00:00\" \/>\n<meta name=\"twitter:card\" content=\"summary_large_image\" \/>\n<meta name=\"twitter:label1\" content=\"Tiempo de lectura\" \/>\n\t<meta name=\"twitter:data1\" content=\"1 minuto\" \/>\n<script type=\"application\/ld+json\" class=\"yoast-schema-graph\">{\"@context\":\"https:\/\/schema.org\",\"@graph\":[{\"@type\":\"WebPage\",\"@id\":\"https:\/\/www.timken.com\/es\/capacitacion\/\",\"url\":\"https:\/\/www.timken.com\/es\/capacitacion\/\",\"name\":\"Capacitaci\u00f3n - The Timken Company\",\"isPartOf\":{\"@id\":\"https:\/\/www.timken.com\/es\/#website\"},\"datePublished\":\"2019-06-11T18:57:02+00:00\",\"dateModified\":\"2019-06-11T19:04:56+00:00\",\"description\":\"Nuevas habilidades. Mejor conocimiento. Perspectivas m\u00e1s profundas. Juntos, te hacemos tus operaciones m\u00e1s fuertes. Y son lo que obtienes a trav\u00e9s de los\",\"breadcrumb\":{\"@id\":\"https:\/\/www.timken.com\/es\/capacitacion\/#breadcrumb\"},\"inLanguage\":\"es\",\"potentialAction\":[{\"@type\":\"ReadAction\",\"target\":[\"https:\/\/www.timken.com\/es\/capacitacion\/\"]}]},{\"@type\":\"BreadcrumbList\",\"@id\":\"https:\/\/www.timken.com\/es\/capacitacion\/#breadcrumb\",\"itemListElement\":[{\"@type\":\"ListItem\",\"position\":1,\"name\":\"Home\",\"item\":\"https:\/\/www.timken.com\/es\/\"},{\"@type\":\"ListItem\",\"position\":2,\"name\":\"Capacitaci\u00f3n\"}]},{\"@type\":\"WebSite\",\"@id\":\"https:\/\/www.timken.com\/es\/#website\",\"url\":\"https:\/\/www.timken.com\/es\/\",\"name\":\"The Timken Company\",\"description\":\"Stronger. By Design.\",\"publisher\":{\"@id\":\"https:\/\/www.timken.com\/es\/#organization\"},\"potentialAction\":[{\"@type\":\"SearchAction\",\"target\":{\"@type\":\"EntryPoint\",\"urlTemplate\":\"https:\/\/www.timken.com\/es\/?s={search_term_string}\"},\"query-input\":{\"@type\":\"PropertyValueSpecification\",\"valueRequired\":true,\"valueName\":\"search_term_string\"}}],\"inLanguage\":\"es\"},{\"@type\":\"Organization\",\"@id\":\"https:\/\/www.timken.com\/es\/#organization\",\"name\":\"The Timken Company\",\"url\":\"https:\/\/www.timken.com\/es\/\",\"logo\":{\"@type\":\"ImageObject\",\"inLanguage\":\"es\",\"@id\":\"https:\/\/www.timken.com\/es\/#\/schema\/logo\/image\/\",\"url\":\"https:\/\/www.timken.com\/wp-content\/uploads\/2016\/07\/Timken_logo.png\",\"contentUrl\":\"https:\/\/www.timken.com\/wp-content\/uploads\/2016\/07\/Timken_logo.png\",\"width\":173,\"height\":37,\"caption\":\"The Timken Company\"},\"image\":{\"@id\":\"https:\/\/www.timken.com\/es\/#\/schema\/logo\/image\/\"}}]}<\/script>\n<!-- \/ Yoast SEO plugin. -->","yoast_head_json":{"title":"Capacitaci\u00f3n - The Timken Company","description":"Nuevas habilidades. Mejor conocimiento. Perspectivas m\u00e1s profundas. Juntos, te hacemos tus operaciones m\u00e1s fuertes. Y son lo que obtienes a trav\u00e9s de los","robots":{"index":"index","follow":"follow","max-snippet":"max-snippet:-1","max-image-preview":"max-image-preview:large","max-video-preview":"max-video-preview:-1"},"canonical":"https:\/\/www.timken.com\/es\/capacitacion\/","og_locale":"es_ES","og_type":"article","og_title":"Capacitaci\u00f3n - The Timken Company","og_description":"Nuevas habilidades. Mejor conocimiento. Perspectivas m\u00e1s profundas. Juntos, te hacemos tus operaciones m\u00e1s fuertes. Y son lo que obtienes a trav\u00e9s de los","og_url":"https:\/\/www.timken.com\/es\/capacitacion\/","og_site_name":"The Timken Company","article_modified_time":"2019-06-11T19:04:56+00:00","twitter_card":"summary_large_image","twitter_misc":{"Tiempo de lectura":"1 minuto"},"schema":{"@context":"https:\/\/schema.org","@graph":[{"@type":"WebPage","@id":"https:\/\/www.timken.com\/es\/capacitacion\/","url":"https:\/\/www.timken.com\/es\/capacitacion\/","name":"Capacitaci\u00f3n - The Timken Company","isPartOf":{"@id":"https:\/\/www.timken.com\/es\/#website"},"datePublished":"2019-06-11T18:57:02+00:00","dateModified":"2019-06-11T19:04:56+00:00","description":"Nuevas habilidades. Mejor conocimiento. Perspectivas m\u00e1s profundas. Juntos, te hacemos tus operaciones m\u00e1s fuertes. Y son lo que obtienes a trav\u00e9s de los","breadcrumb":{"@id":"https:\/\/www.timken.com\/es\/capacitacion\/#breadcrumb"},"inLanguage":"es","potentialAction":[{"@type":"ReadAction","target":["https:\/\/www.timken.com\/es\/capacitacion\/"]}]},{"@type":"BreadcrumbList","@id":"https:\/\/www.timken.com\/es\/capacitacion\/#breadcrumb","itemListElement":[{"@type":"ListItem","position":1,"name":"Home","item":"https:\/\/www.timken.com\/es\/"},{"@type":"ListItem","position":2,"name":"Capacitaci\u00f3n"}]},{"@type":"WebSite","@id":"https:\/\/www.timken.com\/es\/#website","url":"https:\/\/www.timken.com\/es\/","name":"The Timken Company","description":"Stronger. By Design.","publisher":{"@id":"https:\/\/www.timken.com\/es\/#organization"},"potentialAction":[{"@type":"SearchAction","target":{"@type":"EntryPoint","urlTemplate":"https:\/\/www.timken.com\/es\/?s={search_term_string}"},"query-input":{"@type":"PropertyValueSpecification","valueRequired":true,"valueName":"search_term_string"}}],"inLanguage":"es"},{"@type":"Organization","@id":"https:\/\/www.timken.com\/es\/#organization","name":"The Timken Company","url":"https:\/\/www.timken.com\/es\/","logo":{"@type":"ImageObject","inLanguage":"es","@id":"https:\/\/www.timken.com\/es\/#\/schema\/logo\/image\/","url":"https:\/\/www.timken.com\/wp-content\/uploads\/2016\/07\/Timken_logo.png","contentUrl":"https:\/\/www.timken.com\/wp-content\/uploads\/2016\/07\/Timken_logo.png","width":173,"height":37,"caption":"The Timken Company"},"image":{"@id":"https:\/\/www.timken.com\/es\/#\/schema\/logo\/image\/"}}]}},"_links":{"self":[{"href":"https:\/\/www.timken.com\/es\/wp-json\/wp\/v2\/pages\/317683","targetHints":{"allow":["GET"]}}],"collection":[{"href":"https:\/\/www.timken.com\/es\/wp-json\/wp\/v2\/pages"}],"about":[{"href":"https:\/\/www.timken.com\/es\/wp-json\/wp\/v2\/types\/page"}],"author":[{"embeddable":true,"href":"https:\/\/www.timken.com\/es\/wp-json\/wp\/v2\/users\/1"}],"replies":[{"embeddable":true,"href":"https:\/\/www.timken.com\/es\/wp-json\/wp\/v2\/comments?post=317683"}],"version-history":[{"count":0,"href":"https:\/\/www.timken.com\/es\/wp-json\/wp\/v2\/pages\/317683\/revisions"}],"wp:attachment":[{"href":"https:\/\/www.timken.com\/es\/wp-json\/wp\/v2\/media?parent=317683"}],"curies":[{"name":"wp","href":"https:\/\/api.w.org\/{rel}","templated":true}]}}