{"id":31413,"date":"2017-01-23T14:56:57","date_gmt":"2017-01-23T18:56:57","guid":{"rendered":"https:\/\/www.timken.com\/es\/?page_id=31413"},"modified":"2025-12-09T18:06:28","modified_gmt":"2025-12-09T22:06:28","slug":"avisos-legales","status":"publish","type":"page","link":"https:\/\/www.timken.com\/es\/avisos-legales\/","title":{"rendered":"Avisos legales"},"content":{"rendered":"<p>El objetivo de Timken es proporcionar servicios y productos para el manejo de la fricci\u00f3n y la transmisi\u00f3n de\u00a0potencia mec\u00e1nica que cumplan los est\u00e1ndares de seguridad y fabricaci\u00f3n aceptados a nivel mundial.<\/p>\n","protected":false},"excerpt":{"rendered":"<p>El objetivo de Timken es proporcionar servicios y productos para el manejo de la fricci\u00f3n y la transmisi\u00f3n de\u00a0potencia mec\u00e1nica que cumplan los est\u00e1ndares de seguridad y fabricaci\u00f3n aceptados a nivel mundial.<\/p>\n","protected":false},"author":1,"featured_media":0,"parent":0,"menu_order":50,"comment_status":"closed","ping_status":"closed","template":"","meta":{"_acf_changed":false,"_et_pb_use_builder":"","_et_pb_old_content":"","_et_gb_content_width":"","_oasis_is_in_workflow":0,"_oasis_original":0,"_oasis_task_priority":"2normal","footnotes":""},"class_list":["post-31413","page","type-page","status-publish","hentry"],"acf":[],"yoast_head":"<!-- This site is optimized with the Yoast SEO plugin v27.2 - https:\/\/yoast.com\/product\/yoast-seo-wordpress\/ -->\n<title>Avisos legales - The Timken Company<\/title>\n<meta name=\"description\" content=\"El objetivo de Timken es proporcionar servicios y productos para el manejo de la fricci\u00f3n y la transmisi\u00f3n de\u00a0potencia mec\u00e1nica que cumplan los est\u00e1ndares\" \/>\n<meta name=\"robots\" content=\"index, follow, max-snippet:-1, max-image-preview:large, max-video-preview:-1\" \/>\n<link rel=\"canonical\" href=\"https:\/\/www.timken.com\/es\/avisos-legales\/\" \/>\n<meta property=\"og:locale\" content=\"es_ES\" \/>\n<meta property=\"og:type\" content=\"article\" \/>\n<meta property=\"og:title\" content=\"Avisos legales - The Timken Company\" \/>\n<meta property=\"og:description\" content=\"El objetivo de Timken es proporcionar servicios y productos para el manejo de la fricci\u00f3n y la transmisi\u00f3n de\u00a0potencia mec\u00e1nica que cumplan los est\u00e1ndares\" \/>\n<meta property=\"og:url\" content=\"https:\/\/www.timken.com\/es\/avisos-legales\/\" \/>\n<meta property=\"og:site_name\" content=\"The Timken Company\" \/>\n<meta property=\"article:modified_time\" content=\"2025-12-09T22:06:28+00:00\" \/>\n<meta name=\"twitter:card\" content=\"summary_large_image\" \/>\n<meta name=\"twitter:label1\" content=\"Tiempo de lectura\" \/>\n\t<meta name=\"twitter:data1\" content=\"1 minuto\" \/>\n<script type=\"application\/ld+json\" class=\"yoast-schema-graph\">{\"@context\":\"https:\/\/schema.org\",\"@graph\":[{\"@type\":\"WebPage\",\"@id\":\"https:\/\/www.timken.com\/es\/avisos-legales\/\",\"url\":\"https:\/\/www.timken.com\/es\/avisos-legales\/\",\"name\":\"Avisos legales - The Timken Company\",\"isPartOf\":{\"@id\":\"https:\/\/www.timken.com\/es\/#website\"},\"datePublished\":\"2017-01-23T18:56:57+00:00\",\"dateModified\":\"2025-12-09T22:06:28+00:00\",\"description\":\"El objetivo de Timken es proporcionar servicios y productos para el manejo de la fricci\u00f3n y la transmisi\u00f3n de\u00a0potencia mec\u00e1nica que cumplan los est\u00e1ndares\",\"breadcrumb\":{\"@id\":\"https:\/\/www.timken.com\/es\/avisos-legales\/#breadcrumb\"},\"inLanguage\":\"es\",\"potentialAction\":[{\"@type\":\"ReadAction\",\"target\":[\"https:\/\/www.timken.com\/es\/avisos-legales\/\"]}]},{\"@type\":\"BreadcrumbList\",\"@id\":\"https:\/\/www.timken.com\/es\/avisos-legales\/#breadcrumb\",\"itemListElement\":[{\"@type\":\"ListItem\",\"position\":1,\"name\":\"Home\",\"item\":\"https:\/\/www.timken.com\/es\/\"},{\"@type\":\"ListItem\",\"position\":2,\"name\":\"Avisos legales\"}]},{\"@type\":\"WebSite\",\"@id\":\"https:\/\/www.timken.com\/es\/#website\",\"url\":\"https:\/\/www.timken.com\/es\/\",\"name\":\"The Timken Company\",\"description\":\"Stronger. By Design.\",\"publisher\":{\"@id\":\"https:\/\/www.timken.com\/es\/#organization\"},\"potentialAction\":[{\"@type\":\"SearchAction\",\"target\":{\"@type\":\"EntryPoint\",\"urlTemplate\":\"https:\/\/www.timken.com\/es\/?s={search_term_string}\"},\"query-input\":{\"@type\":\"PropertyValueSpecification\",\"valueRequired\":true,\"valueName\":\"search_term_string\"}}],\"inLanguage\":\"es\"},{\"@type\":\"Organization\",\"@id\":\"https:\/\/www.timken.com\/es\/#organization\",\"name\":\"The Timken Company\",\"url\":\"https:\/\/www.timken.com\/es\/\",\"logo\":{\"@type\":\"ImageObject\",\"inLanguage\":\"es\",\"@id\":\"https:\/\/www.timken.com\/es\/#\/schema\/logo\/image\/\",\"url\":\"https:\/\/www.timken.com\/wp-content\/uploads\/2016\/07\/Timken_logo.png\",\"contentUrl\":\"https:\/\/www.timken.com\/wp-content\/uploads\/2016\/07\/Timken_logo.png\",\"width\":173,\"height\":37,\"caption\":\"The Timken Company\"},\"image\":{\"@id\":\"https:\/\/www.timken.com\/es\/#\/schema\/logo\/image\/\"}}]}<\/script>\n<!-- \/ Yoast SEO plugin. -->","yoast_head_json":{"title":"Avisos legales - The Timken Company","description":"El objetivo de Timken es proporcionar servicios y productos para el manejo de la fricci\u00f3n y la transmisi\u00f3n de\u00a0potencia mec\u00e1nica que cumplan los est\u00e1ndares","robots":{"index":"index","follow":"follow","max-snippet":"max-snippet:-1","max-image-preview":"max-image-preview:large","max-video-preview":"max-video-preview:-1"},"canonical":"https:\/\/www.timken.com\/es\/avisos-legales\/","og_locale":"es_ES","og_type":"article","og_title":"Avisos legales - The Timken Company","og_description":"El objetivo de Timken es proporcionar servicios y productos para el manejo de la fricci\u00f3n y la transmisi\u00f3n de\u00a0potencia mec\u00e1nica que cumplan los est\u00e1ndares","og_url":"https:\/\/www.timken.com\/es\/avisos-legales\/","og_site_name":"The Timken Company","article_modified_time":"2025-12-09T22:06:28+00:00","twitter_card":"summary_large_image","twitter_misc":{"Tiempo de lectura":"1 minuto"},"schema":{"@context":"https:\/\/schema.org","@graph":[{"@type":"WebPage","@id":"https:\/\/www.timken.com\/es\/avisos-legales\/","url":"https:\/\/www.timken.com\/es\/avisos-legales\/","name":"Avisos legales - The Timken Company","isPartOf":{"@id":"https:\/\/www.timken.com\/es\/#website"},"datePublished":"2017-01-23T18:56:57+00:00","dateModified":"2025-12-09T22:06:28+00:00","description":"El objetivo de Timken es proporcionar servicios y productos para el manejo de la fricci\u00f3n y la transmisi\u00f3n de\u00a0potencia mec\u00e1nica que cumplan los est\u00e1ndares","breadcrumb":{"@id":"https:\/\/www.timken.com\/es\/avisos-legales\/#breadcrumb"},"inLanguage":"es","potentialAction":[{"@type":"ReadAction","target":["https:\/\/www.timken.com\/es\/avisos-legales\/"]}]},{"@type":"BreadcrumbList","@id":"https:\/\/www.timken.com\/es\/avisos-legales\/#breadcrumb","itemListElement":[{"@type":"ListItem","position":1,"name":"Home","item":"https:\/\/www.timken.com\/es\/"},{"@type":"ListItem","position":2,"name":"Avisos legales"}]},{"@type":"WebSite","@id":"https:\/\/www.timken.com\/es\/#website","url":"https:\/\/www.timken.com\/es\/","name":"The Timken Company","description":"Stronger. By Design.","publisher":{"@id":"https:\/\/www.timken.com\/es\/#organization"},"potentialAction":[{"@type":"SearchAction","target":{"@type":"EntryPoint","urlTemplate":"https:\/\/www.timken.com\/es\/?s={search_term_string}"},"query-input":{"@type":"PropertyValueSpecification","valueRequired":true,"valueName":"search_term_string"}}],"inLanguage":"es"},{"@type":"Organization","@id":"https:\/\/www.timken.com\/es\/#organization","name":"The Timken Company","url":"https:\/\/www.timken.com\/es\/","logo":{"@type":"ImageObject","inLanguage":"es","@id":"https:\/\/www.timken.com\/es\/#\/schema\/logo\/image\/","url":"https:\/\/www.timken.com\/wp-content\/uploads\/2016\/07\/Timken_logo.png","contentUrl":"https:\/\/www.timken.com\/wp-content\/uploads\/2016\/07\/Timken_logo.png","width":173,"height":37,"caption":"The Timken Company"},"image":{"@id":"https:\/\/www.timken.com\/es\/#\/schema\/logo\/image\/"}}]}},"_links":{"self":[{"href":"https:\/\/www.timken.com\/es\/wp-json\/wp\/v2\/pages\/31413","targetHints":{"allow":["GET"]}}],"collection":[{"href":"https:\/\/www.timken.com\/es\/wp-json\/wp\/v2\/pages"}],"about":[{"href":"https:\/\/www.timken.com\/es\/wp-json\/wp\/v2\/types\/page"}],"author":[{"embeddable":true,"href":"https:\/\/www.timken.com\/es\/wp-json\/wp\/v2\/users\/1"}],"replies":[{"embeddable":true,"href":"https:\/\/www.timken.com\/es\/wp-json\/wp\/v2\/comments?post=31413"}],"version-history":[{"count":0,"href":"https:\/\/www.timken.com\/es\/wp-json\/wp\/v2\/pages\/31413\/revisions"}],"wp:attachment":[{"href":"https:\/\/www.timken.com\/es\/wp-json\/wp\/v2\/media?parent=31413"}],"curies":[{"name":"wp","href":"https:\/\/api.w.org\/{rel}","templated":true}]}}