{"id":6776,"date":"2016-09-29T17:28:00","date_gmt":"2016-09-29T21:28:00","guid":{"rendered":"https:\/\/www.timken.com\/de\/?page_id=6776"},"modified":"2016-10-03T05:20:07","modified_gmt":"2016-10-03T09:20:07","slug":"unsere-unternehmensgeschichte","status":"publish","type":"page","link":"https:\/\/www.timken.com\/de\/ueber-uns\/unsere-unternehmensgeschichte\/","title":{"rendered":"Unsere Unternehmensgeschichte"},"content":{"rendered":"<p>Im Laufe der Jahre hat Timken den Erfolg seiner Kunden mit seiner klaren Vision, einer industriellen Ausrichtung, modernen Verfahren und globalem Wachstum gef\u00f6rdert. Nachstehend sind einige Beispiele daf\u00fcr aufgef\u00fchrt, wie das Unternehmen seit 1899 unterschiedliche Industriezweige weltweit vorangetrieben hat.<\/p>\n<h2>Klare Vision<\/h2>\n<p>Henry Timkens patentiertes Kegelrollenlager bildete die Grundlage der Timken Company.<\/p>\n<p>Seit 1899 haben wir unser Produktportfolio erheblich erweitert\u00a0\u2013 dies nicht nur durch Innovation und \u00dcbernahmen, sondern auch durch unsere Probleml\u00f6sungskompetenz.<\/p>\n<h2>Industrieausrichtung<\/h2>\n<p>In den 1920er Jahren fuhren 80 Prozent aller amerikanischen Autos mit W\u00e4lzlagern von Timken, und schnell gelang der Zugang zu neuen Industriem\u00e4rkten.\u00a0Heute treiben Timken-Lager die leistungsst\u00e4rksten Industriemaschinen an \u2013 in der Landwirtschaft ebenso wie im Weltall.<\/p>\n<h2>Moderne Verfahren<\/h2>\n<p>Durch die automatisierte Gro\u00dfserienfertigung von W\u00e4lzlagern bei hohem Produktionstempo erreichte Timken in den 1950er Jahren ein neues Produktivit\u00e4ts- und Gewinnniveau. Doch Timken h\u00f6rt nie auf, seine Produkte zu verbessern. 2014 haben wir die Initiative DeltaX umgesetzt, eine Investition mit dem Ziel, die Produktentwicklung und den Ausbau der Produktlinien zu beschleunigen.<\/p>\n<h2>Globales Wachstum<\/h2>\n<p>Mit einer Lizenzvereinbarung in England Anfang des 20. Jahrhunderts begann Timken mit der Erschlie\u00dfung ausl\u00e4ndischer M\u00e4rkte. Gr\u00f6\u00dfere Expansionen folgten in den 1960er Jahren und den darauf folgenden Jahrzehnten. Heute bedienen wir Kunden und M\u00e4rkte unterschiedlichster Branchen weltweit.<\/p>\n","protected":false},"excerpt":{"rendered":"<p>Im Laufe der Jahre hat Timken den Erfolg seiner Kunden mit seiner klaren Vision, einer industriellen Ausrichtung, modernen Verfahren und globalem Wachstum gef\u00f6rdert. Nachstehend sind einige Beispiele daf\u00fcr aufgef\u00fchrt, wie das Unternehmen seit 1899 unterschiedliche Industriezweige weltweit vorangetrieben hat. Klare Vision Henry Timkens patentiertes Kegelrollenlager bildete die Grundlage der Timken Company. Seit 1899 haben wir [&hellip;]<\/p>\n","protected":false},"author":1,"featured_media":0,"parent":471157,"menu_order":71,"comment_status":"closed","ping_status":"closed","template":"templates\/template-story.php","meta":{"_acf_changed":false,"_et_pb_use_builder":"","_et_pb_old_content":"","_et_gb_content_width":"","_oasis_is_in_workflow":0,"_oasis_original":0,"_oasis_task_priority":"2normal","footnotes":""},"class_list":["post-6776","page","type-page","status-publish","hentry"],"acf":[],"yoast_head":"<!-- This site is optimized with the Yoast SEO plugin v27.2 - https:\/\/yoast.com\/product\/yoast-seo-wordpress\/ -->\n<title>Unsere Unternehmensgeschichte | Die Entwicklung des Unternehmens Timken seit 1899<\/title>\n<meta name=\"description\" content=\"Seit mehr als 100 Jahren bietet Timken L\u00f6sungen, die den Alltag vereinfachen. Lesen Sie selbst, wie unser Unternehmen sich aus einem kleinen Familienbetrieb zu einem Fortune 500-Unternehmen entwickelte.\" \/>\n<meta name=\"robots\" content=\"noindex, nofollow\" \/>\n<meta property=\"og:locale\" content=\"de_DE\" \/>\n<meta property=\"og:type\" content=\"article\" \/>\n<meta property=\"og:title\" content=\"Unsere Unternehmensgeschichte | Die Entwicklung des Unternehmens Timken seit 1899\" \/>\n<meta property=\"og:description\" content=\"Seit mehr als 100 Jahren bietet Timken L\u00f6sungen, die den Alltag vereinfachen. Lesen Sie selbst, wie unser Unternehmen sich aus einem kleinen Familienbetrieb zu einem Fortune 500-Unternehmen entwickelte.\" \/>\n<meta property=\"og:url\" content=\"https:\/\/www.timken.com\/de\/ueber-uns\/unsere-unternehmensgeschichte\/\" \/>\n<meta property=\"og:site_name\" content=\"The Timken Company\" \/>\n<meta property=\"article:modified_time\" content=\"2016-10-03T09:20:07+00:00\" \/>\n<meta name=\"twitter:card\" content=\"summary_large_image\" \/>\n<meta name=\"twitter:label1\" content=\"Gesch\u00e4tzte Lesezeit\" \/>\n\t<meta name=\"twitter:data1\" content=\"1 Minute\" \/>\n<script type=\"application\/ld+json\" class=\"yoast-schema-graph\">{\"@context\":\"https:\/\/schema.org\",\"@graph\":[{\"@type\":\"WebPage\",\"@id\":\"https:\/\/www.timken.com\/de\/ueber-uns\/unsere-unternehmensgeschichte\/\",\"url\":\"https:\/\/www.timken.com\/de\/ueber-uns\/unsere-unternehmensgeschichte\/\",\"name\":\"Unsere Unternehmensgeschichte | Die Entwicklung des Unternehmens Timken seit 1899\",\"isPartOf\":{\"@id\":\"https:\/\/www.timken.com\/de\/#website\"},\"datePublished\":\"2016-09-29T21:28:00+00:00\",\"dateModified\":\"2016-10-03T09:20:07+00:00\",\"description\":\"Seit mehr als 100 Jahren bietet Timken L\u00f6sungen, die den Alltag vereinfachen. Lesen Sie selbst, wie unser Unternehmen sich aus einem kleinen Familienbetrieb zu einem Fortune 500-Unternehmen entwickelte.\",\"breadcrumb\":{\"@id\":\"https:\/\/www.timken.com\/de\/ueber-uns\/unsere-unternehmensgeschichte\/#breadcrumb\"},\"inLanguage\":\"de-DE\",\"potentialAction\":[{\"@type\":\"ReadAction\",\"target\":[\"https:\/\/www.timken.com\/de\/ueber-uns\/unsere-unternehmensgeschichte\/\"]}]},{\"@type\":\"BreadcrumbList\",\"@id\":\"https:\/\/www.timken.com\/de\/ueber-uns\/unsere-unternehmensgeschichte\/#breadcrumb\",\"itemListElement\":[{\"@type\":\"ListItem\",\"position\":1,\"name\":\"Home\",\"item\":\"https:\/\/www.timken.com\/de\/\"},{\"@type\":\"ListItem\",\"position\":2,\"name\":\"\u00dcber uns\",\"item\":\"https:\/\/www.timken.com\/de\/ueber-uns\/\"},{\"@type\":\"ListItem\",\"position\":3,\"name\":\"Unsere Unternehmensgeschichte\"}]},{\"@type\":\"WebSite\",\"@id\":\"https:\/\/www.timken.com\/de\/#website\",\"url\":\"https:\/\/www.timken.com\/de\/\",\"name\":\"The Timken Company\",\"description\":\"Stronger. By Design.\",\"publisher\":{\"@id\":\"https:\/\/www.timken.com\/de\/#organization\"},\"potentialAction\":[{\"@type\":\"SearchAction\",\"target\":{\"@type\":\"EntryPoint\",\"urlTemplate\":\"https:\/\/www.timken.com\/de\/?s={search_term_string}\"},\"query-input\":{\"@type\":\"PropertyValueSpecification\",\"valueRequired\":true,\"valueName\":\"search_term_string\"}}],\"inLanguage\":\"de-DE\"},{\"@type\":\"Organization\",\"@id\":\"https:\/\/www.timken.com\/de\/#organization\",\"name\":\"The Timken Company\",\"url\":\"https:\/\/www.timken.com\/de\/\",\"logo\":{\"@type\":\"ImageObject\",\"inLanguage\":\"de-DE\",\"@id\":\"https:\/\/www.timken.com\/de\/#\/schema\/logo\/image\/\",\"url\":\"https:\/\/www.timken.com\/wp-content\/uploads\/2016\/07\/Timken_logo.png\",\"contentUrl\":\"https:\/\/www.timken.com\/wp-content\/uploads\/2016\/07\/Timken_logo.png\",\"width\":173,\"height\":37,\"caption\":\"The Timken Company\"},\"image\":{\"@id\":\"https:\/\/www.timken.com\/de\/#\/schema\/logo\/image\/\"}}]}<\/script>\n<!-- \/ Yoast SEO plugin. -->","yoast_head_json":{"title":"Unsere Unternehmensgeschichte | Die Entwicklung des Unternehmens Timken seit 1899","description":"Seit mehr als 100 Jahren bietet Timken L\u00f6sungen, die den Alltag vereinfachen. Lesen Sie selbst, wie unser Unternehmen sich aus einem kleinen Familienbetrieb zu einem Fortune 500-Unternehmen entwickelte.","robots":{"index":"noindex","follow":"nofollow"},"og_locale":"de_DE","og_type":"article","og_title":"Unsere Unternehmensgeschichte | Die Entwicklung des Unternehmens Timken seit 1899","og_description":"Seit mehr als 100 Jahren bietet Timken L\u00f6sungen, die den Alltag vereinfachen. Lesen Sie selbst, wie unser Unternehmen sich aus einem kleinen Familienbetrieb zu einem Fortune 500-Unternehmen entwickelte.","og_url":"https:\/\/www.timken.com\/de\/ueber-uns\/unsere-unternehmensgeschichte\/","og_site_name":"The Timken Company","article_modified_time":"2016-10-03T09:20:07+00:00","twitter_card":"summary_large_image","twitter_misc":{"Gesch\u00e4tzte Lesezeit":"1 Minute"},"schema":{"@context":"https:\/\/schema.org","@graph":[{"@type":"WebPage","@id":"https:\/\/www.timken.com\/de\/ueber-uns\/unsere-unternehmensgeschichte\/","url":"https:\/\/www.timken.com\/de\/ueber-uns\/unsere-unternehmensgeschichte\/","name":"Unsere Unternehmensgeschichte | Die Entwicklung des Unternehmens Timken seit 1899","isPartOf":{"@id":"https:\/\/www.timken.com\/de\/#website"},"datePublished":"2016-09-29T21:28:00+00:00","dateModified":"2016-10-03T09:20:07+00:00","description":"Seit mehr als 100 Jahren bietet Timken L\u00f6sungen, die den Alltag vereinfachen. Lesen Sie selbst, wie unser Unternehmen sich aus einem kleinen Familienbetrieb zu einem Fortune 500-Unternehmen entwickelte.","breadcrumb":{"@id":"https:\/\/www.timken.com\/de\/ueber-uns\/unsere-unternehmensgeschichte\/#breadcrumb"},"inLanguage":"de-DE","potentialAction":[{"@type":"ReadAction","target":["https:\/\/www.timken.com\/de\/ueber-uns\/unsere-unternehmensgeschichte\/"]}]},{"@type":"BreadcrumbList","@id":"https:\/\/www.timken.com\/de\/ueber-uns\/unsere-unternehmensgeschichte\/#breadcrumb","itemListElement":[{"@type":"ListItem","position":1,"name":"Home","item":"https:\/\/www.timken.com\/de\/"},{"@type":"ListItem","position":2,"name":"\u00dcber uns","item":"https:\/\/www.timken.com\/de\/ueber-uns\/"},{"@type":"ListItem","position":3,"name":"Unsere Unternehmensgeschichte"}]},{"@type":"WebSite","@id":"https:\/\/www.timken.com\/de\/#website","url":"https:\/\/www.timken.com\/de\/","name":"The Timken Company","description":"Stronger. By Design.","publisher":{"@id":"https:\/\/www.timken.com\/de\/#organization"},"potentialAction":[{"@type":"SearchAction","target":{"@type":"EntryPoint","urlTemplate":"https:\/\/www.timken.com\/de\/?s={search_term_string}"},"query-input":{"@type":"PropertyValueSpecification","valueRequired":true,"valueName":"search_term_string"}}],"inLanguage":"de-DE"},{"@type":"Organization","@id":"https:\/\/www.timken.com\/de\/#organization","name":"The Timken Company","url":"https:\/\/www.timken.com\/de\/","logo":{"@type":"ImageObject","inLanguage":"de-DE","@id":"https:\/\/www.timken.com\/de\/#\/schema\/logo\/image\/","url":"https:\/\/www.timken.com\/wp-content\/uploads\/2016\/07\/Timken_logo.png","contentUrl":"https:\/\/www.timken.com\/wp-content\/uploads\/2016\/07\/Timken_logo.png","width":173,"height":37,"caption":"The Timken Company"},"image":{"@id":"https:\/\/www.timken.com\/de\/#\/schema\/logo\/image\/"}}]}},"_links":{"self":[{"href":"https:\/\/www.timken.com\/de\/wp-json\/wp\/v2\/pages\/6776","targetHints":{"allow":["GET"]}}],"collection":[{"href":"https:\/\/www.timken.com\/de\/wp-json\/wp\/v2\/pages"}],"about":[{"href":"https:\/\/www.timken.com\/de\/wp-json\/wp\/v2\/types\/page"}],"author":[{"embeddable":true,"href":"https:\/\/www.timken.com\/de\/wp-json\/wp\/v2\/users\/1"}],"replies":[{"embeddable":true,"href":"https:\/\/www.timken.com\/de\/wp-json\/wp\/v2\/comments?post=6776"}],"version-history":[{"count":0,"href":"https:\/\/www.timken.com\/de\/wp-json\/wp\/v2\/pages\/6776\/revisions"}],"up":[{"embeddable":true,"href":"https:\/\/www.timken.com\/de\/wp-json\/wp\/v2\/pages\/471157"}],"wp:attachment":[{"href":"https:\/\/www.timken.com\/de\/wp-json\/wp\/v2\/media?parent=6776"}],"curies":[{"name":"wp","href":"https:\/\/api.w.org\/{rel}","templated":true}]}}