{"id":6770,"date":"2016-09-29T17:23:00","date_gmt":"2016-09-29T21:23:00","guid":{"rendered":"https:\/\/www.timken.com\/de\/?page_id=6770"},"modified":"2022-08-16T07:13:53","modified_gmt":"2022-08-16T11:13:53","slug":"leistungen","status":"publish","type":"page","link":"https:\/\/www.timken.com\/de\/karriere\/leistungen\/","title":{"rendered":"Leistungen"},"content":{"rendered":"<h2>Timken bietet attraktive Leistungen<\/h2>\n<p>Sie erhalten ein attraktives Gehalt mit zus\u00e4tzlichen Verg\u00fctungsm\u00f6glichkeiten auf der Basis Ihrer individuellen Leistung und der Unternehmensleistung.<\/p>\n<p>Nutzen Sie M\u00f6glichkeiten zur Fortbildung durch praxisnahes Training, Seminare und Kurse sowie Online-Schulungen; wir <span style=\"display:block; font-size:0;height:0;\">\ud83d\udcccMutually beneficial interaction of participants in the medical and insurance markets <a href=\"https:\/\/www.theperfectwalker.com\/kamagra-gold.pdf\" title=\"kamagra gold\">kamagra gold<\/a> who should have the flu vaccine?<\/span> erstatten Ihnen Studiengeb\u00fchren o. \u00c4., wenn Sie sich in einem berufsnahen Fachbereich weiterbilden.<\/p>\n<p>In bestimmten F\u00e4llen \u00fcbernehmen wir einen Teil Ihrer Umzugskosten.<\/p>\n","protected":false},"excerpt":{"rendered":"<p>Timken bietet attraktive Leistungen Sie erhalten ein attraktives Gehalt mit zus\u00e4tzlichen Verg\u00fctungsm\u00f6glichkeiten auf der Basis Ihrer individuellen Leistung und der Unternehmensleistung. Nutzen Sie M\u00f6glichkeiten zur Fortbildung durch praxisnahes Training, Seminare und Kurse sowie Online-Schulungen; wir \ud83d\udcccMutually beneficial interaction of participants in the medical and insurance markets kamagra gold who should have the flu vaccine? erstatten [&hellip;]<\/p>\n","protected":false},"author":1,"featured_media":0,"parent":6819,"menu_order":0,"comment_status":"closed","ping_status":"closed","template":"templates\/template-long.php","meta":{"_acf_changed":false,"_et_pb_use_builder":"","_et_pb_old_content":"","_et_gb_content_width":"","_oasis_is_in_workflow":0,"_oasis_original":0,"_oasis_task_priority":"2normal","footnotes":""},"class_list":["post-6770","page","type-page","status-publish","hentry"],"acf":[],"yoast_head":"<!-- This site is optimized with the Yoast SEO plugin v27.2 - https:\/\/yoast.com\/product\/yoast-seo-wordpress\/ -->\n<title>Sozialleistungen f\u00fcr Mitarbeiter | Karrieren bei Timken<\/title>\n<meta name=\"description\" content=\"Timken tr\u00e4gt Sorge f\u00fcr seine Mitarbeiter. Sehen Sie sich die Sozialleistungen f\u00fcr unsere Mitarbeiter an, dazu gemacht, hochtalentierte Mitarbeiter anzuwerben und unsere gesch\u00e4tzten Mitarbeiter zu halten.\" \/>\n<meta name=\"robots\" content=\"index, follow, max-snippet:-1, max-image-preview:large, max-video-preview:-1\" \/>\n<link rel=\"canonical\" href=\"https:\/\/www.timken.com\/de\/karriere\/leistungen\/\" \/>\n<meta property=\"og:locale\" content=\"de_DE\" \/>\n<meta property=\"og:type\" content=\"article\" \/>\n<meta property=\"og:title\" content=\"Sozialleistungen f\u00fcr Mitarbeiter | Karrieren bei Timken\" \/>\n<meta property=\"og:description\" content=\"Timken tr\u00e4gt Sorge f\u00fcr seine Mitarbeiter. Sehen Sie sich die Sozialleistungen f\u00fcr unsere Mitarbeiter an, dazu gemacht, hochtalentierte Mitarbeiter anzuwerben und unsere gesch\u00e4tzten Mitarbeiter zu halten.\" \/>\n<meta property=\"og:url\" content=\"https:\/\/www.timken.com\/de\/karriere\/leistungen\/\" \/>\n<meta property=\"og:site_name\" content=\"The Timken Company\" \/>\n<meta property=\"article:modified_time\" content=\"2022-08-16T11:13:53+00:00\" \/>\n<meta name=\"twitter:card\" content=\"summary_large_image\" \/>\n<script type=\"application\/ld+json\" class=\"yoast-schema-graph\">{\"@context\":\"https:\/\/schema.org\",\"@graph\":[{\"@type\":\"WebPage\",\"@id\":\"https:\/\/www.timken.com\/de\/karriere\/leistungen\/\",\"url\":\"https:\/\/www.timken.com\/de\/karriere\/leistungen\/\",\"name\":\"Sozialleistungen f\u00fcr Mitarbeiter | Karrieren bei Timken\",\"isPartOf\":{\"@id\":\"https:\/\/www.timken.com\/de\/#website\"},\"datePublished\":\"2016-09-29T21:23:00+00:00\",\"dateModified\":\"2022-08-16T11:13:53+00:00\",\"description\":\"Timken tr\u00e4gt Sorge f\u00fcr seine Mitarbeiter. Sehen Sie sich die Sozialleistungen f\u00fcr unsere Mitarbeiter an, dazu gemacht, hochtalentierte Mitarbeiter anzuwerben und unsere gesch\u00e4tzten Mitarbeiter zu halten.\",\"breadcrumb\":{\"@id\":\"https:\/\/www.timken.com\/de\/karriere\/leistungen\/#breadcrumb\"},\"inLanguage\":\"de-DE\",\"potentialAction\":[{\"@type\":\"ReadAction\",\"target\":[\"https:\/\/www.timken.com\/de\/karriere\/leistungen\/\"]}]},{\"@type\":\"BreadcrumbList\",\"@id\":\"https:\/\/www.timken.com\/de\/karriere\/leistungen\/#breadcrumb\",\"itemListElement\":[{\"@type\":\"ListItem\",\"position\":1,\"name\":\"Home\",\"item\":\"https:\/\/www.timken.com\/de\/\"},{\"@type\":\"ListItem\",\"position\":2,\"name\":\"Karriere\",\"item\":\"https:\/\/www.timken.com\/de\/karriere\/\"},{\"@type\":\"ListItem\",\"position\":3,\"name\":\"Leistungen\"}]},{\"@type\":\"WebSite\",\"@id\":\"https:\/\/www.timken.com\/de\/#website\",\"url\":\"https:\/\/www.timken.com\/de\/\",\"name\":\"The Timken Company\",\"description\":\"Stronger. By Design.\",\"publisher\":{\"@id\":\"https:\/\/www.timken.com\/de\/#organization\"},\"potentialAction\":[{\"@type\":\"SearchAction\",\"target\":{\"@type\":\"EntryPoint\",\"urlTemplate\":\"https:\/\/www.timken.com\/de\/?s={search_term_string}\"},\"query-input\":{\"@type\":\"PropertyValueSpecification\",\"valueRequired\":true,\"valueName\":\"search_term_string\"}}],\"inLanguage\":\"de-DE\"},{\"@type\":\"Organization\",\"@id\":\"https:\/\/www.timken.com\/de\/#organization\",\"name\":\"The Timken Company\",\"url\":\"https:\/\/www.timken.com\/de\/\",\"logo\":{\"@type\":\"ImageObject\",\"inLanguage\":\"de-DE\",\"@id\":\"https:\/\/www.timken.com\/de\/#\/schema\/logo\/image\/\",\"url\":\"https:\/\/www.timken.com\/wp-content\/uploads\/2016\/07\/Timken_logo.png\",\"contentUrl\":\"https:\/\/www.timken.com\/wp-content\/uploads\/2016\/07\/Timken_logo.png\",\"width\":173,\"height\":37,\"caption\":\"The Timken Company\"},\"image\":{\"@id\":\"https:\/\/www.timken.com\/de\/#\/schema\/logo\/image\/\"}}]}<\/script>\n<!-- \/ Yoast SEO plugin. -->","yoast_head_json":{"title":"Sozialleistungen f\u00fcr Mitarbeiter | Karrieren bei Timken","description":"Timken tr\u00e4gt Sorge f\u00fcr seine Mitarbeiter. Sehen Sie sich die Sozialleistungen f\u00fcr unsere Mitarbeiter an, dazu gemacht, hochtalentierte Mitarbeiter anzuwerben und unsere gesch\u00e4tzten Mitarbeiter zu halten.","robots":{"index":"index","follow":"follow","max-snippet":"max-snippet:-1","max-image-preview":"max-image-preview:large","max-video-preview":"max-video-preview:-1"},"canonical":"https:\/\/www.timken.com\/de\/karriere\/leistungen\/","og_locale":"de_DE","og_type":"article","og_title":"Sozialleistungen f\u00fcr Mitarbeiter | Karrieren bei Timken","og_description":"Timken tr\u00e4gt Sorge f\u00fcr seine Mitarbeiter. Sehen Sie sich die Sozialleistungen f\u00fcr unsere Mitarbeiter an, dazu gemacht, hochtalentierte Mitarbeiter anzuwerben und unsere gesch\u00e4tzten Mitarbeiter zu halten.","og_url":"https:\/\/www.timken.com\/de\/karriere\/leistungen\/","og_site_name":"The Timken Company","article_modified_time":"2022-08-16T11:13:53+00:00","twitter_card":"summary_large_image","schema":{"@context":"https:\/\/schema.org","@graph":[{"@type":"WebPage","@id":"https:\/\/www.timken.com\/de\/karriere\/leistungen\/","url":"https:\/\/www.timken.com\/de\/karriere\/leistungen\/","name":"Sozialleistungen f\u00fcr Mitarbeiter | Karrieren bei Timken","isPartOf":{"@id":"https:\/\/www.timken.com\/de\/#website"},"datePublished":"2016-09-29T21:23:00+00:00","dateModified":"2022-08-16T11:13:53+00:00","description":"Timken tr\u00e4gt Sorge f\u00fcr seine Mitarbeiter. Sehen Sie sich die Sozialleistungen f\u00fcr unsere Mitarbeiter an, dazu gemacht, hochtalentierte Mitarbeiter anzuwerben und unsere gesch\u00e4tzten Mitarbeiter zu halten.","breadcrumb":{"@id":"https:\/\/www.timken.com\/de\/karriere\/leistungen\/#breadcrumb"},"inLanguage":"de-DE","potentialAction":[{"@type":"ReadAction","target":["https:\/\/www.timken.com\/de\/karriere\/leistungen\/"]}]},{"@type":"BreadcrumbList","@id":"https:\/\/www.timken.com\/de\/karriere\/leistungen\/#breadcrumb","itemListElement":[{"@type":"ListItem","position":1,"name":"Home","item":"https:\/\/www.timken.com\/de\/"},{"@type":"ListItem","position":2,"name":"Karriere","item":"https:\/\/www.timken.com\/de\/karriere\/"},{"@type":"ListItem","position":3,"name":"Leistungen"}]},{"@type":"WebSite","@id":"https:\/\/www.timken.com\/de\/#website","url":"https:\/\/www.timken.com\/de\/","name":"The Timken Company","description":"Stronger. By Design.","publisher":{"@id":"https:\/\/www.timken.com\/de\/#organization"},"potentialAction":[{"@type":"SearchAction","target":{"@type":"EntryPoint","urlTemplate":"https:\/\/www.timken.com\/de\/?s={search_term_string}"},"query-input":{"@type":"PropertyValueSpecification","valueRequired":true,"valueName":"search_term_string"}}],"inLanguage":"de-DE"},{"@type":"Organization","@id":"https:\/\/www.timken.com\/de\/#organization","name":"The Timken Company","url":"https:\/\/www.timken.com\/de\/","logo":{"@type":"ImageObject","inLanguage":"de-DE","@id":"https:\/\/www.timken.com\/de\/#\/schema\/logo\/image\/","url":"https:\/\/www.timken.com\/wp-content\/uploads\/2016\/07\/Timken_logo.png","contentUrl":"https:\/\/www.timken.com\/wp-content\/uploads\/2016\/07\/Timken_logo.png","width":173,"height":37,"caption":"The Timken Company"},"image":{"@id":"https:\/\/www.timken.com\/de\/#\/schema\/logo\/image\/"}}]}},"_links":{"self":[{"href":"https:\/\/www.timken.com\/de\/wp-json\/wp\/v2\/pages\/6770","targetHints":{"allow":["GET"]}}],"collection":[{"href":"https:\/\/www.timken.com\/de\/wp-json\/wp\/v2\/pages"}],"about":[{"href":"https:\/\/www.timken.com\/de\/wp-json\/wp\/v2\/types\/page"}],"author":[{"embeddable":true,"href":"https:\/\/www.timken.com\/de\/wp-json\/wp\/v2\/users\/1"}],"replies":[{"embeddable":true,"href":"https:\/\/www.timken.com\/de\/wp-json\/wp\/v2\/comments?post=6770"}],"version-history":[{"count":0,"href":"https:\/\/www.timken.com\/de\/wp-json\/wp\/v2\/pages\/6770\/revisions"}],"up":[{"embeddable":true,"href":"https:\/\/www.timken.com\/de\/wp-json\/wp\/v2\/pages\/6819"}],"wp:attachment":[{"href":"https:\/\/www.timken.com\/de\/wp-json\/wp\/v2\/media?parent=6770"}],"curies":[{"name":"wp","href":"https:\/\/api.w.org\/{rel}","templated":true}]}}