{"id":461034,"date":"2021-08-19T11:45:26","date_gmt":"2021-08-19T15:45:26","guid":{"rendered":"https:\/\/www.timken.com\/?page_id=461034"},"modified":"2021-08-19T11:45:26","modified_gmt":"2021-08-19T15:45:26","slug":"barrierefreiheit","status":"publish","type":"page","link":"https:\/\/www.timken.com\/de\/barrierefreiheit\/","title":{"rendered":"Barrierefreiheit"},"content":{"rendered":"<p>Timken ist bestrebt, unsere Website f\u00fcr alle Besucher zug\u00e4nglich zu machen, auch f\u00fcr solche mit Behinderungen.<\/p>\n<p>In \u00dcbereinstimmung mit diesem Ziel haben wir eine Reihe von Ma\u00dfnahmen ergriffen, einschlie\u00dflich der Verwendung von Tools von Drittanbietern, um die Benutzerfreundlichkeit unserer Website f\u00fcr diejenigen zu verbessern, die mithilfe von Hilfstechnologien auf das Internet zugreifen.<\/p>\n<p>Bitte kontaktieren Sie uns, wenn Sie Schwierigkeiten beim Zugriff auf Inhalte dieser Website haben, damit wir die von Ihnen angeforderten Informationen auf andere Weise bereitstellen k\u00f6nnen.<\/p>\n<p><u>Hauptseite und Timken Karriere<\/u><\/p>\n<p>Wenn Sie eine Behinderung haben und Hilfe beim Zugriff auf Inhalte unserer Hauptseite oder der Timken Careers-Site ben\u00f6tigen, rufen Sie bitte (888) 201-5342 an.<\/p>\n<p><u>Investoren-Website<\/u><\/p>\n<p>Wenn Sie als Investor oder potenzieller Investor Fragen zu unserem Unternehmen haben, aber nicht vollst\u00e4ndig auf die Inhalte unserer Investoren-Website zugreifen k\u00f6nnen, wenden Sie sich bitte an Neil Frohnapple, Director &#8211; Investor Relations, unter (234) 262-2310.<\/p>\n","protected":false},"excerpt":{"rendered":"<p>Timken ist bestrebt, unsere Website f\u00fcr alle Besucher zug\u00e4nglich zu machen, auch f\u00fcr solche mit Behinderungen. In \u00dcbereinstimmung mit diesem Ziel haben wir eine Reihe von Ma\u00dfnahmen ergriffen, einschlie\u00dflich der Verwendung von Tools von Drittanbietern, um die Benutzerfreundlichkeit unserer Website f\u00fcr diejenigen zu verbessern, die mithilfe von Hilfstechnologien auf das Internet zugreifen. Bitte kontaktieren Sie [&hellip;]<\/p>\n","protected":false},"author":51,"featured_media":0,"parent":0,"menu_order":20,"comment_status":"closed","ping_status":"closed","template":"","meta":{"_acf_changed":false,"_et_pb_use_builder":"","_et_pb_old_content":"","_et_gb_content_width":"","_oasis_is_in_workflow":0,"_oasis_original":0,"_oasis_task_priority":"","footnotes":""},"class_list":["post-461034","page","type-page","status-publish","hentry"],"acf":[],"yoast_head":"<!-- This site is optimized with the Yoast SEO plugin v27.2 - https:\/\/yoast.com\/product\/yoast-seo-wordpress\/ -->\n<title>Barrierefreiheit - The Timken Company<\/title>\n<meta name=\"description\" content=\"Timken ist bestrebt, unsere Website f\u00fcr alle Besucher zug\u00e4nglich zu machen, auch f\u00fcr solche mit Behinderungen. In \u00dcbereinstimmung mit diesem Ziel haben\" \/>\n<meta name=\"robots\" content=\"index, follow, max-snippet:-1, max-image-preview:large, max-video-preview:-1\" \/>\n<link rel=\"canonical\" href=\"https:\/\/www.timken.com\/de\/barrierefreiheit\/\" \/>\n<meta property=\"og:locale\" content=\"de_DE\" \/>\n<meta property=\"og:type\" content=\"article\" \/>\n<meta property=\"og:title\" content=\"Barrierefreiheit - The Timken Company\" \/>\n<meta property=\"og:description\" content=\"Timken ist bestrebt, unsere Website f\u00fcr alle Besucher zug\u00e4nglich zu machen, auch f\u00fcr solche mit Behinderungen. In \u00dcbereinstimmung mit diesem Ziel haben\" \/>\n<meta property=\"og:url\" content=\"https:\/\/www.timken.com\/de\/barrierefreiheit\/\" \/>\n<meta property=\"og:site_name\" content=\"The Timken Company\" \/>\n<meta name=\"twitter:card\" content=\"summary_large_image\" \/>\n<meta name=\"twitter:label1\" content=\"Gesch\u00e4tzte Lesezeit\" \/>\n\t<meta name=\"twitter:data1\" content=\"1 Minute\" \/>\n<script type=\"application\/ld+json\" class=\"yoast-schema-graph\">{\"@context\":\"https:\/\/schema.org\",\"@graph\":[{\"@type\":\"WebPage\",\"@id\":\"https:\/\/www.timken.com\/de\/barrierefreiheit\/\",\"url\":\"https:\/\/www.timken.com\/de\/barrierefreiheit\/\",\"name\":\"Barrierefreiheit - The Timken Company\",\"isPartOf\":{\"@id\":\"https:\/\/www.timken.com\/de\/#website\"},\"datePublished\":\"2021-08-19T15:45:26+00:00\",\"description\":\"Timken ist bestrebt, unsere Website f\u00fcr alle Besucher zug\u00e4nglich zu machen, auch f\u00fcr solche mit Behinderungen. In \u00dcbereinstimmung mit diesem Ziel haben\",\"breadcrumb\":{\"@id\":\"https:\/\/www.timken.com\/de\/barrierefreiheit\/#breadcrumb\"},\"inLanguage\":\"de-DE\",\"potentialAction\":[{\"@type\":\"ReadAction\",\"target\":[\"https:\/\/www.timken.com\/de\/barrierefreiheit\/\"]}]},{\"@type\":\"BreadcrumbList\",\"@id\":\"https:\/\/www.timken.com\/de\/barrierefreiheit\/#breadcrumb\",\"itemListElement\":[{\"@type\":\"ListItem\",\"position\":1,\"name\":\"Home\",\"item\":\"https:\/\/www.timken.com\/de\/\"},{\"@type\":\"ListItem\",\"position\":2,\"name\":\"Barrierefreiheit\"}]},{\"@type\":\"WebSite\",\"@id\":\"https:\/\/www.timken.com\/de\/#website\",\"url\":\"https:\/\/www.timken.com\/de\/\",\"name\":\"The Timken Company\",\"description\":\"Stronger. By Design.\",\"publisher\":{\"@id\":\"https:\/\/www.timken.com\/de\/#organization\"},\"potentialAction\":[{\"@type\":\"SearchAction\",\"target\":{\"@type\":\"EntryPoint\",\"urlTemplate\":\"https:\/\/www.timken.com\/de\/?s={search_term_string}\"},\"query-input\":{\"@type\":\"PropertyValueSpecification\",\"valueRequired\":true,\"valueName\":\"search_term_string\"}}],\"inLanguage\":\"de-DE\"},{\"@type\":\"Organization\",\"@id\":\"https:\/\/www.timken.com\/de\/#organization\",\"name\":\"The Timken Company\",\"url\":\"https:\/\/www.timken.com\/de\/\",\"logo\":{\"@type\":\"ImageObject\",\"inLanguage\":\"de-DE\",\"@id\":\"https:\/\/www.timken.com\/de\/#\/schema\/logo\/image\/\",\"url\":\"https:\/\/www.timken.com\/wp-content\/uploads\/2016\/07\/Timken_logo.png\",\"contentUrl\":\"https:\/\/www.timken.com\/wp-content\/uploads\/2016\/07\/Timken_logo.png\",\"width\":173,\"height\":37,\"caption\":\"The Timken Company\"},\"image\":{\"@id\":\"https:\/\/www.timken.com\/de\/#\/schema\/logo\/image\/\"}}]}<\/script>\n<!-- \/ Yoast SEO plugin. -->","yoast_head_json":{"title":"Barrierefreiheit - The Timken Company","description":"Timken ist bestrebt, unsere Website f\u00fcr alle Besucher zug\u00e4nglich zu machen, auch f\u00fcr solche mit Behinderungen. In \u00dcbereinstimmung mit diesem Ziel haben","robots":{"index":"index","follow":"follow","max-snippet":"max-snippet:-1","max-image-preview":"max-image-preview:large","max-video-preview":"max-video-preview:-1"},"canonical":"https:\/\/www.timken.com\/de\/barrierefreiheit\/","og_locale":"de_DE","og_type":"article","og_title":"Barrierefreiheit - The Timken Company","og_description":"Timken ist bestrebt, unsere Website f\u00fcr alle Besucher zug\u00e4nglich zu machen, auch f\u00fcr solche mit Behinderungen. In \u00dcbereinstimmung mit diesem Ziel haben","og_url":"https:\/\/www.timken.com\/de\/barrierefreiheit\/","og_site_name":"The Timken Company","twitter_card":"summary_large_image","twitter_misc":{"Gesch\u00e4tzte Lesezeit":"1 Minute"},"schema":{"@context":"https:\/\/schema.org","@graph":[{"@type":"WebPage","@id":"https:\/\/www.timken.com\/de\/barrierefreiheit\/","url":"https:\/\/www.timken.com\/de\/barrierefreiheit\/","name":"Barrierefreiheit - The Timken Company","isPartOf":{"@id":"https:\/\/www.timken.com\/de\/#website"},"datePublished":"2021-08-19T15:45:26+00:00","description":"Timken ist bestrebt, unsere Website f\u00fcr alle Besucher zug\u00e4nglich zu machen, auch f\u00fcr solche mit Behinderungen. In \u00dcbereinstimmung mit diesem Ziel haben","breadcrumb":{"@id":"https:\/\/www.timken.com\/de\/barrierefreiheit\/#breadcrumb"},"inLanguage":"de-DE","potentialAction":[{"@type":"ReadAction","target":["https:\/\/www.timken.com\/de\/barrierefreiheit\/"]}]},{"@type":"BreadcrumbList","@id":"https:\/\/www.timken.com\/de\/barrierefreiheit\/#breadcrumb","itemListElement":[{"@type":"ListItem","position":1,"name":"Home","item":"https:\/\/www.timken.com\/de\/"},{"@type":"ListItem","position":2,"name":"Barrierefreiheit"}]},{"@type":"WebSite","@id":"https:\/\/www.timken.com\/de\/#website","url":"https:\/\/www.timken.com\/de\/","name":"The Timken Company","description":"Stronger. By Design.","publisher":{"@id":"https:\/\/www.timken.com\/de\/#organization"},"potentialAction":[{"@type":"SearchAction","target":{"@type":"EntryPoint","urlTemplate":"https:\/\/www.timken.com\/de\/?s={search_term_string}"},"query-input":{"@type":"PropertyValueSpecification","valueRequired":true,"valueName":"search_term_string"}}],"inLanguage":"de-DE"},{"@type":"Organization","@id":"https:\/\/www.timken.com\/de\/#organization","name":"The Timken Company","url":"https:\/\/www.timken.com\/de\/","logo":{"@type":"ImageObject","inLanguage":"de-DE","@id":"https:\/\/www.timken.com\/de\/#\/schema\/logo\/image\/","url":"https:\/\/www.timken.com\/wp-content\/uploads\/2016\/07\/Timken_logo.png","contentUrl":"https:\/\/www.timken.com\/wp-content\/uploads\/2016\/07\/Timken_logo.png","width":173,"height":37,"caption":"The Timken Company"},"image":{"@id":"https:\/\/www.timken.com\/de\/#\/schema\/logo\/image\/"}}]}},"_links":{"self":[{"href":"https:\/\/www.timken.com\/de\/wp-json\/wp\/v2\/pages\/461034","targetHints":{"allow":["GET"]}}],"collection":[{"href":"https:\/\/www.timken.com\/de\/wp-json\/wp\/v2\/pages"}],"about":[{"href":"https:\/\/www.timken.com\/de\/wp-json\/wp\/v2\/types\/page"}],"author":[{"embeddable":true,"href":"https:\/\/www.timken.com\/de\/wp-json\/wp\/v2\/users\/51"}],"replies":[{"embeddable":true,"href":"https:\/\/www.timken.com\/de\/wp-json\/wp\/v2\/comments?post=461034"}],"version-history":[{"count":0,"href":"https:\/\/www.timken.com\/de\/wp-json\/wp\/v2\/pages\/461034\/revisions"}],"wp:attachment":[{"href":"https:\/\/www.timken.com\/de\/wp-json\/wp\/v2\/media?parent=461034"}],"curies":[{"name":"wp","href":"https:\/\/api.w.org\/{rel}","templated":true}]}}